{"id":1188,"date":"2024-03-17T10:00:53","date_gmt":"2024-03-17T10:00:53","guid":{"rendered":"https:\/\/www.experttutor.online\/?post_type=product&#038;p=1188"},"modified":"2024-03-17T10:21:24","modified_gmt":"2024-03-17T10:21:24","slug":"cinsky-jazyk-doucovanie-s-katkou","status":"publish","type":"product","link":"https:\/\/www.experttutor.online\/en\/product\/cinsky-jazyk-doucovanie-s-katkou\/","title":{"rendered":"Chinese language - tutoring with Katka"},"content":{"rendered":"<p><strong>Chinese language teacher<\/strong>,<\/p>\n<p><strong>Tutoring age category:<\/strong> all<\/p>\n<p><strong>Teaching level:<\/strong> From beginners to advanced<\/p>\n<p><strong>Location where I teach: <\/strong>Tianjin China + online<\/p>\n<p><strong>Length of lesson:<\/strong>\u00a0 60 minutes<\/p>\n<p><strong>Discounts:<\/strong> If someone studies at least 3 hours a week, then 60 min = 25\u20ac<\/p>\n<p><strong>Tutor description:<\/strong> Good day. My name is Katar\u00edna Sl\u00e1de\u010dkov\u00e1 and my hobby, but also my job, is learning the Chinese language. I have two master's degrees obtained from a university in China (Tianjin university), namely an MBA in English (master of business communication) and a Chinese language teaching (MTCSOL) taught in Chinese language. I have 10 years of experience in teaching Chinese, Slovak for foreigners, especially Chinese, and English. 15 years of experience writing articles and product descriptions. I also have experience in interpreting and translating. In addition to all this, I am also the author of the first Slovakian-Chinese bilingual fiction entitled Slovak Woman in the Land of the Dragon. So, as you can see, my hobbies are writing articles and stories as well as learning Chinese.<br \/>\nExperience: I am currently a student and currently studying Chinese language teaching in China (final year). At the same time, I have 10 years of teaching experience.<\/p>\n<p><strong>Topics and areas of tutoring:<\/strong> Chinese language, Chinese culture, Chinese language tutoring, Chinese language for beginners...<\/p>\n<p>Students will learn to read, write, listen and speak. It is therefore a comprehensive course, unless the student wishes otherwise<\/p>\n<p>Group: If there is interest in group lessons, I can do group lessons from 2 to 30 students.<\/p>\n<p><strong>Form of tutoring:<\/strong> online<\/p>\n<p><strong>Tutoring in languages:<\/strong>\u00a0 Slovak, English, Chinese<\/p>\n<p><strong>Availability:<\/strong><\/p>\n<p>Monday: 5:00-15:00<br \/>\nTuesday 5:00-14:00<br \/>\nWednesday 5:00-15:00<br \/>\nThursday 5:00-13:00<br \/>\nFriday 5:00-17:00<\/p>","protected":false},"featured_media":1190,"comment_status":"open","ping_status":"closed","template":"","meta":[],"product_brand":[],"product_cat":[172,171,52,122,143],"product_tag":[175,174,173,71],"class_list":{"0":"post-1188","1":"product","2":"type-product","3":"status-publish","4":"has-post-thumbnail","6":"product_cat-cina","7":"product_cat-cinsky-jazyk","8":"product_cat-jazyky","9":"product_cat-online","10":"product_cat-slovensko","11":"product_tag-cina","12":"product_tag-cinsky-jazyk","13":"product_tag-cinstina","14":"product_tag-online","16":"first","17":"instock","18":"sale","19":"virtual","20":"taxable","21":"purchasable","22":"product-type-simple"},"_links":{"self":[{"href":"https:\/\/www.experttutor.online\/en\/wp-json\/wp\/v2\/product\/1188","targetHints":{"allow":["GET"]}}],"collection":[{"href":"https:\/\/www.experttutor.online\/en\/wp-json\/wp\/v2\/product"}],"about":[{"href":"https:\/\/www.experttutor.online\/en\/wp-json\/wp\/v2\/types\/product"}],"replies":[{"embeddable":true,"href":"https:\/\/www.experttutor.online\/en\/wp-json\/wp\/v2\/comments?post=1188"}],"wp:featuredmedia":[{"embeddable":true,"href":"https:\/\/www.experttutor.online\/en\/wp-json\/wp\/v2\/media\/1190"}],"wp:attachment":[{"href":"https:\/\/www.experttutor.online\/en\/wp-json\/wp\/v2\/media?parent=1188"}],"wp:term":[{"taxonomy":"product_brand","embeddable":true,"href":"https:\/\/www.experttutor.online\/en\/wp-json\/wp\/v2\/product_brand?post=1188"},{"taxonomy":"product_cat","embeddable":true,"href":"https:\/\/www.experttutor.online\/en\/wp-json\/wp\/v2\/product_cat?post=1188"},{"taxonomy":"product_tag","embeddable":true,"href":"https:\/\/www.experttutor.online\/en\/wp-json\/wp\/v2\/product_tag?post=1188"}],"curies":[{"name":"wp","href":"https:\/\/api.w.org\/{rel}","templated":true}]}}