{"id":1442,"date":"2024-04-17T14:11:41","date_gmt":"2024-04-17T14:11:41","guid":{"rendered":"https:\/\/www.experttutor.online\/?post_type=product&#038;p=1442"},"modified":"2024-04-17T14:50:14","modified_gmt":"2024-04-17T14:50:14","slug":"slovensky-jazyk-a-literatura-doucovanie-s-martinou","status":"publish","type":"product","link":"https:\/\/www.experttutor.online\/en\/product\/slovensky-jazyk-a-literatura-doucovanie-s-martinou\/","title":{"rendered":"Slovensk\u00fd jazyk a literat\u00fara &#8211; dou\u010dovanie s Martinou"},"content":{"rendered":"<p><strong>Slovak language teacher<\/strong><\/p>\n<p>Slovensk\u00fd jazyk a literat\u00fara \u2013 kvalitn\u00e9 dou\u010dovanie u\u010dite\u013ekou s priate\u013esk\u00fdm pr\u00edstupom<\/p>\n<p><strong>Tutoring age category:<\/strong>8 \u2013 15 rokov<\/p>\n<p><strong>Teaching level:<\/strong>\u00a0 1. \u2013 2. stupe\u0148 Z\u0160\u00a0 \u00a0+\u00a0 domo\u0161kol\u00e1ci<\/p>\n<p><strong>Location where I teach: <\/strong>\u00a0online<\/p>\n<p><strong>Length of lesson:<\/strong>\u00a0 60 minutes<\/p>\n<p><strong>Discounts:<\/strong> during group tutoring<\/p>\n<p>H\u013ead\u00e1te kvalitn\u00e9 dou\u010dovanie sloven\u010diny (5. \u2013 9. ro\u010d. Z\u0160)??? Rada v\u00e1m pom\u00f4\u017eem.<br \/>\n<img decoding=\"async\" class=\"wp-smiley\" src=\"https:\/\/s.w.org\/images\/core\/emoji\/15.0.3\/72x72\/1f449.png\" alt=\"\ud83d\udc49\" width=\"20\" height=\"20\" \/> Moje benefity:<br \/>\n<img decoding=\"async\" class=\"wp-smiley\" src=\"https:\/\/s.w.org\/images\/core\/emoji\/15.0.3\/72x72\/2705.png\" alt=\"\u2705\" width=\"22\" height=\"22\" \/> ako u\u010dite\u013eka s 2. atest\u00e1ciou a 20-ro\u010dnou praxou v \u0161kolstve m\u00e1m perfektn\u00fd preh\u013ead o tom, \u010do maj\u00fa deti zo SJL ovl\u00e1da\u0165 a \u010do im rob\u00ed probl\u00e9my<br \/>\n<img decoding=\"async\" class=\"wp-smiley\" src=\"https:\/\/s.w.org\/images\/core\/emoji\/15.0.3\/72x72\/2705.png\" alt=\"\u2705\" width=\"20\" height=\"20\" \/> m\u00e1m mnohoro\u010dn\u00e9 sk\u00fasenosti s online dou\u010dovan\u00edm<br \/>\n<img decoding=\"async\" class=\"wp-smiley\" src=\"https:\/\/s.w.org\/images\/core\/emoji\/15.0.3\/72x72\/2705.png\" alt=\"\u2705\" width=\"20\" height=\"20\" \/> k de\u0165om m\u00e1m priate\u013esk\u00fd pr\u00edstup<br \/>\n<img loading=\"lazy\" decoding=\"async\" class=\"wp-smiley\" src=\"https:\/\/s.w.org\/images\/core\/emoji\/15.0.3\/72x72\/2705.png\" alt=\"\u2705\" width=\"21\" height=\"21\" \/> u\u010divo vysvet\u013eujem zrozumite\u013ene<br \/>\n<img decoding=\"async\" class=\"wp-smiley\" src=\"https:\/\/s.w.org\/images\/core\/emoji\/15.0.3\/72x72\/2705.png\" alt=\"\u2705\" width=\"20\" height=\"20\" \/> pri v\u00fdu\u010dbe pou\u017e\u00edvam svoje overen\u00e9 met\u00f3dy (som taktie\u017e tvorca testov\u00fdch \u00faloh)<br \/>\n<img decoding=\"async\" class=\"wp-smiley\" src=\"https:\/\/s.w.org\/images\/core\/emoji\/15.0.3\/72x72\/2705.png\" alt=\"\u2705\" width=\"20\" height=\"20\" \/> pon\u00fakam istotu, \u017ee va\u0161e die\u0165a bude ma\u0165 precvi\u010den\u00e9 ka\u017ed\u00e9 u\u010divo a zrozumite\u013ene vysvetlen\u00e9 v\u0161etko, \u010domu neporozumelo v \u0161kole.<br \/>\n<img loading=\"lazy\" decoding=\"async\" class=\"wp-smiley\" src=\"https:\/\/s.w.org\/images\/core\/emoji\/15.0.3\/72x72\/1f49e.png\" alt=\"\ud83d\udc9e\" width=\"20\" height=\"20\" \/> Te\u0161\u00edm sa na spolupr\u00e1cu!<\/p>\n<p>S online dou\u010dovan\u00edm \u017eiakov m\u00e1m ve\u013emi dobr\u00e9 sk\u00fasenosti aj recenzie zo strany det\u00ed a rodi\u010dov. U\u010divo viem vysvetli\u0165 zrozumite\u013ene, s de\u0165mi si v\u0161etko precvi\u010d\u00edm. So mnou si sloven\u010dinu ob\u013e\u00fabia.<\/p>\n<p><strong>Practice:<\/strong><\/p>\n<p>Som u\u010dite\u013eka s 20-ro\u010dnou praxou v \u0161kolstve, moment\u00e1lne sa profesion\u00e1lne venujem online v\u00fdu\u010dbe\/dou\u010dovaniu sloven\u010diny.<\/p>\n<p><strong>Topics and areas of tutoring:<\/strong><\/p>\n<p>Vyu\u010dujem slovensk\u00fd jazyk a literat\u00faru, a to v s\u00falade so \u0160VP. Ako u\u010dite\u013eka s mnohoro\u010dnou praxou viem presne, \u010do maj\u00fa deti ovl\u00e1da\u0165 v jednotliv\u00fdch ro\u010dn\u00edkoch.<\/p>\n<p><strong>Skupina:<\/strong> Pon\u00fakam skupinov\u00e9 dou\u010dovanie sloven\u010diny pre jednotliv\u00e9 ro\u010dn\u00edky 2. stup\u0148a Z\u0160 (po\u010det v skupine: maxim\u00e1lne 5 \u2013 7 det\u00ed).<\/p>\n<p><strong>Form of tutoring:<\/strong> online<\/p>\n<p><strong>Tutoring in languages:<\/strong> Slovak<\/p>\n<p><strong>Availability:<\/strong> pondelok &#8211; \u0161tvrtok<\/p>","protected":false},"featured_media":1440,"comment_status":"open","ping_status":"closed","template":"","meta":[],"product_brand":[],"product_cat":[75,234,122,143,53],"product_tag":[65,71,66,64],"class_list":{"0":"post-1442","1":"product","2":"type-product","3":"status-publish","4":"has-post-thumbnail","6":"product_cat-lokalita","7":"product_cat-lucenec","8":"product_cat-online","9":"product_cat-slovensko","10":"product_cat-slovensky-jazyk-a-literatura","11":"product_tag-literatura","12":"product_tag-online","13":"product_tag-slovencina","14":"product_tag-slovensky-jazyk","15":"pa_balicek-hodin-so-zlavou-1-hodina","16":"pa_balicek-hodin-so-zlavou-balicek-10-hodin","17":"pa_balicek-hodin-so-zlavou-balicek-5-hodin","18":"pa_osobne-online-online","19":"pa_osobne-online-osobne","20":"pa_viac-ziakov-na-hodine-1-ziak","21":"pa_viac-ziakov-na-hodine-2-ziaci","22":"pa_viac-ziakov-na-hodine-3-ziaci","23":"pa_viac-ziakov-na-hodine-4-ziaci","24":"pa_viac-ziakov-na-hodine-5-ziakov","26":"first","27":"instock","28":"taxable","29":"shipping-taxable","30":"purchasable","31":"product-type-variable"},"_links":{"self":[{"href":"https:\/\/www.experttutor.online\/en\/wp-json\/wp\/v2\/product\/1442","targetHints":{"allow":["GET"]}}],"collection":[{"href":"https:\/\/www.experttutor.online\/en\/wp-json\/wp\/v2\/product"}],"about":[{"href":"https:\/\/www.experttutor.online\/en\/wp-json\/wp\/v2\/types\/product"}],"replies":[{"embeddable":true,"href":"https:\/\/www.experttutor.online\/en\/wp-json\/wp\/v2\/comments?post=1442"}],"wp:featuredmedia":[{"embeddable":true,"href":"https:\/\/www.experttutor.online\/en\/wp-json\/wp\/v2\/media\/1440"}],"wp:attachment":[{"href":"https:\/\/www.experttutor.online\/en\/wp-json\/wp\/v2\/media?parent=1442"}],"wp:term":[{"taxonomy":"product_brand","embeddable":true,"href":"https:\/\/www.experttutor.online\/en\/wp-json\/wp\/v2\/product_brand?post=1442"},{"taxonomy":"product_cat","embeddable":true,"href":"https:\/\/www.experttutor.online\/en\/wp-json\/wp\/v2\/product_cat?post=1442"},{"taxonomy":"product_tag","embeddable":true,"href":"https:\/\/www.experttutor.online\/en\/wp-json\/wp\/v2\/product_tag?post=1442"}],"curies":[{"name":"wp","href":"https:\/\/api.w.org\/{rel}","templated":true}]}}