{"id":640,"date":"2023-12-28T10:51:38","date_gmt":"2023-12-28T10:51:38","guid":{"rendered":"https:\/\/www.experttutor.online\/?post_type=product&#038;p=640"},"modified":"2024-01-03T01:56:14","modified_gmt":"2024-01-03T01:56:14","slug":"spanielcina-pre-vsetkych","status":"publish","type":"product","link":"https:\/\/www.experttutor.online\/en\/product\/spanielcina-pre-vsetkych\/","title":{"rendered":"Spanish language for everyone  - Tutoring with Michal"},"content":{"rendered":"<p><strong>U\u010dite\u013e \u0161panielskeho a slovensk\u00e9ho jazyka<\/strong><\/p>\n<p><strong>Tutoring age category:<\/strong> ktoko\u013evek bez obmedzen\u00ed<\/p>\n<p><strong>Teaching level:<\/strong> za\u010diato\u010dn\u00edci, pokro\u010dil\u00ed<\/p>\n<p><strong>Location where I teach:<\/strong>\u00a0Bratislava<\/p>\n<p><strong>Length of lesson:<\/strong> 45min (25eur) a 90 min. (50 eur)<\/p>\n<p><strong>Discounts:<\/strong> 10% pri predplaten\u00ed si minim\u00e1lne 10 hod\u00edn.<\/p>\n<p><strong>Tutor description:<\/strong> 7-ro\u010dn\u00e9 sk\u00fasenosti s v\u00fdu\u010dbou \u0161paniel\u010diny, ro\u010dn\u00e9 sk\u00fasenosti so sloven\u010dinou.<\/p>\n<p>Latinskej Amerike sa venujem cel\u00fd \u017eivot, cestujem tam u\u017e 10 rokov a v\u010faka tomu m\u00e1m ve\u013ek\u00e9 sk\u00fasenosti v oblasti jazyka a jeho r\u00f4znych foriem pou\u017eitia.<\/p>\n<p><strong>Topics and areas of tutoring:<\/strong> gramatika plus komunik\u00e1cia o v\u0161etkom potrebnom<\/p>\n<p><strong>Form of tutoring:<\/strong> online (prezen\u010dne len v r\u00e1mci Bratislavy za pr\u00edplatok a v minim\u00e1lnom rozsahu 90 min\u00fat)<\/p>\n<p><strong>Tutoring in languages:<\/strong> Slovensk\u00fd , \u0160panielsky<\/p>\n<p><strong>Availability:<\/strong> Pondelok \u2013 Nede\u013ea\u00a0 od 7:00 &#8211; 19:00<\/p>","protected":false},"featured_media":642,"comment_status":"open","ping_status":"closed","template":"","meta":[],"product_brand":[],"product_cat":[80,52,75,57],"product_tag":[71,72,81,82],"class_list":{"0":"post-640","1":"product","2":"type-product","3":"status-publish","4":"has-post-thumbnail","6":"product_cat-bratislava","7":"product_cat-jazyky","8":"product_cat-lokalita","9":"product_cat-spanielsky-jazyk","10":"product_tag-online","11":"product_tag-osobne-doucovanie-u-klienta-doma","12":"product_tag-spanielcina","13":"product_tag-spanielsky-jazyk","15":"first","16":"instock","17":"virtual","18":"taxable","19":"purchasable","20":"product-type-simple"},"_links":{"self":[{"href":"https:\/\/www.experttutor.online\/en\/wp-json\/wp\/v2\/product\/640","targetHints":{"allow":["GET"]}}],"collection":[{"href":"https:\/\/www.experttutor.online\/en\/wp-json\/wp\/v2\/product"}],"about":[{"href":"https:\/\/www.experttutor.online\/en\/wp-json\/wp\/v2\/types\/product"}],"replies":[{"embeddable":true,"href":"https:\/\/www.experttutor.online\/en\/wp-json\/wp\/v2\/comments?post=640"}],"wp:featuredmedia":[{"embeddable":true,"href":"https:\/\/www.experttutor.online\/en\/wp-json\/wp\/v2\/media\/642"}],"wp:attachment":[{"href":"https:\/\/www.experttutor.online\/en\/wp-json\/wp\/v2\/media?parent=640"}],"wp:term":[{"taxonomy":"product_brand","embeddable":true,"href":"https:\/\/www.experttutor.online\/en\/wp-json\/wp\/v2\/product_brand?post=640"},{"taxonomy":"product_cat","embeddable":true,"href":"https:\/\/www.experttutor.online\/en\/wp-json\/wp\/v2\/product_cat?post=640"},{"taxonomy":"product_tag","embeddable":true,"href":"https:\/\/www.experttutor.online\/en\/wp-json\/wp\/v2\/product_tag?post=640"}],"curies":[{"name":"wp","href":"https:\/\/api.w.org\/{rel}","templated":true}]}}