{"id":666,"date":"2023-12-29T21:36:14","date_gmt":"2023-12-29T21:36:14","guid":{"rendered":"https:\/\/www.experttutor.online\/?post_type=product&#038;p=666"},"modified":"2023-12-30T00:12:50","modified_gmt":"2023-12-30T00:12:50","slug":"doucko-slovenciny-zabavnou-formou-s-kikou","status":"publish","type":"product","link":"https:\/\/www.experttutor.online\/en\/product\/doucko-slovenciny-zabavnou-formou-s-kikou\/","title":{"rendered":"Slovak language for foreigners  - Funny Tutoring with Kika"},"content":{"rendered":"<p><strong>Slovak language teacher<\/strong>,<\/p>\n<p>mathematics and professional subjects.<\/p>\n<p><strong>Tutoring age category:<\/strong> 6-18<\/p>\n<p><strong>Teaching level:<\/strong> 1. a 2. stupe\u0148 Z\u0160, stredn\u00e9 \u0161koly, cudzinci<\/p>\n<p><strong>Location where I teach:<\/strong> Skalica and surroundings, Bratislava for an additional fee<\/p>\n<p><strong>Length of lesson:<\/strong> 60 min.<\/p>\n<p><strong>Discounts:<\/strong> 15% when you prepay for at least 10 hours.<\/p>\n<p><strong>Tutor description:<\/strong> I have a degree in teaching music and dramatic art. I have been tutoring for 5 years - my strengths are empathy and determination. I look forward to my students and I believe that they always look forward to me.<\/p>\n<p><strong>Topics and areas of tutoring:<\/strong> Languages, mathematics, professional subjects.<\/p>\n<p><strong>Form of tutoring:<\/strong> online (full-time in Skalice and the surrounding area, also in Bratislava for an additional fee and with a minimum of 3 consecutive teaching hours)<\/p>\n<p><strong>Tutoring in languages:<\/strong> Slovak, English, German, Czech<\/p>\n<p><strong>Availability:<\/strong> Monday to Sunday, from 2 p.m<\/p>","protected":false},"featured_media":664,"comment_status":"open","ping_status":"closed","template":"","meta":[],"product_brand":[],"product_cat":[52,75,89,53,54],"product_tag":[71,72,90,66,64,91],"class_list":{"0":"post-666","1":"product","2":"type-product","3":"status-publish","4":"has-post-thumbnail","6":"product_cat-jazyky","7":"product_cat-lokalita","8":"product_cat-skalica","9":"product_cat-slovensky-jazyk-a-literatura","10":"product_cat-slovensky-jazyk-pre-cudzincov-slovak-language-for-foreigners","11":"product_tag-online","12":"product_tag-osobne-doucovanie-u-klienta-doma","13":"product_tag-skalica","14":"product_tag-slovencina","15":"product_tag-slovensky-jazyk","16":"product_tag-zahorie","18":"first","19":"instock","20":"virtual","21":"taxable","22":"purchasable","23":"product-type-simple"},"_links":{"self":[{"href":"https:\/\/www.experttutor.online\/en\/wp-json\/wp\/v2\/product\/666","targetHints":{"allow":["GET"]}}],"collection":[{"href":"https:\/\/www.experttutor.online\/en\/wp-json\/wp\/v2\/product"}],"about":[{"href":"https:\/\/www.experttutor.online\/en\/wp-json\/wp\/v2\/types\/product"}],"replies":[{"embeddable":true,"href":"https:\/\/www.experttutor.online\/en\/wp-json\/wp\/v2\/comments?post=666"}],"wp:featuredmedia":[{"embeddable":true,"href":"https:\/\/www.experttutor.online\/en\/wp-json\/wp\/v2\/media\/664"}],"wp:attachment":[{"href":"https:\/\/www.experttutor.online\/en\/wp-json\/wp\/v2\/media?parent=666"}],"wp:term":[{"taxonomy":"product_brand","embeddable":true,"href":"https:\/\/www.experttutor.online\/en\/wp-json\/wp\/v2\/product_brand?post=666"},{"taxonomy":"product_cat","embeddable":true,"href":"https:\/\/www.experttutor.online\/en\/wp-json\/wp\/v2\/product_cat?post=666"},{"taxonomy":"product_tag","embeddable":true,"href":"https:\/\/www.experttutor.online\/en\/wp-json\/wp\/v2\/product_tag?post=666"}],"curies":[{"name":"wp","href":"https:\/\/api.w.org\/{rel}","templated":true}]}}