{"id":668,"date":"2023-12-29T22:05:23","date_gmt":"2023-12-29T22:05:23","guid":{"rendered":"https:\/\/www.experttutor.online\/?post_type=product&#038;p=668"},"modified":"2023-12-30T00:13:27","modified_gmt":"2023-12-30T00:13:27","slug":"doucko-matematiky-zabavnou-formou-s-kikou","status":"publish","type":"product","link":"https:\/\/www.experttutor.online\/en\/product\/doucko-matematiky-zabavnou-formou-s-kikou\/","title":{"rendered":"Mathematics  - Funny Tutoring with Kika"},"content":{"rendered":"<p><strong>U\u010dite\u013eka matematiky<\/strong>,<\/p>\n<p>jazykov a odborn\u00fdch predmetov (hudobno dramatick\u00e9).<\/p>\n<p><strong>Tutoring age category:<\/strong> 6-18<\/p>\n<p><strong>Teaching level:<\/strong> 1. a 2. stupe\u0148 Z\u0160, stredn\u00e9 \u0161koly, cudzinci<\/p>\n<p><strong>Location where I teach:<\/strong> Skalica and surroundings, Bratislava for an additional fee<\/p>\n<p><strong>Length of lesson:<\/strong> 60 min.<\/p>\n<p><strong>Discounts:<\/strong> 15% when you prepay for at least 10 hours.<\/p>\n<p><strong>Tutor description:<\/strong> I have a degree in teaching music and dramatic art. I have been tutoring for 5 years - my strengths are empathy and determination. I look forward to my students and I believe that they always look forward to me.<\/p>\n<p><strong>Topics and areas of tutoring:<\/strong> Languages, mathematics, professional subjects.<\/p>\n<p><strong>Form of tutoring:<\/strong> online (full-time in Skalice and the surrounding area, also in Bratislava for an additional fee and with a minimum of 3 consecutive teaching hours)<\/p>\n<p><strong>Tutoring in languages:<\/strong> Slovak, English, German, Czech<\/p>\n<p><strong>Availability:<\/strong> Monday to Sunday, from 2 p.m<\/p>","protected":false},"featured_media":670,"comment_status":"open","ping_status":"closed","template":"","meta":[],"product_brand":[],"product_cat":[75,60,89],"product_tag":[71,72,90,66,64,91],"class_list":{"0":"post-668","1":"product","2":"type-product","3":"status-publish","4":"has-post-thumbnail","6":"product_cat-lokalita","7":"product_cat-matematika","8":"product_cat-skalica","9":"product_tag-online","10":"product_tag-osobne-doucovanie-u-klienta-doma","11":"product_tag-skalica","12":"product_tag-slovencina","13":"product_tag-slovensky-jazyk","14":"product_tag-zahorie","16":"first","17":"instock","18":"virtual","19":"taxable","20":"purchasable","21":"product-type-simple"},"_links":{"self":[{"href":"https:\/\/www.experttutor.online\/en\/wp-json\/wp\/v2\/product\/668","targetHints":{"allow":["GET"]}}],"collection":[{"href":"https:\/\/www.experttutor.online\/en\/wp-json\/wp\/v2\/product"}],"about":[{"href":"https:\/\/www.experttutor.online\/en\/wp-json\/wp\/v2\/types\/product"}],"replies":[{"embeddable":true,"href":"https:\/\/www.experttutor.online\/en\/wp-json\/wp\/v2\/comments?post=668"}],"wp:featuredmedia":[{"embeddable":true,"href":"https:\/\/www.experttutor.online\/en\/wp-json\/wp\/v2\/media\/670"}],"wp:attachment":[{"href":"https:\/\/www.experttutor.online\/en\/wp-json\/wp\/v2\/media?parent=668"}],"wp:term":[{"taxonomy":"product_brand","embeddable":true,"href":"https:\/\/www.experttutor.online\/en\/wp-json\/wp\/v2\/product_brand?post=668"},{"taxonomy":"product_cat","embeddable":true,"href":"https:\/\/www.experttutor.online\/en\/wp-json\/wp\/v2\/product_cat?post=668"},{"taxonomy":"product_tag","embeddable":true,"href":"https:\/\/www.experttutor.online\/en\/wp-json\/wp\/v2\/product_tag?post=668"}],"curies":[{"name":"wp","href":"https:\/\/api.w.org\/{rel}","templated":true}]}}