{"id":678,"date":"2023-12-30T01:12:46","date_gmt":"2023-12-30T01:12:46","guid":{"rendered":"https:\/\/www.experttutor.online\/?post_type=product&#038;p=678"},"modified":"2024-01-03T11:35:59","modified_gmt":"2024-01-03T11:35:59","slug":"biologia-doucovanie-s-ceciliou","status":"publish","type":"product","link":"https:\/\/www.experttutor.online\/en\/product\/biologia-doucovanie-s-ceciliou\/","title":{"rendered":"Biology - Tutoring with Cecilia"},"content":{"rendered":"<p><strong>Biology teacher<\/strong>,<\/p>\n<p>ma\u010farsk\u00e9ho jazyka, anglick\u00e9ho jazyka, taliansk\u00e9ho jazyka<\/p>\n<p><strong>Tutoring age category:<\/strong> 6-99<\/p>\n<p><strong>Teaching level:<\/strong> beginner and advanced<\/p>\n<p><strong>Location where I teach:<\/strong> Galanta, Sl\u00e1dkovi\u010dovo, Sere\u010f, Trnava a Bratislava za pr\u00edplatok<\/p>\n<p><strong>Length of lesson:<\/strong> 60 min. (20 eur), 90 min., (25 eur) pr\u00edpadne pod\u013ea dohody.<\/p>\n<p><strong>Discounts:<\/strong> 20% pri predplaten\u00ed si minim\u00e1lne 15 hod\u00edn.<\/p>\n<p><strong>Tutor description:<\/strong> Som vy\u0161tudovan\u00e1 u\u010dite\u013eka a m\u00e1m sk\u00fasenosti s u\u010den\u00edm jazykov od ukon\u010den\u00ed vysokej \u0161koly (u\u010dila som hlavne popri pr\u00e1ci). Bav\u00ed ma u\u010di\u0165 sa \u010fal\u0161ie jazyky, n\u00e1js\u0165 v nich s\u00favislosti a odovzda\u0165 tieto poznatky mojim \u0161tudentom, aby sa \u013eah\u0161ie nau\u010dili dan\u00fd jazyk. M\u00e1m pozit\u00edvny vz\u0165ah k de\u0165om, no takisto rada u\u010d\u00edm dospel\u00fdch.<\/p>\n<p>Som flexibiln\u00e1, vieme sa dohodn\u00fa\u0165 na term\u00edne dou\u010dovania online. Osobne &#8211; pod\u013ea miesta dou\u010dovania.<\/p>\n<p><strong>Topics and areas of tutoring:<\/strong> Ma\u010far\u010dina, angli\u010dtina a talian\u010dina, na \u00farovni od za\u010diato\u010dn\u00edka po stredne pokro\u010dil\u00fa \u00farove\u0148. Dou\u010dovanie det\u00ed hlavne jazyky, literat\u00fara a biol\u00f3gia.<\/p>\n<p><strong>Form of tutoring:<\/strong> online (prezen\u010dne v r\u00e1mci Galanty, za pr\u00edplatok aj Bratislava, Trnava, Sere\u010f, Sl\u00e1dkovi\u010dovo, v minim\u00e1lnom rozsahu 2 vyu\u010dovacie hodiny po sebe)<\/p>\n<p><strong>Tutoring in languages:<\/strong> Slovensk\u00fd, Anglick\u00fd, Ma\u010farsk\u00fd<\/p>\n<p><strong>Availability:<\/strong> pondelok a\u017e piatok, 09:00-20:00<\/p>","protected":false},"featured_media":680,"comment_status":"open","ping_status":"closed","template":"","meta":[],"product_brand":[],"product_cat":[63],"product_tag":[67,98,78,96,68,71,72,95,97,87],"class_list":{"0":"post-678","1":"product","2":"type-product","3":"status-publish","4":"has-post-thumbnail","6":"product_cat-biologia-ekologia-a-prirodne-vedy","7":"product_tag-anglictina","8":"product_tag-biologia","9":"product_tag-bratislava","10":"product_tag-galanta","11":"product_tag-madarcina","12":"product_tag-online","13":"product_tag-osobne-doucovanie-u-klienta-doma","14":"product_tag-sered","15":"product_tag-sladkovicovo","16":"product_tag-trnava","18":"first","19":"instock","20":"taxable","21":"shipping-taxable","22":"purchasable","23":"product-type-simple"},"_links":{"self":[{"href":"https:\/\/www.experttutor.online\/en\/wp-json\/wp\/v2\/product\/678","targetHints":{"allow":["GET"]}}],"collection":[{"href":"https:\/\/www.experttutor.online\/en\/wp-json\/wp\/v2\/product"}],"about":[{"href":"https:\/\/www.experttutor.online\/en\/wp-json\/wp\/v2\/types\/product"}],"replies":[{"embeddable":true,"href":"https:\/\/www.experttutor.online\/en\/wp-json\/wp\/v2\/comments?post=678"}],"wp:featuredmedia":[{"embeddable":true,"href":"https:\/\/www.experttutor.online\/en\/wp-json\/wp\/v2\/media\/680"}],"wp:attachment":[{"href":"https:\/\/www.experttutor.online\/en\/wp-json\/wp\/v2\/media?parent=678"}],"wp:term":[{"taxonomy":"product_brand","embeddable":true,"href":"https:\/\/www.experttutor.online\/en\/wp-json\/wp\/v2\/product_brand?post=678"},{"taxonomy":"product_cat","embeddable":true,"href":"https:\/\/www.experttutor.online\/en\/wp-json\/wp\/v2\/product_cat?post=678"},{"taxonomy":"product_tag","embeddable":true,"href":"https:\/\/www.experttutor.online\/en\/wp-json\/wp\/v2\/product_tag?post=678"}],"curies":[{"name":"wp","href":"https:\/\/api.w.org\/{rel}","templated":true}]}}