{"id":691,"date":"2024-01-01T23:05:31","date_gmt":"2024-01-01T23:05:31","guid":{"rendered":"https:\/\/www.experttutor.online\/?post_type=product&#038;p=691"},"modified":"2024-01-01T23:09:05","modified_gmt":"2024-01-01T23:09:05","slug":"dejepis-doucko-s-kikou","status":"publish","type":"product","link":"https:\/\/www.experttutor.online\/en\/product\/dejepis-doucko-s-kikou\/","title":{"rendered":"History  -  Funny Tutoring with Kika"},"content":{"rendered":"<p><strong>U\u010dite\u013eka odborn\u00fdch predmetov<\/strong><\/p>\n<p>hudobn\u00e1 te\u00f3ria, spev, tanec, geografia, umenie a kult\u00fara, dejepis, matematiky, angli\u010dtina, nem\u010dina,.<\/p>\n<p><strong>Tutoring age category:<\/strong> 6-18<\/p>\n<p><strong>Teaching level:<\/strong> 1. a 2. stupe\u0148 Z\u0160, stredn\u00e9 \u0161koly, cudzinci<\/p>\n<p><strong>Location where I teach:<\/strong> Skalica and surroundings, Bratislava for an additional fee<\/p>\n<p><strong>Length of lesson:<\/strong> 60 min.<\/p>\n<p><strong>Discounts:<\/strong> 15% when you prepay for at least 10 hours.<\/p>\n<p><strong>Tutor description:<\/strong> I have a degree in teaching music and dramatic art. I have been tutoring for 5 years - my strengths are empathy and determination. I look forward to my students and I believe that they always look forward to me.<\/p>\n<p><strong>Topics and areas of tutoring:<\/strong> Languages, mathematics, professional subjects.<\/p>\n<p><strong>Form of tutoring:<\/strong> online (full-time in Skalice and the surrounding area, also in Bratislava for an additional fee and with a minimum of 3 consecutive teaching hours)<\/p>\n<p><strong>Tutoring in languages:<\/strong> Slovak, English, German, Czech<\/p>\n<p><strong>Availability:<\/strong> Monday to Sunday, from 2 p.m<\/p>","protected":false},"featured_media":693,"comment_status":"open","ping_status":"closed","template":"","meta":[],"product_brand":[],"product_cat":[108,83,75,89],"product_tag":[104,107,71,72,90,66,64,105,106,91],"class_list":{"0":"post-691","1":"product","2":"type-product","3":"status-publish","4":"has-post-thumbnail","6":"product_cat-dejepis","7":"product_cat-ine","8":"product_cat-lokalita","9":"product_cat-skalica","10":"product_tag-hudba","11":"product_tag-kultura","12":"product_tag-online","13":"product_tag-osobne-doucovanie-u-klienta-doma","14":"product_tag-skalica","15":"product_tag-slovencina","16":"product_tag-slovensky-jazyk","17":"product_tag-spev","18":"product_tag-tanec","19":"product_tag-zahorie","21":"first","22":"instock","23":"virtual","24":"taxable","25":"purchasable","26":"product-type-simple"},"_links":{"self":[{"href":"https:\/\/www.experttutor.online\/en\/wp-json\/wp\/v2\/product\/691","targetHints":{"allow":["GET"]}}],"collection":[{"href":"https:\/\/www.experttutor.online\/en\/wp-json\/wp\/v2\/product"}],"about":[{"href":"https:\/\/www.experttutor.online\/en\/wp-json\/wp\/v2\/types\/product"}],"replies":[{"embeddable":true,"href":"https:\/\/www.experttutor.online\/en\/wp-json\/wp\/v2\/comments?post=691"}],"wp:featuredmedia":[{"embeddable":true,"href":"https:\/\/www.experttutor.online\/en\/wp-json\/wp\/v2\/media\/693"}],"wp:attachment":[{"href":"https:\/\/www.experttutor.online\/en\/wp-json\/wp\/v2\/media?parent=691"}],"wp:term":[{"taxonomy":"product_brand","embeddable":true,"href":"https:\/\/www.experttutor.online\/en\/wp-json\/wp\/v2\/product_brand?post=691"},{"taxonomy":"product_cat","embeddable":true,"href":"https:\/\/www.experttutor.online\/en\/wp-json\/wp\/v2\/product_cat?post=691"},{"taxonomy":"product_tag","embeddable":true,"href":"https:\/\/www.experttutor.online\/en\/wp-json\/wp\/v2\/product_tag?post=691"}],"curies":[{"name":"wp","href":"https:\/\/api.w.org\/{rel}","templated":true}]}}