{"id":967,"date":"2024-02-06T09:30:31","date_gmt":"2024-02-06T09:30:31","guid":{"rendered":"https:\/\/www.experttutor.online\/?post_type=product&#038;p=967"},"modified":"2024-02-06T09:44:24","modified_gmt":"2024-02-06T09:44:24","slug":"anglicky-jazyk-individualne-doucovanie-s-lenkou","status":"publish","type":"product","link":"https:\/\/www.experttutor.online\/en\/product\/anglicky-jazyk-individualne-doucovanie-s-lenkou\/","title":{"rendered":"English language \u2013 individual tutoring with Lenka"},"content":{"rendered":"<p><strong>English teacher<\/strong>,<\/p>\n<p><strong>Tutoring age category:<\/strong> all age groups<\/p>\n<p><strong>Teaching level: <\/strong>A1-C2<\/p>\n<p><strong>Location where I teach:<\/strong> online + Poprad, Ke\u017emarok, Spi\u0161sk\u00e1 Nov\u00e1 Ves, Star\u00e1 \u013dubov\u0148a<\/p>\n<p><strong>Length of lesson:<\/strong>\u00a0 30, 45, 60 minutes<\/p>\n<p><strong>Discounts:<\/strong> up to 30% depending on the hours ordered<\/p>\n<p><strong>Tutor description:<\/strong> I teach English in the 4th school year. I have a language certificate and a translation certificate - ANJ. I have been studying English for over 20 years, i.e. from kindergarten. I studied a one-year language course in Brno and finished it with a CAE certificate. I am expanding my tutoring portfolio and offer tutoring in various other subjects as well.<\/p>\n<p><strong>Topics and areas of tutoring:<\/strong> English language - all levels, all primary, secondary, professional subjects<\/p>\n<p><strong>Form of tutoring:<\/strong> online + in person<\/p>\n<p><strong>Tutoring in languages:<\/strong>\u00a0 English, Slovak, German, Spanish<\/p>\n<p><strong>Availability:<\/strong>\u00a0 Monday - Sunday: by agreement<\/p>","protected":false},"featured_media":966,"comment_status":"open","ping_status":"closed","template":"","meta":[],"product_brand":[],"product_cat":[55,52,144,75,122,121,143,145,146],"product_tag":[139,67,148,71,147,149,150],"class_list":{"0":"post-967","1":"product","2":"type-product","3":"status-publish","4":"has-post-thumbnail","6":"product_cat-anglicky-jazyk","7":"product_cat-jazyky","8":"product_cat-kezmarok","9":"product_cat-lokalita","10":"product_cat-online","11":"product_cat-poprad","12":"product_cat-slovensko","13":"product_cat-spisska-nova-ves","14":"product_cat-stara-lubovna","15":"product_tag-anglicky-jazyk","16":"product_tag-anglictina","17":"product_tag-kezmarok","18":"product_tag-online","19":"product_tag-poprad","20":"product_tag-spisska-nova-ves","21":"product_tag-stara-lubovna","23":"first","24":"instock","25":"sale","26":"virtual","27":"taxable","28":"purchasable","29":"product-type-simple"},"_links":{"self":[{"href":"https:\/\/www.experttutor.online\/en\/wp-json\/wp\/v2\/product\/967","targetHints":{"allow":["GET"]}}],"collection":[{"href":"https:\/\/www.experttutor.online\/en\/wp-json\/wp\/v2\/product"}],"about":[{"href":"https:\/\/www.experttutor.online\/en\/wp-json\/wp\/v2\/types\/product"}],"replies":[{"embeddable":true,"href":"https:\/\/www.experttutor.online\/en\/wp-json\/wp\/v2\/comments?post=967"}],"wp:featuredmedia":[{"embeddable":true,"href":"https:\/\/www.experttutor.online\/en\/wp-json\/wp\/v2\/media\/966"}],"wp:attachment":[{"href":"https:\/\/www.experttutor.online\/en\/wp-json\/wp\/v2\/media?parent=967"}],"wp:term":[{"taxonomy":"product_brand","embeddable":true,"href":"https:\/\/www.experttutor.online\/en\/wp-json\/wp\/v2\/product_brand?post=967"},{"taxonomy":"product_cat","embeddable":true,"href":"https:\/\/www.experttutor.online\/en\/wp-json\/wp\/v2\/product_cat?post=967"},{"taxonomy":"product_tag","embeddable":true,"href":"https:\/\/www.experttutor.online\/en\/wp-json\/wp\/v2\/product_tag?post=967"}],"curies":[{"name":"wp","href":"https:\/\/api.w.org\/{rel}","templated":true}]}}