{"id":35,"date":"2023-09-05T05:25:34","date_gmt":"2023-09-05T05:25:34","guid":{"rendered":"https:\/\/www.experttutor.online\/about\/"},"modified":"2024-02-25T13:32:54","modified_gmt":"2024-02-25T13:32:54","slug":"about","status":"publish","type":"page","link":"https:\/\/www.experttutor.online\/sk\/about\/","title":{"rendered":"About"},"content":{"rendered":"\t\t<div data-elementor-type=\"wp-page\" data-elementor-id=\"35\" class=\"elementor elementor-35\" data-elementor-post-type=\"page\">\n\t\t\t\t\t\t<section class=\"elementor-section elementor-top-section elementor-element elementor-element-5d847fb0 elementor-section-boxed elementor-section-height-default elementor-section-height-default\" data-id=\"5d847fb0\" data-element_type=\"section\">\n\t\t\t\t\t\t<div class=\"elementor-container elementor-column-gap-no\">\n\t\t\t\t\t<div class=\"elementor-column elementor-col-100 elementor-top-column elementor-element elementor-element-f0f777b\" data-id=\"f0f777b\" data-element_type=\"column\">\n\t\t\t<div class=\"elementor-widget-wrap elementor-element-populated\">\n\t\t\t\t\t\t<div class=\"elementor-element elementor-element-66786030 elementor-widget elementor-widget-heading\" data-id=\"66786030\" data-element_type=\"widget\" data-widget_type=\"heading.default\">\n\t\t\t\t<div class=\"elementor-widget-container\">\n\t\t\t<style>\/*! elementor - v3.19.0 - 29-01-2024 *\/\n.elementor-heading-title{padding:0;margin:0;line-height:1}.elementor-widget-heading .elementor-heading-title[class*=elementor-size-]>a{color:inherit;font-size:inherit;line-height:inherit}.elementor-widget-heading .elementor-heading-title.elementor-size-small{font-size:15px}.elementor-widget-heading .elementor-heading-title.elementor-size-medium{font-size:19px}.elementor-widget-heading .elementor-heading-title.elementor-size-large{font-size:29px}.elementor-widget-heading .elementor-heading-title.elementor-size-xl{font-size:39px}.elementor-widget-heading .elementor-heading-title.elementor-size-xxl{font-size:59px}<\/style><h1 class=\"elementor-heading-title elementor-size-default\">O platforme Experttutor<\/h1>\t\t<\/div>\n\t\t\t\t<\/div>\n\t\t\t\t\t<\/div>\n\t\t<\/div>\n\t\t\t\t\t<\/div>\n\t\t<\/section>\n\t\t\t\t<section class=\"elementor-section elementor-top-section elementor-element elementor-element-8af00e elementor-section-boxed elementor-section-height-default elementor-section-height-default\" data-id=\"8af00e\" data-element_type=\"section\">\n\t\t\t\t\t\t<div class=\"elementor-container elementor-column-gap-no\">\n\t\t\t\t\t<div class=\"elementor-column elementor-col-100 elementor-top-column elementor-element elementor-element-758919cf\" data-id=\"758919cf\" data-element_type=\"column\">\n\t\t\t<div class=\"elementor-widget-wrap elementor-element-populated\">\n\t\t\t\t\t\t<div class=\"elementor-element elementor-element-51fc76b3 elementor-cta--layout-image-left elementor-cta--mobile-layout-image-above elementor-cta--tablet-layout-image-above elementor-cta--skin-classic elementor-animated-content elementor-bg-transform elementor-bg-transform-zoom-in elementor-widget elementor-widget-call-to-action\" data-id=\"51fc76b3\" data-element_type=\"widget\" data-widget_type=\"call-to-action.default\">\n\t\t\t\t<div class=\"elementor-widget-container\">\n\t\t\t<link rel=\"stylesheet\" href=\"https:\/\/www.experttutor.online\/wp-content\/plugins\/elementor-pro\/assets\/css\/widget-call-to-action.min.css\">\t\t<div class=\"elementor-cta\">\n\t\t\t\t\t<div class=\"elementor-cta__bg-wrapper\">\n\t\t\t\t<div class=\"elementor-cta__bg elementor-bg\" style=\"background-image: url(https:\/\/www.experttutor.online\/wp-content\/uploads\/2023\/09\/pexels-julia-m-cameron-4144533-scaled.jpg);\" role=\"img\" aria-label=\"pexels-julia-m-cameron-4144533\"><\/div>\n\t\t\t\t<div class=\"elementor-cta__bg-overlay\"><\/div>\n\t\t\t<\/div>\n\t\t\t\t\t\t\t<div class=\"elementor-cta__content\">\n\t\t\t\t\n\t\t\t\t\t\t\t\t\t<h2 class=\"elementor-cta__title elementor-cta__content-item elementor-content-item\">\n\t\t\t\t\t\tPom\u00e1hame \u0161tudentom r\u00e1s\u0165 a napredova\u0165.\t\t\t\t\t<\/h2>\n\t\t\t\t\n\t\t\t\t\t\t\t\t\t<div class=\"elementor-cta__description elementor-cta__content-item elementor-content-item\">\n\t\t\t\t\t\tV Expert Tutor pom\u00e1hame \u0161tudentom dosiahnu\u0165 akademick\u00fd \u00faspech t\u00fdm, \u017ee ich spoj\u00edme s dokonal\u00fdmi lektormi, ktor\u00ed rozumej\u00fa ich jedine\u010dn\u00fdm vzdel\u00e1vac\u00edm potreb\u00e1m. Na\u0161\u00edm cie\u013eom je spr\u00edstupni\u0165 vzdelanie v\u0161etk\u00fdm \u0161tudentom, \u010di u\u017e ide o extra podporu alebo excelentnos\u0165 v \u0161t\u00fadiu. M\u00e1me sk\u00fasen\u00fdch lektorov, ktor\u00ed vyu\u010duj\u00fa r\u00f4zne predmety a \u00farovne a s\u00fa odhodlan\u00ed vies\u0165 \u0161tudentov k ich pln\u00e9mu potenci\u00e1lu. S na\u0161ou jednoduchou a \u013eahko pou\u017eite\u013enou platformou sa m\u00f4\u017eete \u013eahko spoji\u0165 s lektorom, ktor\u00fd dok\u00e1\u017ee prisp\u00f4sobi\u0165 v\u00fdu\u010dbu va\u0161im \u0161pecifick\u00fdm potreb\u00e1m. Na\u0161\u00edm poslan\u00edm je urobi\u0165 u\u010denie obohacuj\u00facou a pr\u00edjemnou sk\u00fasenos\u0165ou pre ka\u017ed\u00e9ho a pom\u00f4c\u0165 v\u00e1m dosiahnu\u0165 va\u0161e akademick\u00e9 ciele.\t\t\t\t\t<\/div>\n\t\t\t\t\n\t\t\t\t\t\t\t<\/div>\n\t\t\t\t\t\t<\/div>\n\t\t\t\t<\/div>\n\t\t\t\t<\/div>\n\t\t\t\t<div class=\"elementor-element elementor-element-36476771 elementor-cta--layout-image-right elementor-cta--mobile-layout-image-above elementor-cta--tablet-layout-image-above elementor-cta--skin-classic elementor-animated-content elementor-bg-transform elementor-bg-transform-zoom-in elementor-widget elementor-widget-call-to-action\" data-id=\"36476771\" data-element_type=\"widget\" data-widget_type=\"call-to-action.default\">\n\t\t\t\t<div class=\"elementor-widget-container\">\n\t\t\t\t\t<div class=\"elementor-cta\">\n\t\t\t\t\t<div class=\"elementor-cta__bg-wrapper\">\n\t\t\t\t<div class=\"elementor-cta__bg elementor-bg\" style=\"background-image: url(https:\/\/www.experttutor.online\/wp-content\/uploads\/2023\/09\/pexels-polina-tankilevitch-6929164-scaled.jpg);\" role=\"img\" aria-label=\"pexels-polina-tankilevitch-6929164\"><\/div>\n\t\t\t\t<div class=\"elementor-cta__bg-overlay\"><\/div>\n\t\t\t<\/div>\n\t\t\t\t\t\t\t<div class=\"elementor-cta__content\">\n\t\t\t\t\n\t\t\t\t\t\t\t\t\t<h2 class=\"elementor-cta__title elementor-cta__content-item elementor-content-item\">\n\t\t\t\t\t\tPom\u00e1hame u\u010dite\u013eom z\u00edska\u0165 extra pr\u00edjem.\t\t\t\t\t<\/h2>\n\t\t\t\t\n\t\t\t\t\t\t\t\t\t<div class=\"elementor-cta__description elementor-cta__content-item elementor-content-item\">\n\t\t\t\t\t\tU\u010ditelia s\u00fa pre na\u0161e \u0161kolstvo ve\u013emi d\u00f4le\u017eit\u00ed. M\u00f4\u017eeme im pom\u00f4c\u0165 t\u00fdm, \u017ee im pon\u00fakneme sp\u00f4sob, ako si zarobi\u0165 peniaze navy\u0161e. Ak ste u\u010dite\u013e a chcete pom\u00f4c\u0165 \u0161tudentom, m\u00e1me pre v\u00e1s dobr\u00fa mo\u017enos\u0165 s n\u00e1zvom Expert Tutor. Vieme, \u017ee vyu\u010dovanie m\u00f4\u017ee by\u0165 n\u00e1ro\u010dn\u00e9, a preto v\u00e1m chceme pom\u00f4c\u0165 t\u00fdm, \u017ee v\u00e1m d\u00e1me \u0161ancu podeli\u0165 sa o svoje vedomosti a zru\u010dnosti s dychtiv\u00fdmi \u0161tudentmi. M\u00f4\u017eete si vybra\u0165, kedy chcete pracova\u0165 a uk\u00e1za\u0165 svoju kvalifik\u00e1ciu. Nez\u00e1le\u017e\u00ed na tom, \u010di ste ve\u013emi sk\u00fasen\u00fd u\u010dite\u013e alebo len naozaj milujete ur\u010dit\u00fd predmet, chceme v\u00e1m da\u0165 \u0161ancu in\u0161pirova\u0165 a vies\u0165 \u010fal\u0161iu gener\u00e1ciu. Ver\u00edme, \u017ee u\u010dite\u013estvo je \u0161peci\u00e1lna pr\u00e1ca a sme tu, aby sme v\u00e1s v tom podporili. Poskytneme v\u00e1m eshop, cez ktor\u00ed viete pred\u00e1va\u0165 svoje dou\u010dovania, kurzy a \u0161tudijn\u00e9 materi\u00e1ly, marketingov\u00fa a sales podporu, \u00fa\u010dtovn\u00e9 a pr\u00e1vne rady, pomoc v podobe virtu\u00e1lneho asistenta.\t\t\t\t\t<\/div>\n\t\t\t\t\n\t\t\t\t\t\t\t<\/div>\n\t\t\t\t\t\t<\/div>\n\t\t\t\t<\/div>\n\t\t\t\t<\/div>\n\t\t\t\t<div class=\"elementor-element elementor-element-48758865 elementor-cta--layout-image-left elementor-cta--mobile-layout-image-above elementor-cta--tablet-layout-image-above elementor-cta--skin-classic elementor-animated-content elementor-bg-transform elementor-bg-transform-zoom-in elementor-widget elementor-widget-call-to-action\" data-id=\"48758865\" data-element_type=\"widget\" data-widget_type=\"call-to-action.default\">\n\t\t\t\t<div class=\"elementor-widget-container\">\n\t\t\t\t\t<div class=\"elementor-cta\">\n\t\t\t\t\t<div class=\"elementor-cta__bg-wrapper\">\n\t\t\t\t<div class=\"elementor-cta__bg elementor-bg\" style=\"background-image: url(https:\/\/www.experttutor.online\/wp-content\/uploads\/2023\/09\/pexels-karolina-grabowska-4491461-scaled.jpg);\" role=\"img\" aria-label=\"pexels-karolina-grabowska-4491461\"><\/div>\n\t\t\t\t<div class=\"elementor-cta__bg-overlay\"><\/div>\n\t\t\t<\/div>\n\t\t\t\t\t\t\t<div class=\"elementor-cta__content\">\n\t\t\t\t\n\t\t\t\t\t\t\t\t\t<h2 class=\"elementor-cta__title elementor-cta__content-item elementor-content-item\">\n\t\t\t\t\t\tVytv\u00e1rame pracovn\u00e9 ponuky v oblasti vzdel\u00e1vania a chr\u00e1nime  u\u010dite\u013eov aj \u017eiakov.\t\t\t\t\t<\/h2>\n\t\t\t\t\n\t\t\t\t\t\t\t\t\t<div class=\"elementor-cta__description elementor-cta__content-item elementor-content-item\">\n\t\t\t\t\t\t\"Expert Tutor sp\u00e1ja dou\u010dovate\u013eov a pedag\u00f3gov so \u0161tudentmi prostredn\u00edctvom na\u0161ej platformy. Ver\u00edme, \u017ee invest\u00edcie do vzdel\u00e1vania zlep\u0161uj\u00fa kvalitu vzdel\u00e1vania a vytv\u00e1raj\u00fa pracovn\u00e9 miesta. V\u00fdber Expert Tutora neznamen\u00e1 len pou\u017eitie dobrej vzdel\u00e1vacej platformy, ale pom\u00f4\u017ee to aj sektoru vzdel\u00e1vania a mnoh\u00fdm pedag\u00f3gom. Z\u00e1rove\u0148 d\u00e1vame pozor na to, aby u\u010ditelia dostali za svoje hodiny zaplaten\u00e9 a naopak klienti, aby dostali kvalitn\u00fdch dou\u010dovate\u013eov, a ak so slu\u017ebami dou\u010dovate\u013ea, ktor\u00e9ho si vybrali nie s\u00fa spokojn\u00ed, sna\u017e\u00edme sa n\u00e1js\u0165 adekv\u00e1tnu n\u00e1hradu, aby \u017eiaci dostali kvalitn\u00e9 slu\u017eby, za ktor\u00e9 si zaplatili. Pridajte sa k n\u00e1m a spr\u00edstupnite vzdelanie, ktor\u00e9 je odme\u0148uj\u00face a pln\u00e9 pr\u00edle\u017eitost\u00ed pre v\u0161etk\u00fdch z\u00fa\u010dastnen\u00fdch. Po\u010fme spolu zmeni\u0165 vzdel\u00e1vanie a in\u0161pirujme pozit\u00edvne zmeny.\u201c\t\t\t\t\t<\/div>\n\t\t\t\t\n\t\t\t\t\t\t\t<\/div>\n\t\t\t\t\t\t<\/div>\n\t\t\t\t<\/div>\n\t\t\t\t<\/div>\n\t\t\t\t<div class=\"elementor-element elementor-element-9381d3a elementor-cta--layout-image-right elementor-cta--mobile-layout-image-above elementor-cta--tablet-layout-image-above elementor-cta--skin-classic elementor-animated-content elementor-bg-transform elementor-bg-transform-zoom-in elementor-widget elementor-widget-call-to-action\" data-id=\"9381d3a\" data-element_type=\"widget\" data-widget_type=\"call-to-action.default\">\n\t\t\t\t<div class=\"elementor-widget-container\">\n\t\t\t\t\t<div class=\"elementor-cta\">\n\t\t\t\t\t<div class=\"elementor-cta__bg-wrapper\">\n\t\t\t\t<div class=\"elementor-cta__bg elementor-bg\" style=\"background-image: url(https:\/\/www.experttutor.online\/wp-content\/uploads\/2024\/02\/Absolute_Reality_v16_2_kids_studying_with_tutor_learning_new_i_3.jpg);\" role=\"img\" aria-label=\"Absolute_Reality_v16_2_kids_studying_with_tutor_learning_new_i_3\"><\/div>\n\t\t\t\t<div class=\"elementor-cta__bg-overlay\"><\/div>\n\t\t\t<\/div>\n\t\t\t\t\t\t\t<div class=\"elementor-cta__content\">\n\t\t\t\t\n\t\t\t\t\t\t\t\t\t<h2 class=\"elementor-cta__title elementor-cta__content-item elementor-content-item\">\n\t\t\t\t\t\tDobrovo\u013en\u00e1 a ne\u017eistn\u00e1 pomoc soci\u00e1lne slab\u0161\u00edm, z\u00edska\u0165 kvalitn\u00e9 vzdelanie.\t\t\t\t\t<\/h2>\n\t\t\t\t\n\t\t\t\t\t\t\t\t\t<div class=\"elementor-cta__description elementor-cta__content-item elementor-content-item\">\n\t\t\t\t\t\tNie v\u0161etko je len o peniazoch. A medzi nami s\u00fa bohu\u017eial aj deti a \u0161tudenti zo soci\u00e1lne slab\u0161\u00edch rod\u00edn, ktor\u00e9 si nem\u00f4\u017eu dovoli\u0165 plati\u0165 extra vzdel\u00e1vanie nad r\u00e1mec z\u00e1kladn\u00e9ho vzdelania. Pr\u00e1ve pre tieto deti, ak sa kvalifikuj\u00fa t\u00fdm,\u017ee preuk\u00e1\u017eu talent, z\u00e1ujem, potrebu a nedostatok finan\u010dn\u00fdch prostriedkov, s\u00fa niektor\u00ed na\u0161i dou\u010dovatelia ochotn\u00ed poskytn\u00fa\u0165 nieko\u013eko hod\u00edn zadarmo, pr\u00edpadne za zv\u00fdhodnen\u00fdch podmienok. Taktie\u017e ver\u00edme, \u017ee v\u010faka n\u00e1\u0161mu ob\u010dianskemu zdru\u017eeniu, budeme schopn\u00ed n\u00e1js\u0165 donorov, ktor\u00ed prispej\u00fa na vzdel\u00e1vanie det\u00ed z t\u00fdchto soci\u00e1lne slab\u0161\u00edch rod\u00edn. \t\t\t\t\t<\/div>\n\t\t\t\t\n\t\t\t\t\t\t\t<\/div>\n\t\t\t\t\t\t<\/div>\n\t\t\t\t<\/div>\n\t\t\t\t<\/div>\n\t\t\t\t\t<\/div>\n\t\t<\/div>\n\t\t\t\t\t<\/div>\n\t\t<\/section>\n\t\t\t\t<section class=\"elementor-section elementor-top-section elementor-element elementor-element-3d764daf elementor-section-boxed elementor-section-height-default elementor-section-height-default\" data-id=\"3d764daf\" data-element_type=\"section\" data-settings=\"{&quot;background_background&quot;:&quot;classic&quot;,&quot;shape_divider_top&quot;:&quot;triangle&quot;}\">\n\t\t\t\t\t<div class=\"elementor-shape elementor-shape-top\" data-negative=\"false\">\n\t\t\t<svg xmlns=\"http:\/\/www.w3.org\/2000\/svg\" viewBox=\"0 0 1000 100\" preserveAspectRatio=\"none\">\n\t<path class=\"elementor-shape-fill\" d=\"M500,98.9L0,6.1V0h1000v6.1L500,98.9z\"\/>\n<\/svg>\t\t<\/div>\n\t\t\t\t\t<div class=\"elementor-container elementor-column-gap-no\">\n\t\t\t\t\t<div class=\"elementor-column elementor-col-100 elementor-top-column elementor-element elementor-element-4b23d47c\" data-id=\"4b23d47c\" data-element_type=\"column\">\n\t\t\t<div class=\"elementor-widget-wrap elementor-element-populated\">\n\t\t\t\t\t\t<div class=\"elementor-element elementor-element-448789df elementor-widget elementor-widget-heading\" data-id=\"448789df\" data-element_type=\"widget\" data-widget_type=\"heading.default\">\n\t\t\t\t<div class=\"elementor-widget-container\">\n\t\t\t<h1 class=\"elementor-heading-title elementor-size-default\">Za\u010dni vyu\u010dova\u0165, alebo sa za\u010dni u\u010di\u0165 u\u017e dnes.<br><\/h1>\t\t<\/div>\n\t\t\t\t<\/div>\n\t\t\t\t\t<\/div>\n\t\t<\/div>\n\t\t\t\t\t<\/div>\n\t\t<\/section>\n\t\t\t\t<section class=\"elementor-section elementor-top-section elementor-element elementor-element-7ba532f elementor-section-boxed elementor-section-height-default elementor-section-height-default\" data-id=\"7ba532f\" data-element_type=\"section\" data-settings=\"{&quot;background_background&quot;:&quot;classic&quot;,&quot;shape_divider_bottom&quot;:&quot;pyramids&quot;}\">\n\t\t\t\t\t<div class=\"elementor-shape elementor-shape-bottom\" data-negative=\"false\">\n\t\t\t<svg xmlns=\"http:\/\/www.w3.org\/2000\/svg\" viewBox=\"0 0 1000 100\" preserveAspectRatio=\"none\">\n\t<path class=\"elementor-shape-fill\" d=\"M761.9,44.1L643.1,27.2L333.8,98L0,3.8V0l1000,0v3.9\"\/>\n<\/svg>\t\t<\/div>\n\t\t\t\t\t<div class=\"elementor-container elementor-column-gap-default\">\n\t\t\t\t\t<div class=\"elementor-column elementor-col-50 elementor-top-column elementor-element elementor-element-3a3f5b9\" data-id=\"3a3f5b9\" data-element_type=\"column\">\n\t\t\t<div class=\"elementor-widget-wrap elementor-element-populated\">\n\t\t\t\t\t\t<div class=\"elementor-element elementor-element-370f204 elementor-align-center elementor-widget elementor-widget-button\" data-id=\"370f204\" data-element_type=\"widget\" data-widget_type=\"button.default\">\n\t\t\t\t<div class=\"elementor-widget-container\">\n\t\t\t\t\t<div class=\"elementor-button-wrapper\">\n\t\t\t<a class=\"elementor-button elementor-button-link elementor-size-sm\" href=\"https:\/\/www.experttutor.online\/sk\/obchod\/\">\n\t\t\t\t\t\t<span class=\"elementor-button-content-wrapper\">\n\t\t\t\t\t\t<span class=\"elementor-button-text\">Pozri si t\u00e9my<\/span>\n\t\t<\/span>\n\t\t\t\t\t<\/a>\n\t\t<\/div>\n\t\t\t\t<\/div>\n\t\t\t\t<\/div>\n\t\t\t\t\t<\/div>\n\t\t<\/div>\n\t\t\t\t<div class=\"elementor-column elementor-col-50 elementor-top-column elementor-element elementor-element-9a63d17\" data-id=\"9a63d17\" data-element_type=\"column\">\n\t\t\t<div class=\"elementor-widget-wrap elementor-element-populated\">\n\t\t\t\t\t\t<div class=\"elementor-element elementor-element-19becad elementor-align-center elementor-widget elementor-widget-button\" data-id=\"19becad\" data-element_type=\"widget\" data-widget_type=\"button.default\">\n\t\t\t\t<div class=\"elementor-widget-container\">\n\t\t\t\t\t<div class=\"elementor-button-wrapper\">\n\t\t\t<a class=\"elementor-button elementor-button-link elementor-size-sm\" href=\"https:\/\/www.experttutor.online\/sk\/registracia-doucovatelov\/\">\n\t\t\t\t\t\t<span class=\"elementor-button-content-wrapper\">\n\t\t\t\t\t\t<span class=\"elementor-button-text\">Sta\u0148 sa expertom<\/span>\n\t\t<\/span>\n\t\t\t\t\t<\/a>\n\t\t<\/div>\n\t\t\t\t<\/div>\n\t\t\t\t<\/div>\n\t\t\t\t\t<\/div>\n\t\t<\/div>\n\t\t\t\t\t<\/div>\n\t\t<\/section>\n\t\t\t\t<\/div>\n\t\t","protected":false},"excerpt":{"rendered":"<p>O platforme Experttutor Pom\u00e1hame \u0161tudentom r\u00e1s\u0165 a napredova\u0165. V Expert Tutor pom\u00e1hame \u0161tudentom dosiahnu\u0165 akademick\u00fd \u00faspech t\u00fdm, \u017ee ich spoj\u00edme s dokonal\u00fdmi lektormi, ktor\u00ed rozumej\u00fa ich jedine\u010dn\u00fdm vzdel\u00e1vac\u00edm potreb\u00e1m. Na\u0161\u00edm cie\u013eom je spr\u00edstupni\u0165 vzdelanie v\u0161etk\u00fdm \u0161tudentom, \u010di u\u017e ide o extra podporu alebo excelentnos\u0165 v \u0161t\u00fadiu. M\u00e1me sk\u00fasen\u00fdch lektorov, ktor\u00ed vyu\u010duj\u00fa r\u00f4zne predmety a \u00farovne [&hellip;]<\/p>\n","protected":false},"author":1,"featured_media":0,"parent":0,"menu_order":0,"comment_status":"closed","ping_status":"closed","template":"elementor_header_footer","meta":{"footnotes":""},"class_list":["post-35","page","type-page","status-publish","hentry"],"_links":{"self":[{"href":"https:\/\/www.experttutor.online\/sk\/wp-json\/wp\/v2\/pages\/35","targetHints":{"allow":["GET"]}}],"collection":[{"href":"https:\/\/www.experttutor.online\/sk\/wp-json\/wp\/v2\/pages"}],"about":[{"href":"https:\/\/www.experttutor.online\/sk\/wp-json\/wp\/v2\/types\/page"}],"author":[{"embeddable":true,"href":"https:\/\/www.experttutor.online\/sk\/wp-json\/wp\/v2\/users\/1"}],"replies":[{"embeddable":true,"href":"https:\/\/www.experttutor.online\/sk\/wp-json\/wp\/v2\/comments?post=35"}],"version-history":[{"count":38,"href":"https:\/\/www.experttutor.online\/sk\/wp-json\/wp\/v2\/pages\/35\/revisions"}],"predecessor-version":[{"id":1157,"href":"https:\/\/www.experttutor.online\/sk\/wp-json\/wp\/v2\/pages\/35\/revisions\/1157"}],"wp:attachment":[{"href":"https:\/\/www.experttutor.online\/sk\/wp-json\/wp\/v2\/media?parent=35"}],"curies":[{"name":"wp","href":"https:\/\/api.w.org\/{rel}","templated":true}]}}