{"id":1143,"date":"2024-02-25T13:06:22","date_gmt":"2024-02-25T13:06:22","guid":{"rendered":"https:\/\/www.experttutor.online\/?post_type=product&#038;p=1143"},"modified":"2024-02-25T13:21:01","modified_gmt":"2024-02-25T13:21:01","slug":"latinsky-jazyk-vyuka-cudzich-jazykov-hravo-a-bez-stresu-s-miroslavou","status":"publish","type":"product","link":"https:\/\/www.experttutor.online\/sk\/product\/latinsky-jazyk-vyuka-cudzich-jazykov-hravo-a-bez-stresu-s-miroslavou\/","title":{"rendered":"Latinsk\u00fd jazyk &#8211; v\u00fduka cudz\u00edch jazykov hravo a bez stresu s Miroslavou"},"content":{"rendered":"<p><strong>U\u010dite\u013eka latinsk\u00e9ho jazyka<\/strong>,<\/p>\n<p>Taktie\u017e vyu\u010dujem: alb\u00e1nsky jazyk, taliansk\u00fd jazyk, chorv\u00e1tsky jazyk, ma\u010farsk\u00fd jazyk, starogr\u00e9cky jazyk<\/p>\n<p><strong>Vekov\u00e1 kateg\u00f3ria dou\u010dovania:<\/strong> iba dospel\u00ed<\/p>\n<p><strong>\u00darove\u0148 v\u00fdu\u010dby:<\/strong> A0 &#8211; B2, za\u010diato\u010dn\u00edk &#8211; pokro\u010dil\u00fd<\/p>\n<p><strong>Lokalita v ktorej dou\u010dujem:<\/strong> online<\/p>\n<p><strong>D\u013a\u017eka vyu\u010dovacej hodiny:<\/strong> 60 min.<\/p>\n<p><strong>Z\u013eavy:<\/strong> bez z\u013eavy<\/p>\n<p><strong>Opis dou\u010dovate\u013ea:<\/strong> Som nad\u0161enec cudz\u00edch jazykov, ktor\u00fd sa jazykom venuje od ran\u00e9ho detstva. S\u00fa neodmyslite\u013enou s\u00fa\u010das\u0165ou m\u00f4jho \u017eivota a venujem sa im denne. Pova\u017eujem ich za zmysel m\u00f4jho \u017eivota. Svoje vedomosti som nadobudla na viacer\u00fdch vysok\u00fdch \u0161kol\u00e1ch a samozrejme praxou ako u\u010dite\u013e alebo prekladate\u013e.<\/p>\n<p>Prax: Som vy\u0161tudovan\u00fd filol\u00f3g so \u0161pecializ\u00e1ciou klasick\u00e9 jazyky a romanistika &#8211; italianistika. S\u00fa\u010das\u0165ou mojej vedeckej pr\u00e1ce bol v\u00fdskum rom\u00e1nskych jazykov na balk\u00e1nskom polostrove a interkult\u00farne balk\u00e1nsko &#8211; talianske vz\u0165ahy. V\u00fduke jazykov sa venujem vy\u0161e 15 rokov. Moji \u0161tudenti s\u00fa z cel\u00e9ho sveta a be\u017ene u\u010d\u00edm v anglickom jazyku. Okrem v\u00fduky jazykov sa venujem aj predn\u00e1\u0161kam z oblasti jazykovedy.<\/p>\n<p><strong>T\u00e9my a oblasti dou\u010dovania:<\/strong> Na hodin\u00e1ch sa venujeme komplexn\u00e9mu zvl\u00e1dnutiu gramatiky, jej praktick\u00e9mu precvi\u010dovaniu a od po\u010diatku konverz\u00e1ciam. Pri pokro\u010dil\u00fdch \u00farovniach s\u00fa hodiny veden\u00e9 v jazyku, ktor\u00fd sa u\u010d\u00edme a pracujeme v prvom rade na obohacovan\u00ed slovnej z\u00e1soby.<\/p>\n<p>Iba individu\u00e1lne hodiny. V pr\u00edpade skupiny &#8211; dohodou.<\/p>\n<p><strong>Forma dou\u010dovania:<\/strong> online<\/p>\n<p><strong>Dou\u010dovanie v jazykoch:<\/strong> Slovensk\u00fd, anglick\u00fd, taliansky, alb\u00e1nsky, chorv\u00e1tsky, latinsk\u00fd, starogr\u00e9cky, ma\u010farsk\u00fd jazyk<\/p>\n<p><strong>Dostupnos\u0165:<\/strong> U\u010d\u00edm denne od 6:00 -22:00. \u010cas hodiny je potrebn\u00e9 si vopred dohodn\u00fa\u0165 pod\u013ea aktu\u00e1lnej disponibility.<\/p>\n","protected":false},"featured_media":1145,"comment_status":"open","ping_status":"closed","template":"","meta":[],"product_brand":[],"product_cat":[52,159,122],"product_tag":[156,67,157,155,154,68,71,69],"class_list":{"0":"post-1143","1":"product","2":"type-product","3":"status-publish","4":"has-post-thumbnail","6":"product_cat-jazyky","7":"product_cat-latin","8":"product_cat-online","9":"product_tag-albancina","10":"product_tag-anglictina","11":"product_tag-chorvatstina","12":"product_tag-grectina","13":"product_tag-latincina","14":"product_tag-madarcina","15":"product_tag-online","16":"product_tag-taliancina","18":"first","19":"instock","20":"virtual","21":"taxable","22":"purchasable","23":"product-type-simple"},"_links":{"self":[{"href":"https:\/\/www.experttutor.online\/sk\/wp-json\/wp\/v2\/product\/1143","targetHints":{"allow":["GET"]}}],"collection":[{"href":"https:\/\/www.experttutor.online\/sk\/wp-json\/wp\/v2\/product"}],"about":[{"href":"https:\/\/www.experttutor.online\/sk\/wp-json\/wp\/v2\/types\/product"}],"replies":[{"embeddable":true,"href":"https:\/\/www.experttutor.online\/sk\/wp-json\/wp\/v2\/comments?post=1143"}],"wp:featuredmedia":[{"embeddable":true,"href":"https:\/\/www.experttutor.online\/sk\/wp-json\/wp\/v2\/media\/1145"}],"wp:attachment":[{"href":"https:\/\/www.experttutor.online\/sk\/wp-json\/wp\/v2\/media?parent=1143"}],"wp:term":[{"taxonomy":"product_brand","embeddable":true,"href":"https:\/\/www.experttutor.online\/sk\/wp-json\/wp\/v2\/product_brand?post=1143"},{"taxonomy":"product_cat","embeddable":true,"href":"https:\/\/www.experttutor.online\/sk\/wp-json\/wp\/v2\/product_cat?post=1143"},{"taxonomy":"product_tag","embeddable":true,"href":"https:\/\/www.experttutor.online\/sk\/wp-json\/wp\/v2\/product_tag?post=1143"}],"curies":[{"name":"wp","href":"https:\/\/api.w.org\/{rel}","templated":true}]}}