{"id":1163,"date":"2024-02-27T13:32:00","date_gmt":"2024-02-27T13:32:00","guid":{"rendered":"https:\/\/www.experttutor.online\/?post_type=product&#038;p=1163"},"modified":"2024-02-27T13:47:42","modified_gmt":"2024-02-27T13:47:42","slug":"slovencina-s-radostou-doucovanie-s-viktoriou","status":"publish","type":"product","link":"https:\/\/www.experttutor.online\/sk\/product\/slovencina-s-radostou-doucovanie-s-viktoriou\/","title":{"rendered":"Sloven\u010dina s rados\u0165ou &#8211; dou\u010dovanie s Vikt\u00f3riou"},"content":{"rendered":"<p><strong>U\u010dite\u013eka slovensk\u00e9ho jazyka<\/strong>,<\/p>\n<p><strong>Vekov\u00e1 kateg\u00f3ria dou\u010dovania:<\/strong> 8 rokov &#8211; dospelos\u0165<\/p>\n<p><strong>\u00darove\u0148 v\u00fdu\u010dby:<\/strong> Z\u0160\/ S\u0160\/ V\u0160 &#8211; dospel\u00ed \u013eudia<\/p>\n<p><strong>Lokalita v ktorej dou\u010dujem: <\/strong>Trebi\u0161ov a okolie + online<\/p>\n<p><strong>D\u013a\u017eka vyu\u010dovacej hodiny:<\/strong>\u00a0 60 min\u00fat<\/p>\n<p><strong>Z\u013eavy:<\/strong> V pr\u00edpade skupinov\u00e9ho dou\u010dovania je 15 % z\u013eava na \u017eiaka. Max. po\u010det \u017eiakov\/ \u0161tudentov na skupinovej hodine je 6.<\/p>\n<p><strong>Opis dou\u010dovate\u013ea:<\/strong> M\u00e1m dlhoro\u010dn\u00e9 sk\u00fasenosti s dou\u010dovan\u00edm \u017eiakov\/\u0161tudentov zo slovensk\u00e9ho jazyka a literat\u00fary. Venujem sa dou\u010dovaniu na prij\u00edmacie konanie na S\u0160, gymn\u00e1zi\u00e1, osemro\u010dn\u00e9 gymn\u00e1zi\u00e1, T9, ale taktie\u017e aj priebe\u017en\u00e9mu dou\u010dovaniu po\u010das roka, aby \u017eiak\/ \u0161tudent ostal v prospechovej kond\u00edcii :). Taktie\u017e m\u00e1m dlhoro\u010dn\u00e9 sk\u00fasenosti so sloven\u010dinou pre cudzincov a s vyu\u010dovan\u00edm \u017eiakov s v\u00fdvinov\u00fdmi poruchami u\u010denia. Poskytujem aj pomoc so \u017eivotopisom, motiva\u010dn\u00fdm listom, \u017eiados\u0165ami at\u010f.<\/p>\n<p>Prax: Som vy\u0161tudovan\u00fd pedag\u00f3g slovensk\u00e9ho jazyka a literat\u00fary. M\u00e1m 5-ro\u010dn\u00fa prax.<\/p>\n<p><strong>T\u00e9my a oblasti dou\u010dovania:<\/strong> Dou\u010dujem slovensk\u00fd jazyk a literat\u00faru \u017eiakov\/ \u0161tudentov\/ dospel\u00fdch \u013eud\u00ed, ktor\u00ed potrebuj\u00fa pom\u00f4c\u0165 s nejakou oblas\u0165ou. V mojej ponuke je pr\u00edprava na prij\u00edmacie konanie na S\u0160, gymn\u00e1zi\u00e1, osemro\u010dn\u00e9 gymn\u00e1zi\u00e1, T9, ale taktie\u017e aj priebe\u017en\u00e9 dou\u010dovanie po\u010das roka, aby \u017eiak\/ \u0161tudent ostal v prospechovej kond\u00edcii :). Taktie\u017e m\u00e1m dlhoro\u010dn\u00e9 sk\u00fasenosti so sloven\u010dinou pre cudzincov a s vyu\u010dovan\u00edm \u017eiakov s v\u00fdvinov\u00fdmi poruchami u\u010denia, ktor\u00fdm prisp\u00f4sob\u00edm formu a met\u00f3dy u\u010denia. Poskytujem aj pomoc so \u017eivotopisom, motiva\u010dn\u00fdm listom, \u017eiados\u0165ami alebo in\u00fdmi z\u00e1le\u017eitos\u0165ami, ktor\u00e9 s\u00fa z oblasti slovensk\u00e9ho jazyka \u010di literat\u00fary.<\/p>\n<p>Okrem individu\u00e1lnych lekci\u00ed pon\u00fakam aj skupinov\u00e9. Pri skupinov\u00fdch lekci\u00e1ch je minim\u00e1lny po\u010det \u017eiakov\/ \u0161tudentov 2 a maxim\u00e1lny po\u010det je 6. V pr\u00edpade skupinov\u00e9ho dou\u010dovania je 15 % z\u013eava na \u017eiaka.<\/p>\n<p><strong>Forma dou\u010dovania:<\/strong> online a osobne v okol\u00ed Trebi\u0161ova<\/p>\n<p><strong>Dou\u010dovanie v jazykoch:<\/strong> preferovan\u00fd jazyk v\u00fdu\u010dby je slovensk\u00fd s doplnen\u00edm anglick\u00e9ho jazyka.<\/p>\n<p><strong>Dostupnos\u0165:<\/strong> pondelok &#8211; sobota od 9:00 hod. &#8211; 19:00 hod.<\/p>\n","protected":false},"featured_media":1161,"comment_status":"open","ping_status":"closed","template":"","meta":[],"product_brand":[],"product_cat":[52,75,122,143,53,54,162],"product_tag":[65,71,66,64,163],"class_list":{"0":"post-1163","1":"product","2":"type-product","3":"status-publish","4":"has-post-thumbnail","6":"product_cat-jazyky","7":"product_cat-lokalita","8":"product_cat-online","9":"product_cat-slovensko","10":"product_cat-slovensky-jazyk-a-literatura","11":"product_cat-slovensky-jazyk-pre-cudzincov-slovak-language-for-foreigners","12":"product_cat-trebisov","13":"product_tag-literatura","14":"product_tag-online","15":"product_tag-slovencina","16":"product_tag-slovensky-jazyk","17":"product_tag-trebisov","19":"first","20":"instock","21":"virtual","22":"taxable","23":"purchasable","24":"product-type-simple"},"_links":{"self":[{"href":"https:\/\/www.experttutor.online\/sk\/wp-json\/wp\/v2\/product\/1163","targetHints":{"allow":["GET"]}}],"collection":[{"href":"https:\/\/www.experttutor.online\/sk\/wp-json\/wp\/v2\/product"}],"about":[{"href":"https:\/\/www.experttutor.online\/sk\/wp-json\/wp\/v2\/types\/product"}],"replies":[{"embeddable":true,"href":"https:\/\/www.experttutor.online\/sk\/wp-json\/wp\/v2\/comments?post=1163"}],"wp:featuredmedia":[{"embeddable":true,"href":"https:\/\/www.experttutor.online\/sk\/wp-json\/wp\/v2\/media\/1161"}],"wp:attachment":[{"href":"https:\/\/www.experttutor.online\/sk\/wp-json\/wp\/v2\/media?parent=1163"}],"wp:term":[{"taxonomy":"product_brand","embeddable":true,"href":"https:\/\/www.experttutor.online\/sk\/wp-json\/wp\/v2\/product_brand?post=1163"},{"taxonomy":"product_cat","embeddable":true,"href":"https:\/\/www.experttutor.online\/sk\/wp-json\/wp\/v2\/product_cat?post=1163"},{"taxonomy":"product_tag","embeddable":true,"href":"https:\/\/www.experttutor.online\/sk\/wp-json\/wp\/v2\/product_tag?post=1163"}],"curies":[{"name":"wp","href":"https:\/\/api.w.org\/{rel}","templated":true}]}}