{"id":1183,"date":"2024-03-11T21:59:28","date_gmt":"2024-03-11T21:59:28","guid":{"rendered":"https:\/\/www.experttutor.online\/?post_type=product&#038;p=1183"},"modified":"2024-03-11T22:13:18","modified_gmt":"2024-03-11T22:13:18","slug":"doucovanie-technickych-predmetov-s-petrom-mechanika-termomechanika-pruznost-pevnost-a-plasticita","status":"publish","type":"product","link":"https:\/\/www.experttutor.online\/sk\/product\/doucovanie-technickych-predmetov-s-petrom-mechanika-termomechanika-pruznost-pevnost-a-plasticita\/","title":{"rendered":"Dou\u010dovanie technick\u00fdch predmetov s Petrom (Mechanika, Termomechanika, Pru\u017enos\u0165, pevnos\u0165 a plasticita )"},"content":{"rendered":"<p><strong>U\u010dite\u013e technick\u00fdch predmetov<\/strong><\/p>\n<p>fyziky, matematiky + aplikovan\u00e9 predmety V\u0160 (Hydrotermomechanika, Pevnos\u0165, pru\u017enos\u0165 plasticita, Mechanika tuh\u00fdch telies) a in\u00e9<\/p>\n<p><strong>Vekov\u00e1 kateg\u00f3ria dou\u010dovania: <\/strong>10-24<\/p>\n<p><strong>\u00darove\u0148 v\u00fdu\u010dby:<\/strong> Z\u0160\/ S\u0160\/ V\u0160 &#8211; dospel\u00ed \u013eudia<\/p>\n<p><strong>Lokalita v ktorej dou\u010dujem: <\/strong>Trnava + online<\/p>\n<p><strong>D\u013a\u017eka vyu\u010dovacej hodiny:<\/strong>\u00a0 60 min\u00fat\u00a0 &#8211;\u00a0 minim\u00e1lny rozsah dou\u010dovania 2 x 60min<\/p>\n<p><strong>Z\u013eavy:<\/strong> Dou\u010dovanie skup\u00edn &#8211; z\u00e1visl\u00e9 od po\u010dtu \u0161tudentov &#8211; cena je pre 1 osobu : Pr: 2 osoby 18Eur\/60min za osobu, 3 osoby 17 Eur\/60min za osobu, 4 osoby 16 Eur\/60min za osobu,<br \/>\n5os\u00f4b 15Eur\/60min na ka\u017ed\u00fa osobu<\/p>\n<p><strong>Opis dou\u010dovate\u013ea: <\/strong>Dou\u010dovanie technick\u00fdch predmetov<\/p>\n<p>Pon\u00fakam dou\u010dovania z ni\u017e\u0161ie uveden\u00fdch predmetov:<br \/>\nOpera\u010dn\u00e1 anal\u00fdza<br \/>\nFyzika 1<br \/>\nFyzika 2<br \/>\nAplikovan\u00e1 Fyzika<br \/>\nMatematika 1<br \/>\nMatematika 2<br \/>\nMatematika 3<br \/>\nMechanika Tuh\u00fdch a poddajn\u00fdch telies<br \/>\nTermomechanika, mechanika tekut\u00edn.<br \/>\nMechanika strojov a pohonov<br \/>\nPru\u017enos\u0165, pevnos\u0165 a plasticita<\/p>\n<p>Aktu\u00e1lne sa jedn\u00e1 o Online sedenia<br \/>\nDou\u010dovaniu sa venujem u\u017e 24+ rokov.<br \/>\n\u010casov\u00e1 flexibilita a individu\u00e1lny pr\u00edstup s\u00fa samozrejmos\u0165ou<\/p>\n<p><strong>T\u00e9my a oblasti dou\u010dovania:<\/strong> Kompletn\u00e9 u\u010divo Matematiky, Fyziky pre Z\u0160 , S\u0160, V\u0160 + aplikovan\u00e9 predmety V\u0160 (Hydrotermomechanika, Pevnos\u0165, pru\u017enos\u0165 plasticita, Mechanika tuh\u00fdch telies) a in\u00e9.<br \/>\nPoskytujem Individu\u00e1lne aj skupinov\u00e9 dou\u010dovania<\/p>\n<p>Potrebn\u00e9 je ma\u0165 dobr\u00fa n\u00e1ladu a chu\u0165 nau\u010di\u0165 sa nov\u00e9 veci.<\/p>\n<p><strong>Forma dou\u010dovania:<\/strong> online<\/p>\n<p><strong>Dou\u010dovanie v jazykoch:<\/strong> preferovan\u00fd jazyk v\u00fdu\u010dby je slovensk\u00fd<\/p>\n<p><strong>Dostupnos\u0165:<\/strong> Cez pracovn\u00e9 dni po 16:00 a cez v\u00edkendy a sviatky pod\u013ea dohody<\/p>\n","protected":false},"featured_media":1172,"comment_status":"open","ping_status":"closed","template":"","meta":[],"product_brand":[],"product_cat":[75,122,143,165,85],"product_tag":[70,167,166,74,164,71,168,169,87],"class_list":{"0":"post-1183","1":"product","2":"type-product","3":"status-publish","4":"has-post-thumbnail","6":"product_cat-lokalita","7":"product_cat-online","8":"product_cat-slovensko","9":"product_cat-technicke-predmety","10":"product_cat-trnava","11":"product_tag-fyzika","12":"product_tag-hydrotermomechanika","13":"product_tag-machanika","14":"product_tag-matematika","15":"product_tag-mechanika","16":"product_tag-online","17":"product_tag-pevnost","18":"product_tag-pruznost","19":"product_tag-trnava","21":"first","22":"instock","23":"virtual","24":"taxable","25":"purchasable","26":"product-type-simple"},"_links":{"self":[{"href":"https:\/\/www.experttutor.online\/sk\/wp-json\/wp\/v2\/product\/1183","targetHints":{"allow":["GET"]}}],"collection":[{"href":"https:\/\/www.experttutor.online\/sk\/wp-json\/wp\/v2\/product"}],"about":[{"href":"https:\/\/www.experttutor.online\/sk\/wp-json\/wp\/v2\/types\/product"}],"replies":[{"embeddable":true,"href":"https:\/\/www.experttutor.online\/sk\/wp-json\/wp\/v2\/comments?post=1183"}],"wp:featuredmedia":[{"embeddable":true,"href":"https:\/\/www.experttutor.online\/sk\/wp-json\/wp\/v2\/media\/1172"}],"wp:attachment":[{"href":"https:\/\/www.experttutor.online\/sk\/wp-json\/wp\/v2\/media?parent=1183"}],"wp:term":[{"taxonomy":"product_brand","embeddable":true,"href":"https:\/\/www.experttutor.online\/sk\/wp-json\/wp\/v2\/product_brand?post=1183"},{"taxonomy":"product_cat","embeddable":true,"href":"https:\/\/www.experttutor.online\/sk\/wp-json\/wp\/v2\/product_cat?post=1183"},{"taxonomy":"product_tag","embeddable":true,"href":"https:\/\/www.experttutor.online\/sk\/wp-json\/wp\/v2\/product_tag?post=1183"}],"curies":[{"name":"wp","href":"https:\/\/api.w.org\/{rel}","templated":true}]}}