{"id":1188,"date":"2024-03-17T10:00:53","date_gmt":"2024-03-17T10:00:53","guid":{"rendered":"https:\/\/www.experttutor.online\/?post_type=product&#038;p=1188"},"modified":"2024-03-17T10:21:24","modified_gmt":"2024-03-17T10:21:24","slug":"cinsky-jazyk-doucovanie-s-katkou","status":"publish","type":"product","link":"https:\/\/www.experttutor.online\/sk\/product\/cinsky-jazyk-doucovanie-s-katkou\/","title":{"rendered":"\u010c\u00ednsky jazyk &#8211; dou\u010dovanie s Katkou"},"content":{"rendered":"<p><strong>U\u010dite\u013eka \u010d\u00ednskeho jazyka<\/strong>,<\/p>\n<p><strong>Vekov\u00e1 kateg\u00f3ria dou\u010dovania:<\/strong> v\u0161etky<\/p>\n<p><strong>\u00darove\u0148 v\u00fdu\u010dby:<\/strong> Od za\u010diato\u010dn\u00edkov po pokro\u010dil\u00fdch<\/p>\n<p><strong>Lokalita v ktorej dou\u010dujem: <\/strong>Tianjin \u010c\u00edna + online<\/p>\n<p><strong>D\u013a\u017eka vyu\u010dovacej hodiny:<\/strong>\u00a0 60 min\u00fat<\/p>\n<p><strong>Z\u013eavy:<\/strong> Pokia\u013e niekto \u0161tuduje aspo\u0148 3 hodiny do t\u00fd\u017ed\u0148a tak 60 min= 25\u20ac<\/p>\n<p><strong>Opis dou\u010dovate\u013ea:<\/strong> Dobr\u00fd de\u0148. Vol\u00e1m sa Katar\u00edna Sl\u00e1de\u010dkov\u00e1 a mojim hobby, ale aj pr\u00e1cou je u\u010denie \u010d\u00ednskeho jazyka. M\u00e1m dva magistersk\u00e9 tituly z\u00edskan\u00e9 z univerzity v \u010c\u00edne (Tianjin univeristy) a to MBA v anglickom jazyku (master of business communication) a u\u010dite\u013estvo \u010d\u00ednskeho jazyka (MTCSOL) vyu\u010dovan\u00e9 v \u010d\u00ednskom jazyku. M\u00e1m 10 ro\u010dn\u00e9 sk\u00fasenosti s v\u00fdu\u010dbou \u010d\u00edn\u0161tiny, sloven\u010diny pre cudzincov najm\u00e4 \u010c\u00ed\u0148anov a angli\u010dtiny. 15 ro\u010dne sk\u00fasenosti s p\u00edsan\u00edm \u010dl\u00e1nkov a popisov k produktom. Taktie\u017e m\u00e1m sk\u00fasenosti s tlmo\u010den\u00edm a prekladan\u00edm. K tomu v\u0161etk\u00e9mu som i autorkou prvej Slovensko-\u010d\u00ednskej dvojjazy\u010dnej beletrie s n\u00e1zvom Slovenka v krajine draka. Ako si teda m\u00f4\u017eete v\u0161imn\u00fa\u0165, mojimi z\u00e1\u013eubami je p\u00edsanie \u010dl\u00e1nkov a pr\u00edbahov rovnako ako aj u\u010denie \u010d\u00ednskeho jazyka.<br \/>\nPrax: Moment\u00e1lne som \u0161tudent a moment\u00e1lne \u0161tudujem u\u010dite\u013estvo \u010d\u00ednskeho jazyka v \u010c\u00edne (posledn\u00fd ro\u010dn\u00edk). Z\u00e1rove\u0148 m\u00e1m 10 ro\u010dn\u00fa prax s u\u010den\u00edm.<\/p>\n<p><strong>T\u00e9my a oblasti dou\u010dovania:<\/strong> \u010c\u00ednsky jazyk, \u010d\u00ednska kult\u00fara, \u010d\u00ednsky jazyk dou\u010dovanie, \u010d\u00ednsky jazyk pre za\u010diato\u010dn\u00edkov&#8230;<\/p>\n<p>\u0160tudenti sa nau\u010dia \u010d\u00edta\u0165, p\u00edsa\u0165, po\u010d\u00fava\u0165 aj rozpr\u00e1va\u0165. Ide teda o komplexn\u00fa v\u00fdu\u010dbu pokia\u013e si \u0161tudent nepraje inak<\/p>\n<p>Skupina: Ak by bol z\u00e1ujem o skupinov\u00e9 hodiny m\u00f4\u017eem robi\u0165\u00a0 skupinov\u00e9\u00a0 hodiny od 2 do 30 \u0161tudentov.<\/p>\n<p><strong>Forma dou\u010dovania:<\/strong> online<\/p>\n<p><strong>Dou\u010dovanie v jazykoch:<\/strong>\u00a0 sloven\u010dina, angli\u010dtina, \u010d\u00edn\u0161tina<\/p>\n<p><strong>Dostupnos\u0165:<\/strong><\/p>\n<p>Pondelok: 5:00-15:00<br \/>\nUtorok 5:00-14:00<br \/>\nStreda 5:00-15:00<br \/>\n\u0160tvrtok 5:00-13:00<br \/>\nPiatok 5:00-17:00<\/p>\n","protected":false},"featured_media":1190,"comment_status":"open","ping_status":"closed","template":"","meta":[],"product_brand":[],"product_cat":[172,171,52,122,143],"product_tag":[175,174,173,71],"class_list":{"0":"post-1188","1":"product","2":"type-product","3":"status-publish","4":"has-post-thumbnail","6":"product_cat-cina","7":"product_cat-cinsky-jazyk","8":"product_cat-jazyky","9":"product_cat-online","10":"product_cat-slovensko","11":"product_tag-cina","12":"product_tag-cinsky-jazyk","13":"product_tag-cinstina","14":"product_tag-online","16":"first","17":"instock","18":"sale","19":"virtual","20":"taxable","21":"purchasable","22":"product-type-simple"},"_links":{"self":[{"href":"https:\/\/www.experttutor.online\/sk\/wp-json\/wp\/v2\/product\/1188","targetHints":{"allow":["GET"]}}],"collection":[{"href":"https:\/\/www.experttutor.online\/sk\/wp-json\/wp\/v2\/product"}],"about":[{"href":"https:\/\/www.experttutor.online\/sk\/wp-json\/wp\/v2\/types\/product"}],"replies":[{"embeddable":true,"href":"https:\/\/www.experttutor.online\/sk\/wp-json\/wp\/v2\/comments?post=1188"}],"wp:featuredmedia":[{"embeddable":true,"href":"https:\/\/www.experttutor.online\/sk\/wp-json\/wp\/v2\/media\/1190"}],"wp:attachment":[{"href":"https:\/\/www.experttutor.online\/sk\/wp-json\/wp\/v2\/media?parent=1188"}],"wp:term":[{"taxonomy":"product_brand","embeddable":true,"href":"https:\/\/www.experttutor.online\/sk\/wp-json\/wp\/v2\/product_brand?post=1188"},{"taxonomy":"product_cat","embeddable":true,"href":"https:\/\/www.experttutor.online\/sk\/wp-json\/wp\/v2\/product_cat?post=1188"},{"taxonomy":"product_tag","embeddable":true,"href":"https:\/\/www.experttutor.online\/sk\/wp-json\/wp\/v2\/product_tag?post=1188"}],"curies":[{"name":"wp","href":"https:\/\/api.w.org\/{rel}","templated":true}]}}