{"id":1198,"date":"2024-03-17T18:57:00","date_gmt":"2024-03-17T18:57:00","guid":{"rendered":"https:\/\/www.experttutor.online\/?post_type=product&#038;p=1198"},"modified":"2024-04-04T08:45:14","modified_gmt":"2024-04-04T08:45:14","slug":"pripravne-kurzy-z-chemie-doucovanie-s-nikolou","status":"publish","type":"product","link":"https:\/\/www.experttutor.online\/sk\/product\/pripravne-kurzy-z-chemie-doucovanie-s-nikolou\/","title":{"rendered":"Pr\u00edpravn\u00e9 kurzy z ch\u00e9mie &#8211; dou\u010dovanie s Nikolou"},"content":{"rendered":"<p><strong>U\u010dite\u013eka ch\u00e9mie a biol\u00f3gie<\/strong>,<\/p>\n<p><strong>Vekov\u00e1 kateg\u00f3ria dou\u010dovania:<\/strong> od z\u00e1kladnej a\u017e po vysok\u00fa \u0161kolu<\/p>\n<p><strong>\u00darove\u0148 v\u00fdu\u010dby:<\/strong> od z\u00e1kladnej a\u017e po vysok\u00fa \u0161kolu<\/p>\n<p><strong>Lokalita v ktorej dou\u010dujem: <\/strong>online<\/p>\n<p><strong>D\u013a\u017eka vyu\u010dovacej hodiny:<\/strong>\u00a0 60 min\u00fat<\/p>\n<p><strong>Z\u013eavy:<\/strong> pri k\u00fape mesa\u010dn\u00e9ho kurzu.<\/p>\n<p>Pr\u00edpravne kurzy z ch\u00e9mie a biol\u00f3gie na pri\u00edma\u010dky: medic\u00edna, zubn\u00e9 lek\u00e1rstvo, veterin\u00e1rne lek\u00e1rstvo.<br \/>\n40 eur \/ mesiac za 1 predmet (1 x t\u00fd\u017edenne)<\/p>\n<p>Platba vopred za mesiac.<\/p>\n<p><strong>Opis dou\u010dovate\u013ea:<\/strong> Som mlad\u00e1, \u017eena, miluj\u00faca biol\u00f3giu a ch\u00e9miu. Aktu\u00e1lne \u0161tudujem posledn\u00fd ro\u010dn\u00edk V\u0160- biol\u00f3gia. Z\u00e1rove\u0148, si roz\u0161irujem moje \u0161t\u00fadium, a v z\u00e1vere tohto roka dosiahnem titul doktor pr\u00edrodn\u00fdch vied. M\u00e1m sk\u00fasenosti s dou\u010dovan\u00edm, a svoju pr\u00e1cu milujem, je to z\u00e1rove\u0148 moje hobby.<br \/>\nPrax: \u0161tudent + prax s dou\u010dovan\u00edm 3 roky, brig\u00e1dne- pracujem ako lektor biol\u00f3gia, ch\u00e9mia<\/p>\n<p><strong>T\u00e9my a oblasti dou\u010dovania:<\/strong> Biol\u00f3gia, ch\u00e9mia, bioch\u00e9mia, lek\u00e1rska ch\u00e9mia a biol\u00f3gia, genetika,&#8230;&#8230;.<\/p>\n<p>Vyu\u010dujem v\u0161etky pododbory ch\u00e9mie a biol\u00f3gie. Naj\u010dastej\u0161ie: biol\u00f3gia, ch\u00e9mia, genetika, bioch\u00e9mia, lek\u00e1rska biol\u00f3gia, lek\u00e1rska ch\u00e9mia, pr\u00edrodn\u00e9 vedy<\/p>\n<p>Skupinov\u00e9 dou\u010dovania: skupina 2-10 \u013eud\u00ed<\/p>\n<p>Kurz: Pr\u00edpravne kurzy z ch\u00e9mie a biol\u00f3gie na pri\u00edma\u010dky: medic\u00edna, zubn\u00e9 lek\u00e1rstvo, veterin\u00e1rne lek\u00e1rstvo.<\/p>\n<p>Ka\u017ed\u00e9mu \u0161tudentovi posielam materi\u00e1ly na email.<\/p>\n<p><strong>Forma dou\u010dovania:<\/strong> online<\/p>\n<p><strong>Dou\u010dovanie v jazykoch:<\/strong>\u00a0 sloven\u010dina<\/p>\n<p><strong>Dostupnos\u0165: <\/strong>pod\u013ea dohody<\/p>\n<p>&nbsp;<\/p>\n","protected":false},"featured_media":1202,"comment_status":"open","ping_status":"closed","template":"","meta":[],"product_brand":[],"product_cat":[62],"product_tag":[98,79,176,71],"class_list":{"0":"post-1198","1":"product","2":"type-product","3":"status-publish","4":"has-post-thumbnail","6":"product_cat-chemia","7":"product_tag-biologia","8":"product_tag-chemia","9":"product_tag-medicina","10":"product_tag-online","12":"first","13":"instock","14":"virtual","15":"taxable","16":"purchasable","17":"product-type-simple"},"_links":{"self":[{"href":"https:\/\/www.experttutor.online\/sk\/wp-json\/wp\/v2\/product\/1198","targetHints":{"allow":["GET"]}}],"collection":[{"href":"https:\/\/www.experttutor.online\/sk\/wp-json\/wp\/v2\/product"}],"about":[{"href":"https:\/\/www.experttutor.online\/sk\/wp-json\/wp\/v2\/types\/product"}],"replies":[{"embeddable":true,"href":"https:\/\/www.experttutor.online\/sk\/wp-json\/wp\/v2\/comments?post=1198"}],"wp:featuredmedia":[{"embeddable":true,"href":"https:\/\/www.experttutor.online\/sk\/wp-json\/wp\/v2\/media\/1202"}],"wp:attachment":[{"href":"https:\/\/www.experttutor.online\/sk\/wp-json\/wp\/v2\/media?parent=1198"}],"wp:term":[{"taxonomy":"product_brand","embeddable":true,"href":"https:\/\/www.experttutor.online\/sk\/wp-json\/wp\/v2\/product_brand?post=1198"},{"taxonomy":"product_cat","embeddable":true,"href":"https:\/\/www.experttutor.online\/sk\/wp-json\/wp\/v2\/product_cat?post=1198"},{"taxonomy":"product_tag","embeddable":true,"href":"https:\/\/www.experttutor.online\/sk\/wp-json\/wp\/v2\/product_tag?post=1198"}],"curies":[{"name":"wp","href":"https:\/\/api.w.org\/{rel}","templated":true}]}}