{"id":1230,"date":"2024-03-21T11:02:59","date_gmt":"2024-03-21T11:02:59","guid":{"rendered":"https:\/\/www.experttutor.online\/?post_type=product&#038;p=1230"},"modified":"2024-03-21T11:07:58","modified_gmt":"2024-03-21T11:07:58","slug":"anglicky-jazyk-doucovanie-s-francuzskym-lektorom-florianom","status":"publish","type":"product","link":"https:\/\/www.experttutor.online\/sk\/product\/anglicky-jazyk-doucovanie-s-francuzskym-lektorom-florianom\/","title":{"rendered":"Anglick\u00fd jazyk &#8211; dou\u010dovanie s franc\u00fazskym lektorom Flori\u00e1nom"},"content":{"rendered":"<p><strong>U\u010dite\u013e anglick\u00e9ho a franc\u00fazskeho jazyka<\/strong>, roden\u00fd franc\u00faz<\/p>\n<p><strong>Vekov\u00e1 kateg\u00f3ria dou\u010dovania:<\/strong> 13-99<\/p>\n<p><strong>\u00darove\u0148 v\u00fdu\u010dby:\u00a0<\/strong>v\u0161etky kateg\u00f3rie<\/p>\n<p><strong>Lokalita v ktorej dou\u010dujem:<\/strong> online \/ Bratislava<\/p>\n<p><strong>D\u013a\u017eka vyu\u010dovacej hodiny:<\/strong>\u00a0 60 min\u00fat (varianty 30, 45, 90 min)<\/p>\n<p><strong>Z\u013eavy:<\/strong> 10%<\/p>\n<p><strong>Opis dou\u010dovate\u013ea:<\/strong><\/p>\n<p>Dobr\u00fd de\u0148, som kvalifikovan\u00fd u\u010dite\u013eka angli\u010dtiny a franc\u00faz\u0161tiny, ale ovl\u00e1dam aj \u0161paniel\u010dinu.<br \/>\nJazyky, slov\u00e1 a p\u00edsanie s\u00fa moj\u00edm hlavn\u00fdm kon\u00ed\u010dkom u\u017e od mladosti.<br \/>\nVy\u0161tudoval som u\u010dite\u013estvo \u0161paniel\u010diny vo Franc\u00fazsku a m\u00e1m ve\u013ea sk\u00fasenost\u00ed s v\u00fdu\u010dbou v jazykov\u00fdch \u0161kol\u00e1ch.<\/p>\n<p>Pracoval som na troch r\u00f4znych stredn\u00fdch \u0161kol\u00e1ch, robil som online v\u00fdu\u010dbu, robil som opatrovate\u013eku a pracovala som aj v centre na pomoc \u0161tudentom s cudz\u00edmi jazykmi a dom\u00e1cimi \u00falohami.<br \/>\nSom ve\u013emi n\u00e1pomocn\u00fd \u013eu\u010fom, ktor\u00ed za\u010d\u00ednaj\u00fa s cudz\u00edmi jazykmi a tie\u017e viem, ako by\u0165 l\u00e1skav\u00fd, aby sa \u013eudia c\u00edtili sebavedomo, pohodlne a slobodne, ke\u010f so mnou objavuj\u00fa nov\u00e9 veci.<\/p>\n<p>D\u00fafam, \u017ee sa mi \u010doskoro ozvete \ud83d\ude42<\/p>\n<p><strong>T\u00e9my a oblasti dou\u010dovania: <\/strong>Je na \u0161tudentovi, \u010do si vyberie. Viem dou\u010dova\u0165 r\u00f4zne t\u00e9my.<\/p>\n<p><strong>Forma dou\u010dovania:<\/strong> online \/ osobne za pr\u00edplatok<\/p>\n<p><strong>Dou\u010dovanie v jazykoch:\u00a0<\/strong><span class=\"Y2IQFc\" lang=\"sk\">Franc\u00fazsly, \u0160panielsky, Anglicky<\/span><\/p>\n<p><strong>Dostupnos\u0165:<\/strong> Zatia\u013e do konca apr\u00edla ka\u017ed\u00fd de\u0148 medzi 18:00 a 20:00. Niekedy to m\u00f4\u017ee \u00eds\u0165 a\u017e do 20:30. Utorok a \u0161tvrtok len do 19:00<\/p>\n","protected":false},"featured_media":1215,"comment_status":"open","ping_status":"closed","template":"","meta":[],"product_brand":[],"product_cat":[55,80,52,75,122,143],"product_tag":[139,67,78,135,134,71],"class_list":{"0":"post-1230","1":"product","2":"type-product","3":"status-publish","4":"has-post-thumbnail","6":"product_cat-anglicky-jazyk","7":"product_cat-bratislava","8":"product_cat-jazyky","9":"product_cat-lokalita","10":"product_cat-online","11":"product_cat-slovensko","12":"product_tag-anglicky-jazyk","13":"product_tag-anglictina","14":"product_tag-bratislava","15":"product_tag-francuzsky-jazyk","16":"product_tag-francuzstina","17":"product_tag-online","18":"pa_balicek-hodin-so-zlavou-balicek-10-hodin","19":"pa_dlzka-hodiny-45-minut","20":"pa_dlzka-hodiny-60-minut","21":"pa_dlzka-hodiny-90-minut","23":"first","24":"instock","25":"sale","26":"virtual","27":"taxable","28":"purchasable","29":"product-type-simple"},"_links":{"self":[{"href":"https:\/\/www.experttutor.online\/sk\/wp-json\/wp\/v2\/product\/1230","targetHints":{"allow":["GET"]}}],"collection":[{"href":"https:\/\/www.experttutor.online\/sk\/wp-json\/wp\/v2\/product"}],"about":[{"href":"https:\/\/www.experttutor.online\/sk\/wp-json\/wp\/v2\/types\/product"}],"replies":[{"embeddable":true,"href":"https:\/\/www.experttutor.online\/sk\/wp-json\/wp\/v2\/comments?post=1230"}],"wp:featuredmedia":[{"embeddable":true,"href":"https:\/\/www.experttutor.online\/sk\/wp-json\/wp\/v2\/media\/1215"}],"wp:attachment":[{"href":"https:\/\/www.experttutor.online\/sk\/wp-json\/wp\/v2\/media?parent=1230"}],"wp:term":[{"taxonomy":"product_brand","embeddable":true,"href":"https:\/\/www.experttutor.online\/sk\/wp-json\/wp\/v2\/product_brand?post=1230"},{"taxonomy":"product_cat","embeddable":true,"href":"https:\/\/www.experttutor.online\/sk\/wp-json\/wp\/v2\/product_cat?post=1230"},{"taxonomy":"product_tag","embeddable":true,"href":"https:\/\/www.experttutor.online\/sk\/wp-json\/wp\/v2\/product_tag?post=1230"}],"curies":[{"name":"wp","href":"https:\/\/api.w.org\/{rel}","templated":true}]}}