{"id":1256,"date":"2024-03-28T09:45:46","date_gmt":"2024-03-28T09:45:46","guid":{"rendered":"https:\/\/www.experttutor.online\/?post_type=product&#038;p=1256"},"modified":"2024-03-28T11:28:00","modified_gmt":"2024-03-28T11:28:00","slug":"arabsky-jazyk-online-doucovanie-s-arabskym-lektorom-naddehom-z-dubaja","status":"publish","type":"product","link":"https:\/\/www.experttutor.online\/sk\/product\/arabsky-jazyk-online-doucovanie-s-arabskym-lektorom-naddehom-z-dubaja\/","title":{"rendered":"Arabsk\u00fd jazyk &#8211; online dou\u010dovanie s arabsk\u00fdm lektorom Naddehom z Dubaja"},"content":{"rendered":"<p><strong>U\u010dite\u013e arabsk\u00e9ho jazyka<\/strong>, u\u010dite\u013e \u017eije v Dubaji<\/p>\n<p><strong>Vekov\u00e1 kateg\u00f3ria dou\u010dovania:<\/strong> v\u0161etky vekov\u00e9 \u00farovne<\/p>\n<p><strong>\u00darove\u0148 v\u00fdu\u010dby:\u00a0<\/strong>v\u0161etky kateg\u00f3rie<\/p>\n<p><strong>Lokalita v ktorej dou\u010dujem:<\/strong> online<\/p>\n<p><strong>D\u013a\u017eka vyu\u010dovacej hodiny:<\/strong>\u00a0 40 min\u00fat<\/p>\n<p><strong>Z\u013eavy:<\/strong> v pr\u00edpade skupinov\u00fdch hod\u00edn 2 a viac \u0161tudentov\u00a0 z\u013eava 5 eur za \u0161tudenta (teda za 1 \u0161tudenta\u00a0 20 eur namiesto 25eur)<\/p>\n<p><strong>Opis dou\u010dovate\u013ea:<\/strong><\/p>\n<p>\u0160pecializujem sa na arabsk\u00fa gramatiku a literat\u00faru a neust\u00e1le si zdokona\u013eujem svoje znalosti v tejto oblasti.<br \/>\nPrax: Som kvalifikovan\u00fd u\u010dite\u013e. M\u00e1m viac ako 10-ro\u010dn\u00e9 sk\u00fasenosti s v\u00fdu\u010dbou arab\u010diny.<\/p>\n<p><strong>T\u00e9my a oblasti dou\u010dovania: <\/strong>Dou\u010dujem arabsk\u00fa gramatiku, rob\u00edm preklady z angli\u010dtiny do arab\u010diny. Viem u\u010di\u0165 o arabskej kult\u00fare.<\/p>\n<p>Pr\u00edklad, ako u\u010d\u00edm, mo\u017eete vidie\u0165 na videu: https:\/\/www.youtube.com\/watch?v=MBR4GBlwGJQ&amp;list=PLPnV1wmbt-s4W5XtXdVVDmgNnq8EHRXuk<\/p>\n<p><strong>Forma dou\u010dovania:<\/strong> online<\/p>\n<p><strong>Dou\u010dovanie v jazykoch: <\/strong><span class=\"Y2IQFc\" lang=\"sk\">Anglicky, Arabsky<\/span><\/p>\n<p><strong>Dostupnos\u0165:<\/strong> Som flexibiln\u00fd, pod\u013ea dohody ktor\u00fdko\u013evek de\u0148<\/p>\n","protected":false},"featured_media":1254,"comment_status":"open","ping_status":"closed","template":"","meta":[],"product_brand":[],"product_cat":[185,52,122,143,184],"product_tag":[139,67,187,188,192,189,71,191,190],"class_list":{"0":"post-1256","1":"product","2":"type-product","3":"status-publish","4":"has-post-thumbnail","6":"product_cat-arabsky-jazyk","7":"product_cat-jazyky","8":"product_cat-online","9":"product_cat-slovensko","10":"product_cat-uae","11":"product_tag-anglicky-jazyk","12":"product_tag-anglictina","13":"product_tag-arabcina","14":"product_tag-arabsky-jazyk","15":"product_tag-arrabic","16":"product_tag-dubaj","17":"product_tag-online","18":"product_tag-sae","19":"product_tag-uae","20":"pa_balicek-hodin-so-zlavou-1-hodina","21":"pa_balicek-hodin-so-zlavou-balicek-10-hodin","22":"pa_dlzka-hodiny-40-minut","24":"first","25":"instock","26":"taxable","27":"shipping-taxable","28":"purchasable","29":"product-type-variable"},"_links":{"self":[{"href":"https:\/\/www.experttutor.online\/sk\/wp-json\/wp\/v2\/product\/1256","targetHints":{"allow":["GET"]}}],"collection":[{"href":"https:\/\/www.experttutor.online\/sk\/wp-json\/wp\/v2\/product"}],"about":[{"href":"https:\/\/www.experttutor.online\/sk\/wp-json\/wp\/v2\/types\/product"}],"replies":[{"embeddable":true,"href":"https:\/\/www.experttutor.online\/sk\/wp-json\/wp\/v2\/comments?post=1256"}],"wp:featuredmedia":[{"embeddable":true,"href":"https:\/\/www.experttutor.online\/sk\/wp-json\/wp\/v2\/media\/1254"}],"wp:attachment":[{"href":"https:\/\/www.experttutor.online\/sk\/wp-json\/wp\/v2\/media?parent=1256"}],"wp:term":[{"taxonomy":"product_brand","embeddable":true,"href":"https:\/\/www.experttutor.online\/sk\/wp-json\/wp\/v2\/product_brand?post=1256"},{"taxonomy":"product_cat","embeddable":true,"href":"https:\/\/www.experttutor.online\/sk\/wp-json\/wp\/v2\/product_cat?post=1256"},{"taxonomy":"product_tag","embeddable":true,"href":"https:\/\/www.experttutor.online\/sk\/wp-json\/wp\/v2\/product_tag?post=1256"}],"curies":[{"name":"wp","href":"https:\/\/api.w.org\/{rel}","templated":true}]}}