{"id":1415,"date":"2024-04-16T13:01:09","date_gmt":"2024-04-16T13:01:09","guid":{"rendered":"https:\/\/www.experttutor.online\/?post_type=product&#038;p=1415"},"modified":"2024-04-16T13:03:54","modified_gmt":"2024-04-16T13:03:54","slug":"kalkulacie-a-rozpocty-doucovanie-s-biankou","status":"publish","type":"product","link":"https:\/\/www.experttutor.online\/sk\/product\/kalkulacie-a-rozpocty-doucovanie-s-biankou\/","title":{"rendered":"Kalkul\u00e1cie a rozpo\u010dty &#8211; dou\u010dovanie s Biankou"},"content":{"rendered":"<p><strong>U\u010dite\u013eka ekon\u00f3mie, \u00fa\u010dtovn\u00edctva, kalkul\u00e1ci\u00ed a rozpo\u010dtovania<\/strong><\/p>\n<p>\u00da\u010dtovn\u00edctvo, Podnikov\u00e1 ekonomika, Kalkul\u00e1cie a rozpo\u010dty<\/p>\n<p><strong>Vekov\u00e1 kateg\u00f3ria dou\u010dovania: <\/strong>15 &#8211; 25 rokov cca, v pr\u00edpade extern\u00fdch \u0161tudentov aj star\u0161\u00ed<\/p>\n<p><strong>\u00darove\u0148 v\u00fdu\u010dby:<\/strong> stredo\u0161kolsk\u00ed a vysoko\u0161kolsk\u00ed \u0161tudenti<\/p>\n<p><strong>Lokalita v ktorej dou\u010dujem: <\/strong>Nov\u00e9 Z\u00e1mky + online<\/p>\n<p><strong>D\u013a\u017eka vyu\u010dovacej hodiny:<\/strong>\u00a0 60 min\u00fat<\/p>\n<p><strong>Z\u013eavy:<\/strong> pri skupinov\u00fdch dou\u010dovaniach<\/p>\n<p>Som \u0161tudentka doktorandsk\u00e9ho stup\u0148a a z\u00e1rove\u0148 som vy\u0161tudovala aj pedagogick\u00e9 minimum. M\u00e1m sk\u00fasenosti s u\u010den\u00edm stredo\u0161kol\u00e1kov aj vysoko\u0161kol\u00e1kov, pri\u010dom sa v\u017edy usilujem u\u010divo poda\u0165 zrozumite\u013en\u00fdm a pr\u00ed\u0165a\u017eliv\u00fdm sp\u00f4sobom. Vekovo m\u00e1m bl\u00edzko k svojim \u0161tudentom, v\u010faka \u010domu sa viem vc\u00edti\u0165 do ich situ\u00e1cie a prisp\u00f4sobi\u0165 v\u00fdu\u010dbu tak, aby si z nej \u010do najviac odniesli. U\u010denie ma nap\u013a\u0148a, rada odovzd\u00e1vam svoje vedomosti \u010fal\u0161\u00edm \u013eu\u010fom. Takisto sa akt\u00edvne zauj\u00edmam aj o predmety, ktor\u00e9 vyu\u010dujem, sledujem aktu\u00e1lne dianie a zmeny. Pova\u017eujem sa za trpezliv\u00e9ho, ochotn\u00e9ho a d\u00f4sledn\u00e9ho pedag\u00f3ga<\/p>\n<p><strong>Prax:<\/strong><\/p>\n<p>Som \u0161tudent doktorandsk\u00e9ho stup\u0148a na SPU v Nitre v odbore ekon\u00f3mia a mana\u017ement. Vyu\u010dujem vysoko\u0161kolsk\u00fdch \u0161tudentov predmety Kalkul\u00e1cie a rozpo\u010dty a Ceny a cenov\u00e1 politika. Taktie\u017e m\u00e1m vy\u0161tudovan\u00e9 dopl\u0148uj\u00face pedagogick\u00e9 \u0161t\u00fadium a absolvovan\u00fa prax na Obchodnej akad\u00e9mii v \u0160uranoch, kde som vyu\u010dovala predmety Podnikov\u00e1 ekonomika a \u00da\u010dtovn\u00edctvo<\/p>\n<p><strong>T\u00e9my a oblasti dou\u010dovania:<\/strong><\/p>\n<p>\u00da\u010dtovn\u00edctvo: vyu\u010dujem v\u0161etky ro\u010dn\u00edky stredo\u0161kolsk\u00e9ho stup\u0148a a takisto vysoko\u0161kolsk\u00fdch \u0161tudentov podvojn\u00e9 aj jednoduch\u00e9 \u00fa\u010dtovn\u00edctvo, vysvet\u013eujem logick\u00e9 s\u00favislosti, predkont\u00e1cie, komplexn\u00e9 pr\u00edklady, v pr\u00edpade za\u010diato\u010dn\u00edkov taktie\u017e dou\u010dujem z\u00e1klady, pripravujem \u0161tudentov na p\u00edsomky a sk\u00fa\u0161ky<\/p>\n<p>Podnikov\u00e1 ekonomika: vyu\u010dujem v\u0161etky ro\u010dn\u00edky stredo\u0161kolsk\u00e9ho stup\u0148a, vysvet\u013eujem pojmy, grafy, pr\u00edklady, pripravujem na testy<\/p>\n<p>Kalkul\u00e1cie a rozpo\u010dty: dou\u010dujem \u0161tvrt\u00fd ro\u010dn\u00edk stredo\u0161kolsk\u00e9ho stup\u0148a v r\u00e1mci predmetu \u00da\u010dtovn\u00edctvo a taktie\u017e vysoko\u0161kolsk\u00fdch \u0161tudentov pr\u00edklady zameran\u00e9 na r\u00f4zne met\u00f3dy kalkul\u00e1ci\u00ed, pripravujem na p\u00edsomky a sk\u00fa\u0161ky a taktie\u017e vysvet\u013eujem z\u00e1kladn\u00e9 pojmy<\/p>\n<p>Slkupina:\u00a0 v pr\u00edpade, \u017ee dan\u00ed \u0161tudenti s\u00fa z rovnak\u00e9ho ro\u010dn\u00edka. Mal\u00e9 skupinky 3 &#8211; 5 \u013eud\u00ed, iba online<\/p>\n<p><strong>Forma dou\u010dovania:<\/strong> osobne aj online<\/p>\n<p><strong>Dou\u010dovanie v jazykoch:<\/strong> slovensk\u00fd<\/p>\n<p><strong>Dostupnos\u0165:<\/strong> pondelok &#8211; \u0161tvrtok 16:00 &#8211; 19:00, sobota 9:00 &#8211; 11:00<\/p>\n","protected":false},"featured_media":1438,"comment_status":"open","ping_status":"closed","template":"","meta":[],"product_brand":[],"product_cat":[75,223,122,143,224],"product_tag":[201,232,200,229,71,230,233,231],"class_list":{"0":"post-1415","1":"product","2":"type-product","3":"status-publish","4":"has-post-thumbnail","6":"product_cat-lokalita","7":"product_cat-nove-zamky","8":"product_cat-online","9":"product_cat-slovensko","10":"product_cat-uctovnictvo","11":"product_tag-ekonomia","12":"product_tag-kalkulacie","13":"product_tag-makroekonomia","14":"product_tag-mikroekonomia","15":"product_tag-online","16":"product_tag-podnikova-ekonomika","17":"product_tag-rozpoctovanie","18":"product_tag-uctovnictvo","19":"pa_balicek-hodin-so-zlavou-1-hodina","20":"pa_balicek-hodin-so-zlavou-balicek-10-hodin","21":"pa_balicek-hodin-so-zlavou-balicek-5-hodin","22":"pa_osobne-online-online","23":"pa_osobne-online-osobne","24":"pa_viac-ziakov-na-hodine-1-ziak","25":"pa_viac-ziakov-na-hodine-2-ziaci","26":"pa_viac-ziakov-na-hodine-3-ziaci","27":"pa_viac-ziakov-na-hodine-4-ziaci","28":"pa_viac-ziakov-na-hodine-5-ziakov","30":"first","31":"instock","32":"taxable","33":"shipping-taxable","34":"purchasable","35":"product-type-variable"},"_links":{"self":[{"href":"https:\/\/www.experttutor.online\/sk\/wp-json\/wp\/v2\/product\/1415","targetHints":{"allow":["GET"]}}],"collection":[{"href":"https:\/\/www.experttutor.online\/sk\/wp-json\/wp\/v2\/product"}],"about":[{"href":"https:\/\/www.experttutor.online\/sk\/wp-json\/wp\/v2\/types\/product"}],"replies":[{"embeddable":true,"href":"https:\/\/www.experttutor.online\/sk\/wp-json\/wp\/v2\/comments?post=1415"}],"wp:featuredmedia":[{"embeddable":true,"href":"https:\/\/www.experttutor.online\/sk\/wp-json\/wp\/v2\/media\/1438"}],"wp:attachment":[{"href":"https:\/\/www.experttutor.online\/sk\/wp-json\/wp\/v2\/media?parent=1415"}],"wp:term":[{"taxonomy":"product_brand","embeddable":true,"href":"https:\/\/www.experttutor.online\/sk\/wp-json\/wp\/v2\/product_brand?post=1415"},{"taxonomy":"product_cat","embeddable":true,"href":"https:\/\/www.experttutor.online\/sk\/wp-json\/wp\/v2\/product_cat?post=1415"},{"taxonomy":"product_tag","embeddable":true,"href":"https:\/\/www.experttutor.online\/sk\/wp-json\/wp\/v2\/product_tag?post=1415"}],"curies":[{"name":"wp","href":"https:\/\/api.w.org\/{rel}","templated":true}]}}