{"id":1497,"date":"2024-05-03T10:19:01","date_gmt":"2024-05-03T10:19:01","guid":{"rendered":"https:\/\/www.experttutor.online\/?post_type=product&#038;p=1497"},"modified":"2024-05-20T18:49:05","modified_gmt":"2024-05-20T18:49:05","slug":"cyber-security-eticky-hacking-doucovanie-a-kurzy-s-etickym-hackerom-patrikom","status":"publish","type":"product","link":"https:\/\/www.experttutor.online\/sk\/product\/cyber-security-eticky-hacking-doucovanie-a-kurzy-s-etickym-hackerom-patrikom\/","title":{"rendered":"Cyber-Security (Etick\u00fd hacking)  &#8211; dou\u010dovanie a kurzy s etick\u00fdm hackerom Patrikom"},"content":{"rendered":"<p><strong>Etick\u00fd hacker<\/strong><\/p>\n<p>Cyber-Security, Etick\u00fd Hacking, C\/C++, C#, Asp.net,PL-SQL\/T-SQL, SQL<\/p>\n<p><strong>Vekov\u00e1 kateg\u00f3ria dou\u010dovania:<\/strong> 14 &#8211; 90<\/p>\n<p><strong>\u00darove\u0148 v\u00fdu\u010dby:<\/strong> v\u0161etky \u00farovne<\/p>\n<p><strong>Lokalita v ktorej dou\u010dujem:<\/strong> Bratislava, \u017dilina, \u010cadca<\/p>\n<p><strong>D\u013a\u017eka vyu\u010dovacej hodiny:<\/strong> 60 min. \/ minim\u00e1lna objedn\u00e1vka 2 hodiny<\/p>\n<p><strong>Z\u013eavy:<\/strong> 25% na \u017eiaka pri skupinovom dou\u010dovan\u00ed.<\/p>\n<p><strong>Opis dou\u010dovate\u013ea:<\/strong> Som profesion\u00e1lny program\u00e1tor. Programujem od 14. rokov, kedy som vyv\u00edjal prv\u00e9 malware. Ovl\u00e1dam n\u00edzko-\u00farov\u0148ov\u00e9 a vysoko-\u00farov\u0148ov\u00e9 jazyky. Ovl\u00e1dam cez 14 prog. jazykov vr\u00e1tane technol\u00f3gi\u00ed. Pure C (MCU) , C\/C++, C++\/CLI, C#, ASP-Net, Bash, Cmd, a e\u0161te viac. :]] Vydal som knihu a venujem sa behavior\u00e1lnemu spr\u00e1vaniu &#8211; a anal\u00fdzy podvodn\u00edkov, stalkerom, pedofilom. Spolupracujem s org. \u010dinn\u00fdch v strestnom konan\u00ed.<\/p>\n<p><strong>Prax<\/strong>: Som vy\u0161tudovan\u00fd profesion\u00e1lny program\u00e1tor V\u0160B-TUO. Na vysokej \u0161kole som viedol t\u00edm program\u00e1tor a \u0161tudentov \u0161tatistiky.<\/p>\n<p><strong>T\u00e9my a oblasti dou\u010dovania:<\/strong> Cyber-Security, Etick\u00fd Hacking, C\/C++, C#, Asp.net,PL-SQL\/T-SQL, SQL<\/p>\n<p>Vyu\u010dujem obranu v\u00f4\u010di hackerom &#8211; Cyber-Security, n\u00edzko &#8211; \u00farov\u0148ov\u00e9 programovanie (Win.API\/NT.API, a udocomented funkie platformy Win. 10\/ Win. 11. \u010ealej programovanieo N\u00edzko-\u00farov\u0148ov\u00e9 a Vysoko \u00farov\u0148ov\u00e9.<\/p>\n<p>Pon\u00fakam idividu\u00e1lne hodiny aj kurzy. Kurzy pon\u00fakam oh\u013eadne Etick\u00e9ho Hackingu, behavior\u00e1lneho spr\u00e1vania \u00fato\u010dn\u00edkov, pedofilov, stalkerov. \u010ealej pon\u00fakam kurzy v oblastiach: Pure C, C\/C++, C++\/CLI, C# ASSP.net, Backend ( Api)\u013a), php, bash, html\/css, SQL, PL-SQL, T\/CSQL, redak\u010dn\u00fd syst\u00e9m joomla, CMD, Docker,&#8230;<\/p>\n<p>Chce\u0161 by\u0165 na dobrej strane?<\/p>\n<p>Chce\u0161 ovl\u00e1da\u0165 C\/C++, a to undomented funkcie? Prelomi\u0165 Syst\u00e9m platformy NT. zvn\u00fatra?<\/p>\n<p>Tento kurz je pre t\u00fdch, ktor\u00ed by chceli ovl\u00e1da\u0165 prelomenie syst\u00e9mov platformy NT.<\/p>\n<p>By\u0165\u00a0 absolventom znamen\u00e1 ovl\u00e1da\u0165 Cyber-Security bezpe\u010dnos\u0165.<\/p>\n<p><strong>Pre tento skurz s\u00fa prerekvizity jazykov C\/C++ a C# na \u00farovni medium.<\/strong><\/p>\n<p>Mater\u00edaly na kurz:<\/p>\n<ul>\n<li>https:\/\/www.nebudobet.eu\/sk\/kniha-botnety<\/li>\n<li>https:\/\/www.netbot.sk\/sk\/<\/li>\n<li>https:\/\/studio.youtube.com\/playlist\/PLQV5HFjwkDK5YsGrxT4Rk_0MmFv_zB7sX\/videos<\/li>\n<\/ul>\n<p><strong>Forma dou\u010dovania:<\/strong> online (prezen\u010dne len v r\u00e1mci centra Bratislavy v \u017diline alebo \u010cadci, v minim\u00e1lnom rozsahu 120 min\u00fat)<\/p>\n<p><strong>Dou\u010dovanie v jazykoch:<\/strong> Slovensk\u00fd, Anglick\u00fd<\/p>\n<p><strong>Dostupnos\u0165:<\/strong> 6:00\u00a0 &#8211; 9:00 , 13:00\u00a0 &#8211; 18:00<\/p>\n","protected":false},"featured_media":1480,"comment_status":"open","ping_status":"closed","template":"","meta":[],"product_brand":[],"product_cat":[80,236,131,143,235],"product_tag":[237,238,244,239,240,242,130,243],"class_list":{"0":"post-1497","1":"product","2":"type-product","3":"status-publish","4":"has-post-thumbnail","6":"product_cat-bratislava","7":"product_cat-cadca","8":"product_cat-programovanie","9":"product_cat-slovensko","10":"product_cat-zilina","11":"product_tag-c","12":"product_tag-coding","13":"product_tag-ethicalhacking","14":"product_tag-hacking","15":"product_tag-it","16":"product_tag-nt","17":"product_tag-programovanie","18":"product_tag-windows","19":"pa_balicek-hodin-so-zlavou-1-hodina","20":"pa_balicek-hodin-so-zlavou-balicek-10-hodin","21":"pa_balicek-hodin-so-zlavou-balicek-15-hodin","22":"pa_balicek-hodin-so-zlavou-balicek-2-hodin","23":"pa_balicek-hodin-so-zlavou-balicek-5-hodin","25":"first","26":"instock","27":"purchasable","28":"product-type-variable"},"_links":{"self":[{"href":"https:\/\/www.experttutor.online\/sk\/wp-json\/wp\/v2\/product\/1497","targetHints":{"allow":["GET"]}}],"collection":[{"href":"https:\/\/www.experttutor.online\/sk\/wp-json\/wp\/v2\/product"}],"about":[{"href":"https:\/\/www.experttutor.online\/sk\/wp-json\/wp\/v2\/types\/product"}],"replies":[{"embeddable":true,"href":"https:\/\/www.experttutor.online\/sk\/wp-json\/wp\/v2\/comments?post=1497"}],"wp:featuredmedia":[{"embeddable":true,"href":"https:\/\/www.experttutor.online\/sk\/wp-json\/wp\/v2\/media\/1480"}],"wp:attachment":[{"href":"https:\/\/www.experttutor.online\/sk\/wp-json\/wp\/v2\/media?parent=1497"}],"wp:term":[{"taxonomy":"product_brand","embeddable":true,"href":"https:\/\/www.experttutor.online\/sk\/wp-json\/wp\/v2\/product_brand?post=1497"},{"taxonomy":"product_cat","embeddable":true,"href":"https:\/\/www.experttutor.online\/sk\/wp-json\/wp\/v2\/product_cat?post=1497"},{"taxonomy":"product_tag","embeddable":true,"href":"https:\/\/www.experttutor.online\/sk\/wp-json\/wp\/v2\/product_tag?post=1497"}],"curies":[{"name":"wp","href":"https:\/\/api.w.org\/{rel}","templated":true}]}}