{"id":1514,"date":"2024-05-20T18:52:08","date_gmt":"2024-05-20T18:52:08","guid":{"rendered":"https:\/\/www.experttutor.online\/?post_type=product&#038;p=1514"},"modified":"2024-09-01T00:01:08","modified_gmt":"2024-09-01T00:01:08","slug":"hra-na-klaviri-doucovanie-s-mariou","status":"publish","type":"product","link":"https:\/\/www.experttutor.online\/sk\/product\/hra-na-klaviri-doucovanie-s-mariou\/","title":{"rendered":"Hra na klav\u00edri &#8211; dou\u010dovanie s M\u00e1riou"},"content":{"rendered":"<p><strong>U\u010dite\u013eka hudby a hry na klav\u00edri<\/strong><\/p>\n<p>Pedagogika, psychol\u00f3gia a hra na klav\u00edri<\/p>\n<p><strong>Celkov\u00e1 kateg\u00f3ria dou\u010dovania: <\/strong>5 &#8211; 66 rokov<\/p>\n<p><strong>\u00darove\u0148 v\u00fdu\u010dby:<\/strong> 1. \/ 2. stupe\u0148<\/p>\n<p><strong>Lokalita v ktorej dou\u010dujem: <\/strong>Ko\u0161ice\u00a0+ online<\/p>\n<p><strong>D\u013a\u017eka vyu\u010dovacej hodiny:<\/strong>\u00a0 65 min\u00fat<\/p>\n<p><strong>Z\u013eavy:<\/strong> do 10%<\/p>\n<p>Vy\u0161tudovala som konzervat\u00f3rium a na Vysokej \u0161kole odbor hudobn\u00e9 umenie. M\u00e1m 3 ro\u010dn\u00fa prax, vyu\u010dujem online aj na ZU\u0160 vekov\u00e9 kateg\u00f3rie od 5 &#8211; 23 rokov.<\/p>\n<p><strong>Prax:<\/strong><\/p>\n<p>M\u00e1m 3 ro\u010dn\u00fa prax ako pedag\u00f3g.<\/p>\n<p><strong>T\u00e9my a oblasti dou\u010dovania:<\/strong><\/p>\n<p>U\u010d\u00edm hru na klav\u00edri \u017eiakov, ktor\u00ed po\u010das hodiny nadob\u00fadaj\u00fa motorick\u00e9 zru\u010dnosti aj n\u00e1vyky v oblasti hudby.<\/p>\n<p>Extra info: \u017diaci by mali ma\u0165 doma hudobn\u00fd n\u00e1stroj a mali by ma\u0165 aspo\u0148\u00a0 z\u00e1kladn\u00e9 poznatky o hudbe.<\/p>\n<p>Skupina: Pon\u00fakam individu\u00e1lnu v\u00fdu\u010dbu<\/p>\n<p><strong>Forma dou\u010dovania:<\/strong> osobne aj online<\/p>\n<p><strong>Dou\u010dovanie v jazykoch:<\/strong> slovensk\u00fd<\/p>\n<p><strong>Dostupnos\u0165:<\/strong> Utorok, Piatok, Sobota, Nede\u013ea: 10:00 &#8211; 17:00<\/p>\n","protected":false},"featured_media":1591,"comment_status":"open","ping_status":"closed","template":"","meta":[],"product_brand":[],"product_cat":[100,250,76,75,122,143],"product_tag":[104,251,71,125],"class_list":{"0":"post-1514","1":"product","2":"type-product","3":"status-publish","4":"has-post-thumbnail","6":"product_cat-hudba","7":"product_cat-klavir","8":"product_cat-kosice","9":"product_cat-lokalita","10":"product_cat-online","11":"product_cat-slovensko","12":"product_tag-hudba","13":"product_tag-klavir","14":"product_tag-online","15":"product_tag-psychologia","16":"pa_balicek-hodin-so-zlavou-1-hodina","17":"pa_balicek-hodin-so-zlavou-balicek-10-hodin","18":"pa_balicek-hodin-so-zlavou-balicek-5-hodin","19":"pa_osobne-online-online","20":"pa_osobne-online-osobne","22":"first","23":"instock","24":"sale","25":"taxable","26":"shipping-taxable","27":"purchasable","28":"product-type-variable"},"_links":{"self":[{"href":"https:\/\/www.experttutor.online\/sk\/wp-json\/wp\/v2\/product\/1514","targetHints":{"allow":["GET"]}}],"collection":[{"href":"https:\/\/www.experttutor.online\/sk\/wp-json\/wp\/v2\/product"}],"about":[{"href":"https:\/\/www.experttutor.online\/sk\/wp-json\/wp\/v2\/types\/product"}],"replies":[{"embeddable":true,"href":"https:\/\/www.experttutor.online\/sk\/wp-json\/wp\/v2\/comments?post=1514"}],"wp:featuredmedia":[{"embeddable":true,"href":"https:\/\/www.experttutor.online\/sk\/wp-json\/wp\/v2\/media\/1591"}],"wp:attachment":[{"href":"https:\/\/www.experttutor.online\/sk\/wp-json\/wp\/v2\/media?parent=1514"}],"wp:term":[{"taxonomy":"product_brand","embeddable":true,"href":"https:\/\/www.experttutor.online\/sk\/wp-json\/wp\/v2\/product_brand?post=1514"},{"taxonomy":"product_cat","embeddable":true,"href":"https:\/\/www.experttutor.online\/sk\/wp-json\/wp\/v2\/product_cat?post=1514"},{"taxonomy":"product_tag","embeddable":true,"href":"https:\/\/www.experttutor.online\/sk\/wp-json\/wp\/v2\/product_tag?post=1514"}],"curies":[{"name":"wp","href":"https:\/\/api.w.org\/{rel}","templated":true}]}}