{"id":1537,"date":"2024-05-20T20:16:30","date_gmt":"2024-05-20T20:16:30","guid":{"rendered":"https:\/\/www.experttutor.online\/?post_type=product&#038;p=1537"},"modified":"2024-09-01T00:01:08","modified_gmt":"2024-09-01T00:01:08","slug":"pedagogika-a-psychologia-doucovanie-s-mariou","status":"publish","type":"product","link":"https:\/\/www.experttutor.online\/sk\/product\/pedagogika-a-psychologia-doucovanie-s-mariou\/","title":{"rendered":"Pedagogika a psychol\u00f3gia &#8211; dou\u010dovanie s M\u00e1riou"},"content":{"rendered":"<p><strong>U\u010dite\u013eka pedagogiky, psychol\u00f3gie, hudby a hry na klav\u00edri<\/strong><\/p>\n<p>Pedagogika, psychol\u00f3gia a hra na klav\u00edri<\/p>\n<p><strong>Vekov\u00e1 kateg\u00f3ria dou\u010dovania: <\/strong>5 &#8211; 66 rokov<\/p>\n<p><strong>\u00darove\u0148 v\u00fdu\u010dby:<\/strong> 1. \/ 2. stupe\u0148<\/p>\n<p><strong>Lokalita v ktorej dou\u010dujem: <\/strong>Ko\u0161ice\u00a0+ online<\/p>\n<p><strong>D\u013a\u017eka vyu\u010dovacej hodiny:<\/strong>\u00a0 65 min\u00fat<\/p>\n<p><strong>Z\u013eavy:<\/strong> do 10%<\/p>\n<p>Vy\u0161tudovala som konzervat\u00f3rium 6 ro\u010dne a V\u0160 odbor hudobn\u00e9 umenie klav\u00edr dou\u010dujem ak\u00e9ko\u013evek vekov\u00e9 kateg\u00f3rie aj dospel\u00fdch.<\/p>\n<p><strong>Prax:<\/strong><\/p>\n<p>Som vy\u0161tudovan\u00fd pedag\u00f3g, m\u00e1m prax 3 roky.<\/p>\n<p><strong>T\u00e9my a oblasti dou\u010dovania:<\/strong><\/p>\n<p>Pedagogika a psychol\u00f3gia. \u017diaci nadob\u00fadaj\u00fa zru\u010dnosti v oblasti pedagogiky, psychol\u00f3gie, oblasti v\u00fdchovy, ch\u00e1pania psychol\u00f3gie, pedagogiky najm\u00e4 v\u00fdchova det\u00ed, vzdel\u00e1vanie sk\u00famania psychiky u det\u00ed.<\/p>\n<p>Skupina: Pon\u00fakam individu\u00e1lnu v\u00fdu\u010dbu<\/p>\n<p><strong>Forma dou\u010dovania:<\/strong> osobne aj online<\/p>\n<p><strong>Dou\u010dovanie v jazykoch:<\/strong> slovensk\u00fd<\/p>\n<p><strong>Dostupnos\u0165:<\/strong> Utorok, Piatok, Sobota, Nede\u013ea: 10:00 &#8211; 17:00<\/p>\n","protected":false},"featured_media":1512,"comment_status":"open","ping_status":"closed","template":"","meta":[],"product_brand":[],"product_cat":[76,75,122,252,126,143],"product_tag":[254,71,253,125,255],"class_list":{"0":"post-1537","1":"product","2":"type-product","3":"status-publish","4":"has-post-thumbnail","6":"product_cat-kosice","7":"product_cat-lokalita","8":"product_cat-online","9":"product_cat-pedagogika","10":"product_cat-psychologia","11":"product_cat-slovensko","12":"product_tag-deti","13":"product_tag-online","14":"product_tag-pegogika","15":"product_tag-psychologia","16":"product_tag-skola","17":"pa_balicek-hodin-so-zlavou-1-hodina","18":"pa_balicek-hodin-so-zlavou-balicek-10-hodin","19":"pa_balicek-hodin-so-zlavou-balicek-5-hodin","20":"pa_osobne-online-online","21":"pa_osobne-online-osobne","23":"first","24":"instock","25":"sale","26":"taxable","27":"shipping-taxable","28":"purchasable","29":"product-type-variable"},"_links":{"self":[{"href":"https:\/\/www.experttutor.online\/sk\/wp-json\/wp\/v2\/product\/1537","targetHints":{"allow":["GET"]}}],"collection":[{"href":"https:\/\/www.experttutor.online\/sk\/wp-json\/wp\/v2\/product"}],"about":[{"href":"https:\/\/www.experttutor.online\/sk\/wp-json\/wp\/v2\/types\/product"}],"replies":[{"embeddable":true,"href":"https:\/\/www.experttutor.online\/sk\/wp-json\/wp\/v2\/comments?post=1537"}],"wp:featuredmedia":[{"embeddable":true,"href":"https:\/\/www.experttutor.online\/sk\/wp-json\/wp\/v2\/media\/1512"}],"wp:attachment":[{"href":"https:\/\/www.experttutor.online\/sk\/wp-json\/wp\/v2\/media?parent=1537"}],"wp:term":[{"taxonomy":"product_brand","embeddable":true,"href":"https:\/\/www.experttutor.online\/sk\/wp-json\/wp\/v2\/product_brand?post=1537"},{"taxonomy":"product_cat","embeddable":true,"href":"https:\/\/www.experttutor.online\/sk\/wp-json\/wp\/v2\/product_cat?post=1537"},{"taxonomy":"product_tag","embeddable":true,"href":"https:\/\/www.experttutor.online\/sk\/wp-json\/wp\/v2\/product_tag?post=1537"}],"curies":[{"name":"wp","href":"https:\/\/api.w.org\/{rel}","templated":true}]}}