{"id":1567,"date":"2024-05-30T18:39:31","date_gmt":"2024-05-30T18:39:31","guid":{"rendered":"https:\/\/www.experttutor.online\/?post_type=product&#038;p=1567"},"modified":"2024-07-12T09:43:23","modified_gmt":"2024-07-12T09:43:23","slug":"arabsky-jazyk-a-levantske-narecie-online-doucovanie-v-anglictine-s-arabskou-lektorkou-waed","status":"publish","type":"product","link":"https:\/\/www.experttutor.online\/sk\/product\/arabsky-jazyk-a-levantske-narecie-online-doucovanie-v-anglictine-s-arabskou-lektorkou-waed\/","title":{"rendered":"Arabsk\u00fd jazyk a levantsk\u00e9 n\u00e1re\u010die &#8211; online dou\u010dovanie v angli\u010dtine s lektorkou Waed zo S\u00fdrie"},"content":{"rendered":"<p><strong>U\u010dite\u013eka arabsk\u00e9ho jazyka so \u0161pecializ\u00e1ciou na \u0161tandardn\u00fa arab\u010dinu a levantsk\u00e9 n\u00e1re\u010die.<\/strong><\/p>\n<p>Excelujte na va\u0161ej ceste u\u010denia sa arab\u010diny so sk\u00fasenou lektorkou Waed . Vyu\u010duje v anglickom jazyku a \u017eije v Beirute.<\/p>\n<p><strong>Vekov\u00e1 kateg\u00f3ria dou\u010dovania:<\/strong> v\u0161etky vekov\u00e9 kateg\u00f3rie<\/p>\n<p><strong>\u00darove\u0148 v\u00fdu\u010dby:\u00a0<\/strong>v\u0161etky \u00farovne<\/p>\n<p><strong>Lokalita v ktorej dou\u010dujem:<\/strong> online<\/p>\n<p><strong>D\u013a\u017eka vyu\u010dovacej hodiny:<\/strong>\u00a0 60 min\u00fat<\/p>\n<p><strong>Z\u013eavy:<\/strong> v pr\u00edpade objednania 10 hod\u00edn\u00a0 z\u013eava 7 eur za hodinu (teda za 1 hodinu 38 eur namiesto 45 eur)<\/p>\n<p><strong>Opis dou\u010dovate\u013ea: <\/strong>Vol\u00e1m sa Waed, som sk\u00fasen\u00e1 u\u010dite\u013eka arab\u010diny zo S\u00fdrie, ktor\u00e1 sa \u0161pecializuje na klasick\u00fa arab\u010dinu aj levantsk\u00fd dialekt. M\u00e1m v\u00e1\u0161e\u0148 pom\u00e1ha\u0165 \u0161tudentom v\u0161etk\u00fdch vekov\u00fdch skup\u00edn a prostred\u00ed vynikn\u00fa\u0165 na ich ceste u\u010denia sa jazykov. Poskytujem v\u00fdnimo\u010dn\u00fa v\u00fdu\u010dbu arab\u010diny.<\/p>\n<p><strong>Prax:<\/strong> Som kvalifikovan\u00e1 u\u010dite\u013eka s bohat\u00fdmi pedagogick\u00fdmi sk\u00fasenos\u0165ami (s viac ako 7-ro\u010dn\u00fdmi odborn\u00fdmi znalos\u0165ami vo v\u00fdu\u010dbe det\u00ed a dospel\u00fdch). Pracovala som ako u\u010dite\u013eka arab\u010diny a angli\u010dtiny na \u0161kol\u00e1ch so \u0161pecializ\u00e1ciou na vzdel\u00e1vanie na z\u00e1kladn\u00fdch \u0161kol\u00e1ch a v\u00fdu\u010dbu jazykov pre dospel\u00fdch. V \u0161kolskom prostred\u00ed som vytvorila a implementovala efekt\u00edvne pl\u00e1ny hod\u00edn na u\u013eah\u010denie jazykov\u00e9ho rozvoja medzi \u017eiakmi z\u00e1kladn\u00fdch \u0161k\u00f4l. Okrem toho som \u00faspe\u0161ne vyu\u010dovala jednotlivcov z r\u00f4znych prostred\u00ed, vr\u00e1tane ute\u010dencov a \u013eud\u00ed, ktor\u00ed nehovoria arabsky a pom\u00e1hala som im tak z\u00edska\u0165 z\u00e1kladn\u00e9 jazykov\u00e9 zru\u010dnosti. Moje odborn\u00e9 znalosti spo\u010d\u00edvaj\u00fa vo v\u00fdu\u010dbe arabskej abecedy od za\u010diatku a vo veden\u00ed \u0161tudentov pri \u010d\u00edtan\u00ed, p\u00edsan\u00ed, gramatike, slovnej z\u00e1sobe a porozumen\u00ed kult\u00fary. Po\u010das svojej u\u010dite\u013eskej kari\u00e9ry som pou\u017e\u00edvala interakt\u00edvne vyu\u010dovacie met\u00f3dy, prisp\u00f4soben\u00e9 zdroje a pr\u00edstup zameran\u00fd na \u0161tudenta, aby som vytvorila p\u00fatav\u00e9 a produkt\u00edvne vzdel\u00e1vacie prostredie.<\/p>\n<p><strong>T\u00e9my a oblasti dou\u010dovania: <\/strong>\u00a0\u0160pecializujem sa na klasick\u00fa arab\u010dinu a levantsk\u00fd dialekt a pon\u00fakam v\u00fdnimo\u010dn\u00fa v\u00fdu\u010dbu \u0161tudentom v\u0161etk\u00fdch vekov\u00fdch skup\u00edn a prostred\u00ed. Od v\u00fdu\u010dby arabskej abecedy a\u017e po kult\u00farne porozumenie, poskytujem p\u00fatav\u00e9 a produkt\u00edvne lekcie prisp\u00f4soben\u00e9 va\u0161im potreb\u00e1m.<\/p>\n<p>Viac sa o mne dozviete vo videu: https:\/\/www.experttutor.online\/wp-content\/uploads\/elementor\/forms\/663f4cd95418f.mp4<\/p>\n<p><strong>Forma dou\u010dovania:<\/strong> online (individu\u00e1lne hodiny)<\/p>\n<p><strong>Dou\u010dovanie v jazykoch: <\/strong>a<span class=\"Y2IQFc\" lang=\"sk\">nglick\u00fd, arabsk\u00fd<\/span><\/p>\n<p><strong>Dostupnos\u0165:<\/strong> Pondelok &#8211; Piatok (12:00 &#8211; 21:00)<\/p>\n","protected":false},"featured_media":1570,"comment_status":"open","ping_status":"closed","template":"","meta":[],"product_brand":[],"product_cat":[185,52,122,143],"product_tag":[139,67,187,188,192,258,261,257,260,259,256,71,262],"class_list":{"0":"post-1567","1":"product","2":"type-product","3":"status-publish","4":"has-post-thumbnail","6":"product_cat-arabsky-jazyk","7":"product_cat-jazyky","8":"product_cat-online","9":"product_cat-slovensko","10":"product_tag-anglicky-jazyk","11":"product_tag-anglictina","12":"product_tag-arabcina","13":"product_tag-arabsky-jazyk","14":"product_tag-arrabic","15":"product_tag-beirut","16":"product_tag-classical-arabic","17":"product_tag-lebanon","18":"product_tag-levantine-dialect","19":"product_tag-levantinsky-dialekt","20":"product_tag-libanon","21":"product_tag-online","22":"product_tag-syria","23":"pa_balicek-hodin-so-zlavou-1-hodina","24":"pa_balicek-hodin-so-zlavou-balicek-10-hodin","25":"pa_balicek-hodin-so-zlavou-balicek-5-hodin","26":"pa_dlzka-hodiny-60-minut","28":"first","29":"instock","30":"sale","31":"taxable","32":"shipping-taxable","33":"purchasable","34":"product-type-variable"},"_links":{"self":[{"href":"https:\/\/www.experttutor.online\/sk\/wp-json\/wp\/v2\/product\/1567","targetHints":{"allow":["GET"]}}],"collection":[{"href":"https:\/\/www.experttutor.online\/sk\/wp-json\/wp\/v2\/product"}],"about":[{"href":"https:\/\/www.experttutor.online\/sk\/wp-json\/wp\/v2\/types\/product"}],"replies":[{"embeddable":true,"href":"https:\/\/www.experttutor.online\/sk\/wp-json\/wp\/v2\/comments?post=1567"}],"wp:featuredmedia":[{"embeddable":true,"href":"https:\/\/www.experttutor.online\/sk\/wp-json\/wp\/v2\/media\/1570"}],"wp:attachment":[{"href":"https:\/\/www.experttutor.online\/sk\/wp-json\/wp\/v2\/media?parent=1567"}],"wp:term":[{"taxonomy":"product_brand","embeddable":true,"href":"https:\/\/www.experttutor.online\/sk\/wp-json\/wp\/v2\/product_brand?post=1567"},{"taxonomy":"product_cat","embeddable":true,"href":"https:\/\/www.experttutor.online\/sk\/wp-json\/wp\/v2\/product_cat?post=1567"},{"taxonomy":"product_tag","embeddable":true,"href":"https:\/\/www.experttutor.online\/sk\/wp-json\/wp\/v2\/product_tag?post=1567"}],"curies":[{"name":"wp","href":"https:\/\/api.w.org\/{rel}","templated":true}]}}