{"id":1801,"date":"2024-07-12T07:12:23","date_gmt":"2024-07-12T07:12:23","guid":{"rendered":"https:\/\/www.experttutor.online\/?post_type=product&#038;p=1801"},"modified":"2024-07-12T07:15:17","modified_gmt":"2024-07-12T07:15:17","slug":"nemecky-jazyk-s-miriam","status":"publish","type":"product","link":"https:\/\/www.experttutor.online\/sk\/product\/nemecky-jazyk-s-miriam\/","title":{"rendered":"Nemeck\u00fd jazyk s Miriam"},"content":{"rendered":"<p><strong>U\u010dite\u013eka anglick\u00e9ho, nemeck\u00e9ho a franc\u00fazskeho jazyka.<\/strong><\/p>\n<p>Pr\u00edpadne dou\u010d\u00edm aj slovensk\u00fd jazyk.<\/p>\n<p><strong>Vekov\u00e1 kateg\u00f3ria dou\u010dovania:<\/strong> 4 \u2013 120 rokov<\/p>\n<p><strong>\u00darove\u0148 v\u00fdu\u010dby:\u00a0<\/strong>v\u0161etky \u00farovne (M\u0160 a\u017e d\u00f4chodcovia)<\/p>\n<p><strong>Lokalita v ktorej dou\u010dujem: <\/strong>Bratislava alebo online<\/p>\n<p><strong>D\u013a\u017eka vyu\u010dovacej hodiny:<\/strong>\u00a0 60 min\u00fat (pr\u00edp. 90 min\u00fat)<\/p>\n<p><strong>Z\u013eavy:<\/strong> 1 \u017eiak &#8211; pri odbere 10 hod\u00edn 10% z\u013eava a m\u00f4\u017eem pon\u00faknu\u0165 z\u013eavu 50 % na jednu 60-min\u00fatov\u00fa hodinu pri odbere 20 hod\u00edn.<\/p>\n<p><strong>Opis dou\u010dovate\u013ea: <\/strong>Od roku 2018 pracujem ako prekladate\u013eka odborn\u00fdch a marketingov\u00fdch textov. Jazyky som s prest\u00e1vkami dou\u010dovala od roku 2011 preva\u017ene s\u00fakromne. Nieko\u013eko rokov som dou\u010dovala vo vzdel\u00e1vacom centre Freedu v Bratislave. Vy\u0161tudovala som angli\u010dtinu a franc\u00faz\u0161tinu na Fakulte aplikovan\u00fdch jazykov Ekonomickej univerzity v Bratislave, m\u00e1m \u0161t\u00e1tnicu z nem\u010diny na \u00farovni C1.<\/p>\n<p><strong>Prax:<\/strong> M\u00e1m vy\u0161tudovan\u00fd odbor cudzie jazyky a interkult\u00farna komunik\u00e1cia.<\/p>\n<p><strong>T\u00e9my a oblasti dou\u010dovania: <\/strong> konverz\u00e1cie, t\u00e9my v profesion\u00e1lnej aj s\u00fakromnej oblasti, jazyk obchodu &#8211; pod\u013ea individu\u00e1lnych potrieb klienta.<\/p>\n<p><strong>Forma dou\u010dovania:<\/strong> osobne aj online (individu\u00e1lne aj skupinov\u00e9 hodiny)<\/p>\n<p><strong>Dou\u010dovanie v jazykoch: <\/strong>a<span class=\"Y2IQFc\" lang=\"sk\">nglick\u00fd, nemeck\u00fd, franc\u00fazsky, slovensk\u00fd<\/span><\/p>\n<p><strong>Dostupnos\u0165:<\/strong> Pod\u013ea dohody<\/p>\n","protected":false},"featured_media":1730,"comment_status":"open","ping_status":"closed","template":"","meta":[],"product_brand":[],"product_cat":[80,52,58,122,143],"product_tag":[78,264,112,113,71,263],"class_list":{"0":"post-1801","1":"product","2":"type-product","3":"status-publish","4":"has-post-thumbnail","6":"product_cat-bratislava","7":"product_cat-jazyky","8":"product_cat-nemecky-jazyk","9":"product_cat-online","10":"product_cat-slovensko","11":"product_tag-bratislava","12":"product_tag-cudzie-jazyky","13":"product_tag-nemcina","14":"product_tag-nemecky-jazyk","15":"product_tag-online","16":"product_tag-osobne","17":"pa_balicek-hodin-so-zlavou-1-hodina","18":"pa_balicek-hodin-so-zlavou-balicek-10-hodin","19":"pa_dlzka-hodiny-60-minut","20":"pa_dlzka-hodiny-90-minut","21":"pa_osobne-online-online","22":"pa_osobne-online-osobne","23":"pa_viac-ziakov-na-hodine-1-ziak","24":"pa_viac-ziakov-na-hodine-2-ziaci","25":"pa_viac-ziakov-na-hodine-3-ziaci","26":"pa_viac-ziakov-na-hodine-4-ziaci","28":"first","29":"instock","30":"sale","31":"taxable","32":"shipping-taxable","33":"purchasable","34":"product-type-variable"},"_links":{"self":[{"href":"https:\/\/www.experttutor.online\/sk\/wp-json\/wp\/v2\/product\/1801","targetHints":{"allow":["GET"]}}],"collection":[{"href":"https:\/\/www.experttutor.online\/sk\/wp-json\/wp\/v2\/product"}],"about":[{"href":"https:\/\/www.experttutor.online\/sk\/wp-json\/wp\/v2\/types\/product"}],"replies":[{"embeddable":true,"href":"https:\/\/www.experttutor.online\/sk\/wp-json\/wp\/v2\/comments?post=1801"}],"wp:featuredmedia":[{"embeddable":true,"href":"https:\/\/www.experttutor.online\/sk\/wp-json\/wp\/v2\/media\/1730"}],"wp:attachment":[{"href":"https:\/\/www.experttutor.online\/sk\/wp-json\/wp\/v2\/media?parent=1801"}],"wp:term":[{"taxonomy":"product_brand","embeddable":true,"href":"https:\/\/www.experttutor.online\/sk\/wp-json\/wp\/v2\/product_brand?post=1801"},{"taxonomy":"product_cat","embeddable":true,"href":"https:\/\/www.experttutor.online\/sk\/wp-json\/wp\/v2\/product_cat?post=1801"},{"taxonomy":"product_tag","embeddable":true,"href":"https:\/\/www.experttutor.online\/sk\/wp-json\/wp\/v2\/product_tag?post=1801"}],"curies":[{"name":"wp","href":"https:\/\/api.w.org\/{rel}","templated":true}]}}