{"id":493,"date":"2023-12-03T19:58:01","date_gmt":"2023-12-03T19:58:01","guid":{"rendered":"https:\/\/www.experttutor.online\/?post_type=product&#038;p=493"},"modified":"2024-01-23T02:56:04","modified_gmt":"2024-01-23T02:56:04","slug":"ucitel-slovenskeho-jazyka","status":"publish","type":"product","link":"https:\/\/www.experttutor.online\/sk\/product\/ucitel-slovenskeho-jazyka\/","title":{"rendered":"Slovensk\u00fd jazyk &#8211; dou\u010dovanie slovensk\u00e9ho jazyka a literat\u00fary ZS a S\u0160 s Michalom"},"content":{"rendered":"<p><strong>U\u010dite\u013e slovensk\u00e9ho jazyka <\/strong><\/p>\n<p><strong>Vekov\u00e1 kateg\u00f3ria dou\u010dovania:<\/strong> z\u00e1kladn\u00e1 \u0161kola, stredn\u00e1 \u0161kola<\/p>\n<p><strong>\u00darove\u0148 v\u00fdu\u010dby:<\/strong> prv\u00fd stupe\u0148, druh\u00fd stupe\u0148, stredn\u00e1 \u0161kola<\/p>\n<p><strong>Lokalita v ktorej dou\u010dujem:<\/strong> Bratislava<\/p>\n<p><strong>D\u013a\u017eka vyu\u010dovacej hodiny:<\/strong> 60 min.<\/p>\n<p><strong>Z\u013eavy:<\/strong> 10% pri predplaten\u00ed si minim\u00e1lne 10 hod\u00edn.<\/p>\n<p><strong>Opis dou\u010dovate\u013ea:<\/strong> Individu\u00e1lnym pr\u00edstupom spolu dosiahneme viac, som \u013eudsk\u00fd, sk\u00fasen\u00fd a preferujem \u010destnos\u0165. Vy\u017eadujem spokojnos\u0165 na oboch stran\u00e1ch. Som u\u010dite\u013e, ktor\u00fd u\u010d\u00ed na s\u00fakromnej \u0161kole v Bratislave. Dou\u010dujem viac ako 7 rokov, moji rukami pre\u0161lo viac ako 200 \u0161tudentov, u\u010d\u00edm u\u017e 5 rok a akt\u00edvne sa venujem didkatick\u00e9mu a z\u00e1\u017eitkov\u00e9mu u\u010deniu.<\/p>\n<p>Som \u013eudsk\u00fd a a v\u017edy sa vieme dohodn\u00fa\u0165. M\u00e1m r\u00e1d, ke\u010f s\u00fa obe strany spokojn\u00e9.<\/p>\n<p><strong>T\u00e9my a oblasti dou\u010dovania:<\/strong> Online dou\u010dovanie zo SJL pre \u017eiakov (Z\u0160, S\u0160) pr\u00edprava na T9 &#8211; MONITOR, MATURITU a podobne. Pripravujem \u017eiakov z gramatiky, sloh, literat\u00fara a dou\u010dujem aj \u017eiakov na prvom stupni, ke\u010f\u017ee som certifikovan\u00fd u\u010dite\u013e v Hejn\u00e9ho matematike.<\/p>\n<p><strong>Forma dou\u010dovania:<\/strong> online (prezen\u010dne len v r\u00e1mci Bratislavy za pr\u00edplatok a v minim\u00e1lnom rozsahu 2 vyu\u010dovacie hodiny po sebe)<\/p>\n<p><strong>Dou\u010dovanie v jazykoch:<\/strong> slovensk\u00fd<\/p>\n<p><strong>Dostupnos\u0165:<\/strong> pondelok &#8211; nede\u013ea\u00a0 od 14:20-22:00, cez v\u00edkend od 8:00-20:00<\/p>\n","protected":false},"featured_media":560,"comment_status":"open","ping_status":"closed","template":"","meta":[],"product_brand":[],"product_cat":[80,52,75,122,143,53],"product_tag":[78,71,72,66,64],"class_list":{"0":"post-493","1":"product","2":"type-product","3":"status-publish","4":"has-post-thumbnail","6":"product_cat-bratislava","7":"product_cat-jazyky","8":"product_cat-lokalita","9":"product_cat-online","10":"product_cat-slovensko","11":"product_cat-slovensky-jazyk-a-literatura","12":"product_tag-bratislava","13":"product_tag-online","14":"product_tag-osobne-doucovanie-u-klienta-doma","15":"product_tag-slovencina","16":"product_tag-slovensky-jazyk","18":"first","19":"instock","20":"virtual","21":"taxable","22":"purchasable","23":"product-type-simple"},"_links":{"self":[{"href":"https:\/\/www.experttutor.online\/sk\/wp-json\/wp\/v2\/product\/493","targetHints":{"allow":["GET"]}}],"collection":[{"href":"https:\/\/www.experttutor.online\/sk\/wp-json\/wp\/v2\/product"}],"about":[{"href":"https:\/\/www.experttutor.online\/sk\/wp-json\/wp\/v2\/types\/product"}],"replies":[{"embeddable":true,"href":"https:\/\/www.experttutor.online\/sk\/wp-json\/wp\/v2\/comments?post=493"}],"wp:featuredmedia":[{"embeddable":true,"href":"https:\/\/www.experttutor.online\/sk\/wp-json\/wp\/v2\/media\/560"}],"wp:attachment":[{"href":"https:\/\/www.experttutor.online\/sk\/wp-json\/wp\/v2\/media?parent=493"}],"wp:term":[{"taxonomy":"product_brand","embeddable":true,"href":"https:\/\/www.experttutor.online\/sk\/wp-json\/wp\/v2\/product_brand?post=493"},{"taxonomy":"product_cat","embeddable":true,"href":"https:\/\/www.experttutor.online\/sk\/wp-json\/wp\/v2\/product_cat?post=493"},{"taxonomy":"product_tag","embeddable":true,"href":"https:\/\/www.experttutor.online\/sk\/wp-json\/wp\/v2\/product_tag?post=493"}],"curies":[{"name":"wp","href":"https:\/\/api.w.org\/{rel}","templated":true}]}}