{"id":645,"date":"2023-12-28T11:01:10","date_gmt":"2023-12-28T11:01:10","guid":{"rendered":"https:\/\/www.experttutor.online\/?post_type=product&#038;p=645"},"modified":"2024-04-01T00:56:25","modified_gmt":"2024-04-01T00:56:25","slug":"slovencina-pre-vsetkych","status":"publish","type":"product","link":"https:\/\/www.experttutor.online\/sk\/product\/slovencina-pre-vsetkych\/","title":{"rendered":"Slovensk\u00fd jazyk pre v\u0161etk\u00fdch &#8211; dou\u010dovanie s Michalom"},"content":{"rendered":"<p><strong>U\u010dite\u013e \u0161panielskeho a slovensk\u00e9ho jazyka<\/strong><\/p>\n<p><strong>Vekov\u00e1 kateg\u00f3ria dou\u010dovania:<\/strong> Sloven\u010dina pre cudzincov<\/p>\n<p><strong>\u00darove\u0148 v\u00fdu\u010dby:<\/strong>\u00a0za\u010diato\u010dn\u00edci, pokro\u010dil\u00ed<\/p>\n<p><strong>Lokalita v ktorej dou\u010dujem:<\/strong>\u00a0Bratislava<\/p>\n<p><strong>D\u013a\u017eka vyu\u010dovacej hodiny:<\/strong> 45min (25eur) a 90 min. (50 eur)<\/p>\n<p><strong>Z\u013eavy:<\/strong> 10% pri predplaten\u00ed si minim\u00e1lne 10 hod\u00edn.<\/p>\n<p><strong>Opis dou\u010dovate\u013ea:<\/strong>\u00a07-ro\u010dn\u00e9 sk\u00fasenosti s v\u00fdu\u010dbou \u0161paniel\u010diny, ro\u010dn\u00e9 sk\u00fasenosti so sloven\u010dinou.<\/p>\n<p>Latinskej Amerike sa venujem cel\u00fd \u017eivot, cestujem tam u\u017e 10 rokov a v\u010faka tomu m\u00e1m ve\u013ek\u00e9 sk\u00fasenosti v oblasti jazyka a jeho r\u00f4znych foriem pou\u017eitia.<\/p>\n<p>Slovensk\u00fd jazyk dou\u010dujem cudzincov, preva\u017ene \u0161panielsky hovoriacu komunitu.<\/p>\n<p><strong>T\u00e9my a oblasti dou\u010dovania:<\/strong>\u00a0gramatika plus komunik\u00e1cia o v\u0161etkom potrebnom<\/p>\n<p><strong>Forma dou\u010dovania:<\/strong>\u00a0online (prezen\u010dne len v r\u00e1mci Bratislavy za pr\u00edplatok a v minim\u00e1lnom rozsahu 90 min\u00fat)<\/p>\n<p><strong>Dou\u010dovanie v jazykoch:<\/strong>\u00a0Slovensk\u00fd , \u0160panielsky<\/p>\n<p><strong>Dostupnos\u0165:<\/strong>\u00a0Pondelok \u2013 Nede\u013ea\u00a0 od 7:00 \u2013 19:00<\/p>\n","protected":false},"featured_media":641,"comment_status":"open","ping_status":"closed","template":"","meta":[],"product_brand":[],"product_cat":[80,52,75,54],"product_tag":[78,71,72,66,64],"class_list":{"0":"post-645","1":"product","2":"type-product","3":"status-publish","4":"has-post-thumbnail","6":"product_cat-bratislava","7":"product_cat-jazyky","8":"product_cat-lokalita","9":"product_cat-slovensky-jazyk-pre-cudzincov-slovak-language-for-foreigners","10":"product_tag-bratislava","11":"product_tag-online","12":"product_tag-osobne-doucovanie-u-klienta-doma","13":"product_tag-slovencina","14":"product_tag-slovensky-jazyk","15":"pa_dlzka-hodiny-45-minut","16":"pa_dlzka-hodiny-60-minut","18":"first","19":"instock","20":"taxable","21":"shipping-taxable","22":"purchasable","23":"product-type-variable"},"_links":{"self":[{"href":"https:\/\/www.experttutor.online\/sk\/wp-json\/wp\/v2\/product\/645","targetHints":{"allow":["GET"]}}],"collection":[{"href":"https:\/\/www.experttutor.online\/sk\/wp-json\/wp\/v2\/product"}],"about":[{"href":"https:\/\/www.experttutor.online\/sk\/wp-json\/wp\/v2\/types\/product"}],"replies":[{"embeddable":true,"href":"https:\/\/www.experttutor.online\/sk\/wp-json\/wp\/v2\/comments?post=645"}],"wp:featuredmedia":[{"embeddable":true,"href":"https:\/\/www.experttutor.online\/sk\/wp-json\/wp\/v2\/media\/641"}],"wp:attachment":[{"href":"https:\/\/www.experttutor.online\/sk\/wp-json\/wp\/v2\/media?parent=645"}],"wp:term":[{"taxonomy":"product_brand","embeddable":true,"href":"https:\/\/www.experttutor.online\/sk\/wp-json\/wp\/v2\/product_brand?post=645"},{"taxonomy":"product_cat","embeddable":true,"href":"https:\/\/www.experttutor.online\/sk\/wp-json\/wp\/v2\/product_cat?post=645"},{"taxonomy":"product_tag","embeddable":true,"href":"https:\/\/www.experttutor.online\/sk\/wp-json\/wp\/v2\/product_tag?post=645"}],"curies":[{"name":"wp","href":"https:\/\/api.w.org\/{rel}","templated":true}]}}