{"id":668,"date":"2023-12-29T22:05:23","date_gmt":"2023-12-29T22:05:23","guid":{"rendered":"https:\/\/www.experttutor.online\/?post_type=product&#038;p=668"},"modified":"2023-12-30T00:13:27","modified_gmt":"2023-12-30T00:13:27","slug":"doucko-matematiky-zabavnou-formou-s-kikou","status":"publish","type":"product","link":"https:\/\/www.experttutor.online\/sk\/product\/doucko-matematiky-zabavnou-formou-s-kikou\/","title":{"rendered":"Matematika &#8211; dou\u010dko z\u00e1bavnou formou s Kikou"},"content":{"rendered":"<p><strong>U\u010dite\u013eka matematiky<\/strong>,<\/p>\n<p>jazykov a odborn\u00fdch predmetov (hudobno dramatick\u00e9).<\/p>\n<p><strong>Vekov\u00e1 kateg\u00f3ria dou\u010dovania:<\/strong> 6-18<\/p>\n<p><strong>\u00darove\u0148 v\u00fdu\u010dby:<\/strong> 1. a 2. stupe\u0148 Z\u0160, stredn\u00e9 \u0161koly, cudzinci<\/p>\n<p><strong>Lokalita v ktorej dou\u010dujem:<\/strong> Skalica a okolie, Bratislava za pr\u00edplatok<\/p>\n<p><strong>D\u013a\u017eka vyu\u010dovacej hodiny:<\/strong> 60 min.<\/p>\n<p><strong>Z\u013eavy:<\/strong> 15% pri predplaten\u00ed si minim\u00e1lne 10 hod\u00edn.<\/p>\n<p><strong>Opis dou\u010dovate\u013ea:<\/strong> M\u00e1m vy\u0161tudovan\u00e9 u\u010dite\u013estvo hudobno &#8211; dramatick\u00e9ho umenia. Dou\u010dujem 5 rokom &#8211; moje siln\u00e9 str\u00e1nky s\u00fa empatia a cie\u013eavedomos\u0165. Ja sa te\u0161\u00edm na mojich \u0161tudentov a ver\u00edm, \u017ee oni sa te\u0161ia v\u017edy na mna.<\/p>\n<p><strong>T\u00e9my a oblasti dou\u010dovania:<\/strong> Jazyky matematika odborne predmety.<\/p>\n<p><strong>Forma dou\u010dovania:<\/strong> online (prezen\u010dne v r\u00e1mci Skalice a okolia, za pr\u00edplatok aj Bratislava a v minim\u00e1lnom rozsahu 3 vyu\u010dovac\u00edch hod\u00edn po sebe)<\/p>\n<p><strong>Dou\u010dovanie v jazykoch:<\/strong> Slovensk\u00fd, Anglick\u00fd, Nemeck\u00fd, \u010cesk\u00fd<\/p>\n<p><strong>Dostupnos\u0165:<\/strong> Pondelok a\u017e nede\u013ea, od 14.00<\/p>\n","protected":false},"featured_media":670,"comment_status":"open","ping_status":"closed","template":"","meta":[],"product_brand":[],"product_cat":[75,60,89],"product_tag":[71,72,90,66,64,91],"class_list":{"0":"post-668","1":"product","2":"type-product","3":"status-publish","4":"has-post-thumbnail","6":"product_cat-lokalita","7":"product_cat-matematika","8":"product_cat-skalica","9":"product_tag-online","10":"product_tag-osobne-doucovanie-u-klienta-doma","11":"product_tag-skalica","12":"product_tag-slovencina","13":"product_tag-slovensky-jazyk","14":"product_tag-zahorie","16":"first","17":"instock","18":"virtual","19":"taxable","20":"purchasable","21":"product-type-simple"},"_links":{"self":[{"href":"https:\/\/www.experttutor.online\/sk\/wp-json\/wp\/v2\/product\/668","targetHints":{"allow":["GET"]}}],"collection":[{"href":"https:\/\/www.experttutor.online\/sk\/wp-json\/wp\/v2\/product"}],"about":[{"href":"https:\/\/www.experttutor.online\/sk\/wp-json\/wp\/v2\/types\/product"}],"replies":[{"embeddable":true,"href":"https:\/\/www.experttutor.online\/sk\/wp-json\/wp\/v2\/comments?post=668"}],"wp:featuredmedia":[{"embeddable":true,"href":"https:\/\/www.experttutor.online\/sk\/wp-json\/wp\/v2\/media\/670"}],"wp:attachment":[{"href":"https:\/\/www.experttutor.online\/sk\/wp-json\/wp\/v2\/media?parent=668"}],"wp:term":[{"taxonomy":"product_brand","embeddable":true,"href":"https:\/\/www.experttutor.online\/sk\/wp-json\/wp\/v2\/product_brand?post=668"},{"taxonomy":"product_cat","embeddable":true,"href":"https:\/\/www.experttutor.online\/sk\/wp-json\/wp\/v2\/product_cat?post=668"},{"taxonomy":"product_tag","embeddable":true,"href":"https:\/\/www.experttutor.online\/sk\/wp-json\/wp\/v2\/product_tag?post=668"}],"curies":[{"name":"wp","href":"https:\/\/api.w.org\/{rel}","templated":true}]}}