{"id":684,"date":"2024-01-01T17:49:44","date_gmt":"2024-01-01T17:49:44","guid":{"rendered":"https:\/\/www.experttutor.online\/?post_type=product&#038;p=684"},"modified":"2024-01-05T01:58:52","modified_gmt":"2024-01-05T01:58:52","slug":"taliansky-jazyk-doucovanie-s-ceciliou","status":"publish","type":"product","link":"https:\/\/www.experttutor.online\/sk\/product\/taliansky-jazyk-doucovanie-s-ceciliou\/","title":{"rendered":"Taliansk\u00fd jazyk &#8211; dou\u010dovanie s Cec\u00edliou"},"content":{"rendered":"<p><strong>U\u010dite\u013eka taliansk\u00e9ho jazyka<\/strong>,<\/p>\n<p>ma\u010farsk\u00e9ho jazyka, anglick\u00e9ho jazyka a biol\u00f3gie.<\/p>\n<p><strong>Vekov\u00e1 kateg\u00f3ria dou\u010dovania:<\/strong> 6-99<\/p>\n<p><strong>\u00darove\u0148 v\u00fdu\u010dby:<\/strong> Za\u010diato\u010dn\u00edk a\u017e stredne pokro\u010dil\u00fd<\/p>\n<p><strong>Lokalita v ktorej dou\u010dujem:<\/strong> Galanta, Sl\u00e1dkovi\u010dovo, Sere\u010f, Trnava a Bratislava za pr\u00edplatok<\/p>\n<p><strong>D\u013a\u017eka vyu\u010dovacej hodiny:<\/strong> 60 min. (20 eur), 90 min., (25 eur) pr\u00edpadne pod\u013ea dohody.<\/p>\n<p><strong>Z\u013eavy:<\/strong> 20% pri predplaten\u00ed si minim\u00e1lne 15 hod\u00edn.<\/p>\n<p><strong>Opis dou\u010dovate\u013ea:<\/strong> Som vy\u0161tudovan\u00e1 u\u010dite\u013eka a m\u00e1m sk\u00fasenosti s u\u010den\u00edm jazykov od ukon\u010den\u00ed vysokej \u0161koly (u\u010dila som hlavne popri pr\u00e1ci). Bav\u00ed ma u\u010di\u0165 sa \u010fal\u0161ie jazyky, n\u00e1js\u0165 v nich s\u00favislosti a odovzda\u0165 tieto poznatky mojim \u0161tudentom, aby sa \u013eah\u0161ie nau\u010dili dan\u00fd jazyk. M\u00e1m pozit\u00edvny vz\u0165ah k de\u0165om, no takisto rada u\u010d\u00edm dospel\u00fdch.<\/p>\n<p>Som flexibiln\u00e1, vieme sa dohodn\u00fa\u0165 na term\u00edne dou\u010dovania online. Osobne &#8211; pod\u013ea miesta dou\u010dovania.<\/p>\n<p><strong>T\u00e9my a oblasti dou\u010dovania:<\/strong> Ma\u010far\u010dina, angli\u010dtina a talian\u010dina, na \u00farovni od za\u010diato\u010dn\u00edka po stredne pokro\u010dil\u00fa \u00farove\u0148. Dou\u010dovanie det\u00ed hlavne jazyky, literat\u00fara a biol\u00f3gia.<\/p>\n<p><strong>Forma dou\u010dovania:<\/strong> online (prezen\u010dne v r\u00e1mci Galanty, za pr\u00edplatok aj Bratislava, Trnava, Sere\u010f, Sl\u00e1dkovi\u010dovo, v minim\u00e1lnom rozsahu 2 vyu\u010dovacie hodiny po sebe)<\/p>\n<p><strong>Dou\u010dovanie v jazykoch:<\/strong> Slovensk\u00fd, Anglick\u00fd, Ma\u010farsk\u00fd<\/p>\n<p><strong>Dostupnos\u0165:<\/strong> pondelok a\u017e piatok, 09:00-20:00<\/p>\n","protected":false},"featured_media":705,"comment_status":"open","ping_status":"closed","template":"","meta":[],"product_brand":[],"product_cat":[80,92,52,75,94,99,85],"product_tag":[67,78,96,68,71,72,95,97,69,87],"class_list":{"0":"post-684","1":"product","2":"type-product","3":"status-publish","4":"has-post-thumbnail","6":"product_cat-bratislava","7":"product_cat-galanta","8":"product_cat-jazyky","9":"product_cat-lokalita","10":"product_cat-sered","11":"product_cat-taliansky-jazyk","12":"product_cat-trnava","13":"product_tag-anglictina","14":"product_tag-bratislava","15":"product_tag-galanta","16":"product_tag-madarcina","17":"product_tag-online","18":"product_tag-osobne-doucovanie-u-klienta-doma","19":"product_tag-sered","20":"product_tag-sladkovicovo","21":"product_tag-taliancina","22":"product_tag-trnava","24":"first","25":"instock","26":"virtual","27":"taxable","28":"purchasable","29":"product-type-simple"},"_links":{"self":[{"href":"https:\/\/www.experttutor.online\/sk\/wp-json\/wp\/v2\/product\/684","targetHints":{"allow":["GET"]}}],"collection":[{"href":"https:\/\/www.experttutor.online\/sk\/wp-json\/wp\/v2\/product"}],"about":[{"href":"https:\/\/www.experttutor.online\/sk\/wp-json\/wp\/v2\/types\/product"}],"replies":[{"embeddable":true,"href":"https:\/\/www.experttutor.online\/sk\/wp-json\/wp\/v2\/comments?post=684"}],"wp:featuredmedia":[{"embeddable":true,"href":"https:\/\/www.experttutor.online\/sk\/wp-json\/wp\/v2\/media\/705"}],"wp:attachment":[{"href":"https:\/\/www.experttutor.online\/sk\/wp-json\/wp\/v2\/media?parent=684"}],"wp:term":[{"taxonomy":"product_brand","embeddable":true,"href":"https:\/\/www.experttutor.online\/sk\/wp-json\/wp\/v2\/product_brand?post=684"},{"taxonomy":"product_cat","embeddable":true,"href":"https:\/\/www.experttutor.online\/sk\/wp-json\/wp\/v2\/product_cat?post=684"},{"taxonomy":"product_tag","embeddable":true,"href":"https:\/\/www.experttutor.online\/sk\/wp-json\/wp\/v2\/product_tag?post=684"}],"curies":[{"name":"wp","href":"https:\/\/api.w.org\/{rel}","templated":true}]}}