{"id":748,"date":"2024-01-04T01:03:06","date_gmt":"2024-01-04T01:03:06","guid":{"rendered":"https:\/\/www.experttutor.online\/?post_type=product&#038;p=748"},"modified":"2024-01-04T01:18:59","modified_gmt":"2024-01-04T01:18:59","slug":"matematika-doucovanie-s-kristinou","status":"publish","type":"product","link":"https:\/\/www.experttutor.online\/sk\/product\/matematika-doucovanie-s-kristinou\/","title":{"rendered":"Matematika &#8211; dou\u010dovanie s Krist\u00ednou"},"content":{"rendered":"<p><strong>U\u010dite\u013eka matematiky<\/strong>,<\/p>\n<p>a fyziky<\/p>\n<p><strong>Vekov\u00e1 kateg\u00f3ria dou\u010dovania:<\/strong> z\u00e1kladn\u00e1 a stredn\u00e1 \u0161kola<\/p>\n<p><strong>\u00darove\u0148 v\u00fdu\u010dby:<\/strong> 1. a 2. stupe\u0148 z\u00e1kladn\u00e1 \u0161kola a stredn\u00e1 \u0161kola<\/p>\n<p><strong>Lokalita v ktorej dou\u010dujem: <\/strong>Nov\u00e9 Mesto nad V\u00e1hom<\/p>\n<p><strong>D\u013a\u017eka vyu\u010dovacej hodiny:<\/strong> 60 min.<\/p>\n<p><strong>Z\u013eavy:<\/strong> 10% pri predplaten\u00ed si minim\u00e1lne 10 hod\u00edn. 20% pri predplaten\u00ed si minim\u00e1lne 25 hod\u00edn<\/p>\n<p><strong>Opis dou\u010dovate\u013ea:<\/strong> Som u\u010dite\u013eka matematiky a fyziky. M\u00e1m sk\u00fasenosti s dou\u010dovan\u00edm. \u013dudsk\u00fd pr\u00edstup a snahu pom\u00f4c\u0165.<\/p>\n<p><strong>T\u00e9my a oblasti dou\u010dovania:<\/strong> Dou\u010dujem matematiku. V\u0161etky t\u00e9my z\u00e1kladnej \u0161koly. Od rysovania, cez troj\u010dlenku, percent\u00e1, obsahy a objemy geometrick\u00fdch \u00fatvarov, zlomky, rovnice, mocniny, pytagorovu vetu&#8230;. Rob\u00edm pr\u00edpravu na prij\u00edmacie pohovory na osemro\u010dn\u00e9 gymn\u00e1zia, stredn\u00e9 \u0161koly. \u010ealej pr\u00edpravu na Testovanie. Dou\u010dujem aj t\u00e9my, ktor\u00e9 sa u\u010dia na strednej \u0161kole.<\/p>\n<p><strong>Forma dou\u010dovania:<\/strong> online (prezen\u010dne v r\u00e1mci Nov\u00e9ho Mesta nad V\u00e1hom a okolia, za pr\u00edplatok a v minim\u00e1lnom rozsahu 2 vyu\u010dovac\u00edch hod\u00edn po sebe)<\/p>\n<p><strong>Dou\u010dovanie v jazykoch:<\/strong> Slovensk\u00fd<\/p>\n<p><strong>Dostupnos\u0165:<\/strong> Pondelok a\u017e piatok, 15:00-18:00 po pr\u00edpadnej dohode aj in\u00fd \u010das<\/p>\n","protected":false},"featured_media":746,"comment_status":"open","ping_status":"closed","template":"","meta":[],"product_brand":[],"product_cat":[75,60,115],"product_tag":[70,116,117,71],"class_list":{"0":"post-748","1":"product","2":"type-product","3":"status-publish","4":"has-post-thumbnail","6":"product_cat-lokalita","7":"product_cat-matematika","8":"product_cat-nove-mesto-nad-vahom","9":"product_tag-fyzika","10":"product_tag-matamatika","11":"product_tag-nove-mesto-nad-vahom","12":"product_tag-online","14":"first","15":"instock","16":"virtual","17":"taxable","18":"purchasable","19":"product-type-simple"},"_links":{"self":[{"href":"https:\/\/www.experttutor.online\/sk\/wp-json\/wp\/v2\/product\/748","targetHints":{"allow":["GET"]}}],"collection":[{"href":"https:\/\/www.experttutor.online\/sk\/wp-json\/wp\/v2\/product"}],"about":[{"href":"https:\/\/www.experttutor.online\/sk\/wp-json\/wp\/v2\/types\/product"}],"replies":[{"embeddable":true,"href":"https:\/\/www.experttutor.online\/sk\/wp-json\/wp\/v2\/comments?post=748"}],"wp:featuredmedia":[{"embeddable":true,"href":"https:\/\/www.experttutor.online\/sk\/wp-json\/wp\/v2\/media\/746"}],"wp:attachment":[{"href":"https:\/\/www.experttutor.online\/sk\/wp-json\/wp\/v2\/media?parent=748"}],"wp:term":[{"taxonomy":"product_brand","embeddable":true,"href":"https:\/\/www.experttutor.online\/sk\/wp-json\/wp\/v2\/product_brand?post=748"},{"taxonomy":"product_cat","embeddable":true,"href":"https:\/\/www.experttutor.online\/sk\/wp-json\/wp\/v2\/product_cat?post=748"},{"taxonomy":"product_tag","embeddable":true,"href":"https:\/\/www.experttutor.online\/sk\/wp-json\/wp\/v2\/product_tag?post=748"}],"curies":[{"name":"wp","href":"https:\/\/api.w.org\/{rel}","templated":true}]}}