{"id":790,"date":"2024-01-05T02:46:22","date_gmt":"2024-01-05T02:46:22","guid":{"rendered":"https:\/\/www.experttutor.online\/?post_type=product&#038;p=790"},"modified":"2024-03-06T18:00:40","modified_gmt":"2024-03-06T18:00:40","slug":"biologia-v-anglickom-jazyku-doucovanie-americkou-lektorkou-emily","status":"publish","type":"product","link":"https:\/\/www.experttutor.online\/sk\/product\/biologia-v-anglickom-jazyku-doucovanie-americkou-lektorkou-emily\/","title":{"rendered":"Biol\u00f3gia v anglickom jazyku &#8211; dou\u010dovanie americkou lektorkou Emily"},"content":{"rendered":"<p><strong>U\u010dite\u013eka biol\u00f3gie a anglick\u00e9ho jazyka z USA<\/strong><\/p>\n<p><strong>Vekov\u00e1 kateg\u00f3ria dou\u010dovania:<\/strong> dospel\u00fd<\/p>\n<p><strong>\u00darove\u0148 v\u00fdu\u010dby:<\/strong> v\u0161etky \u00farovne<\/p>\n<p><strong>Lokalita v ktorej dou\u010dujem:<\/strong> Bratislava, Stupava<\/p>\n<p><strong>D\u013a\u017eka vyu\u010dovacej hodiny:<\/strong> 60 min.<\/p>\n<p><strong>Z\u013eavy:<\/strong> 10% pri predplaten\u00ed si minim\u00e1lne 20 hod\u00edn a len konverza\u010dn\u00e9, nie \u0161trukturovan\u00e9 lekcie.<\/p>\n<p><strong>Opis dou\u010dovate\u013ea:<\/strong> Narodila som sa a vyrastala som v Spojen\u00fdch \u0161t\u00e1toch, k\u00fdm som sa nepres\u0165ahoval na Slovensko v roku 2023. M\u00e1m vysoko\u0161kolsk\u00e9 vzdelanie z oblasti biol\u00f3gie aj CELTA a som \u0161\u0165astn\u00e1, \u017ee som ich mohla vyu\u017ei\u0165 na \u017eivobytie. V Bratislave som \u0161\u0165astn\u00e1 a \u010das\u0165 zo svojho \u010dasu tr\u00e1vim vyu\u010dovan\u00edm angli\u010dtiny v s\u00fakromnej jazykovej \u0161kole alebo dou\u010dovan\u00edm online.<\/p>\n<p><strong>T\u00e9my a oblasti dou\u010dovania:<\/strong> V\u00e4\u010d\u0161inou u\u010d\u00edm v\u0161eobecn\u00fa angli\u010dtinu dospel\u00fdch, ale m\u00e1m aj sk\u00fasenosti s vyu\u010dovan\u00edm obchodnej angli\u010dtiny a pom\u00e1ham \u0161tudentom pri pr\u00edprave \u017eivotopisov, ako aj pri prij\u00edmac\u00edch pohovoroch. Vzh\u013eadom na m\u00f4j p\u00f4vod m\u00e1m tie\u017e siln\u00e9 znalosti z oblasti STEM a slovn\u00fa z\u00e1sobu z oblasti biol\u00f3gie a pr\u00edrodn\u00fdch vied.<\/p>\n<p>Na hodin\u00e1ch rada pou\u017e\u00edvam materi\u00e1ly zo skuto\u010dn\u00e9ho \u017eivota, ako s\u00fa vide\u00e1 a aktu\u00e1lne spr\u00e1vy, preto\u017ee vyu\u010dujem \u201eangli\u010dtinu do skuto\u010dn\u00e9ho \u017eivota\u201c, ktor\u00e1 presahuje r\u00e1mec be\u017enej \u0161kolskej v\u00fdu\u010dby. V dospelosti som sa tie\u017e u\u010dila dva cudzie jazyky, tak\u017ee ch\u00e1pem, ako sa moji \u0161tudenti c\u00edtia, ke\u010f maj\u00fa probl\u00e9my, a viem, ako im pom\u00f4c\u0165 uspie\u0165.<\/p>\n<p><strong>Forma dou\u010dovania:<\/strong> online (prezen\u010dne len v r\u00e1mci centra Bratislavy)<\/p>\n<p><strong>Dou\u010dovanie v jazykoch:<\/strong> Anglick\u00fd<\/p>\n<p><strong>Dostupnos\u0165:<\/strong> Pondelok, streda, piatok &#8211; 8:00-20:00<\/p>\n","protected":false},"featured_media":786,"comment_status":"open","ping_status":"closed","template":"","meta":[],"product_brand":[],"product_cat":[63],"product_tag":[67,98,119,71,72,120],"class_list":{"0":"post-790","1":"product","2":"type-product","3":"status-publish","4":"has-post-thumbnail","6":"product_cat-biologia-ekologia-a-prirodne-vedy","7":"product_tag-anglictina","8":"product_tag-biologia","9":"product_tag-native","10":"product_tag-online","11":"product_tag-osobne-doucovanie-u-klienta-doma","12":"product_tag-rodeny-ucitel-anglickeho-jazyka","14":"first","15":"instock","16":"virtual","17":"taxable","18":"purchasable","19":"product-type-simple"},"_links":{"self":[{"href":"https:\/\/www.experttutor.online\/sk\/wp-json\/wp\/v2\/product\/790","targetHints":{"allow":["GET"]}}],"collection":[{"href":"https:\/\/www.experttutor.online\/sk\/wp-json\/wp\/v2\/product"}],"about":[{"href":"https:\/\/www.experttutor.online\/sk\/wp-json\/wp\/v2\/types\/product"}],"replies":[{"embeddable":true,"href":"https:\/\/www.experttutor.online\/sk\/wp-json\/wp\/v2\/comments?post=790"}],"wp:featuredmedia":[{"embeddable":true,"href":"https:\/\/www.experttutor.online\/sk\/wp-json\/wp\/v2\/media\/786"}],"wp:attachment":[{"href":"https:\/\/www.experttutor.online\/sk\/wp-json\/wp\/v2\/media?parent=790"}],"wp:term":[{"taxonomy":"product_brand","embeddable":true,"href":"https:\/\/www.experttutor.online\/sk\/wp-json\/wp\/v2\/product_brand?post=790"},{"taxonomy":"product_cat","embeddable":true,"href":"https:\/\/www.experttutor.online\/sk\/wp-json\/wp\/v2\/product_cat?post=790"},{"taxonomy":"product_tag","embeddable":true,"href":"https:\/\/www.experttutor.online\/sk\/wp-json\/wp\/v2\/product_tag?post=790"}],"curies":[{"name":"wp","href":"https:\/\/api.w.org\/{rel}","templated":true}]}}