{"id":795,"date":"2024-01-06T01:03:13","date_gmt":"2024-01-06T01:03:13","guid":{"rendered":"https:\/\/www.experttutor.online\/?post_type=product&#038;p=795"},"modified":"2024-01-08T14:04:27","modified_gmt":"2024-01-08T14:04:27","slug":"nemecky-jazyk-doucovanie-s-leou","status":"publish","type":"product","link":"https:\/\/www.experttutor.online\/sk\/product\/nemecky-jazyk-doucovanie-s-leou\/","title":{"rendered":"Nemeck\u00fd jazyk &#8211; dou\u010dovanie s Leou"},"content":{"rendered":"<p><strong>U\u010dite\u013eka nemeck\u00e9ho jazyka<\/strong>,<\/p>\n<p>\u0161panielskeho jazyka a psychol\u00f3gie<\/p>\n<p><strong>Vekov\u00e1 kateg\u00f3ria dou\u010dovania:<\/strong> 7-50<\/p>\n<p><strong>\u00darove\u0148 v\u00fdu\u010dby:<\/strong> C1<\/p>\n<p><strong>Lokalita v ktorej dou\u010dujem:<\/strong> online (Poprad)<\/p>\n<p><strong>D\u013a\u017eka vyu\u010dovacej hodiny:<\/strong> 45 min.<\/p>\n<p><strong>Z\u013eavy:<\/strong> 10% pri predplaten\u00ed si minim\u00e1lne 10 hod\u00edn.<\/p>\n<p><strong>Opis dou\u010dovate\u013ea:<\/strong> Dou\u010dujem online cudzie jazyky u\u017e 2 roky. Ako dospel\u00fdch tak aj deti.<\/p>\n<p><strong>T\u00e9my a oblasti dou\u010dovania:<\/strong> Cudzie jazyky &#8211; \u0161paniel\u010dina, nem\u010dina. Dou\u010dovanie prebieha online. Dou\u010dovanie online pozost\u00e1va z konverz\u00e1ci\u00ed, slovnej z\u00e1soby, gramatiky a z\u00e1bavy. Je koncipovan\u00e9 tak, aby sa u\u010diaci nenudil, a aby bola hodina veden\u00e1 atrakt\u00edvne a efekt\u00edvne.<\/p>\n<p>Z\u00e1ujemcovia potrebuj\u00fa \u00faprimn\u00fd z\u00e1ujem a \u010das a energiu nau\u010di\u0165 sa nie\u010do nov\u00e9, pre seba a investova\u0165 tak do seba, ako aj do svojej bud\u00facnosti.<\/p>\n<p><strong>Forma dou\u010dovania:<\/strong> online<\/p>\n<p><strong>Dou\u010dovanie v jazykoch:<\/strong> slovensk\u00fd, nemeck\u00fd, \u0161panielsky<\/p>\n<p><strong>Dostupnos\u0165:<\/strong> Pondelok a\u017e nede\u013ea, 9:00-20:00<\/p>\n","protected":false},"featured_media":792,"comment_status":"open","ping_status":"closed","template":"","meta":[],"product_brand":[],"product_cat":[52,75,58,122,121],"product_tag":[112,113,71,123,125,81,124],"class_list":{"0":"post-795","1":"product","2":"type-product","3":"status-publish","4":"has-post-thumbnail","6":"product_cat-jazyky","7":"product_cat-lokalita","8":"product_cat-nemecky-jazyk","9":"product_cat-online","10":"product_cat-poprad","11":"product_tag-nemcina","12":"product_tag-nemecky-jazyk","13":"product_tag-online","14":"product_tag-porad","15":"product_tag-psychologia","16":"product_tag-spanielcina","17":"product_tag-tatry","19":"first","20":"instock","21":"virtual","22":"taxable","23":"purchasable","24":"product-type-simple"},"_links":{"self":[{"href":"https:\/\/www.experttutor.online\/sk\/wp-json\/wp\/v2\/product\/795","targetHints":{"allow":["GET"]}}],"collection":[{"href":"https:\/\/www.experttutor.online\/sk\/wp-json\/wp\/v2\/product"}],"about":[{"href":"https:\/\/www.experttutor.online\/sk\/wp-json\/wp\/v2\/types\/product"}],"replies":[{"embeddable":true,"href":"https:\/\/www.experttutor.online\/sk\/wp-json\/wp\/v2\/comments?post=795"}],"wp:featuredmedia":[{"embeddable":true,"href":"https:\/\/www.experttutor.online\/sk\/wp-json\/wp\/v2\/media\/792"}],"wp:attachment":[{"href":"https:\/\/www.experttutor.online\/sk\/wp-json\/wp\/v2\/media?parent=795"}],"wp:term":[{"taxonomy":"product_brand","embeddable":true,"href":"https:\/\/www.experttutor.online\/sk\/wp-json\/wp\/v2\/product_brand?post=795"},{"taxonomy":"product_cat","embeddable":true,"href":"https:\/\/www.experttutor.online\/sk\/wp-json\/wp\/v2\/product_cat?post=795"},{"taxonomy":"product_tag","embeddable":true,"href":"https:\/\/www.experttutor.online\/sk\/wp-json\/wp\/v2\/product_tag?post=795"}],"curies":[{"name":"wp","href":"https:\/\/api.w.org\/{rel}","templated":true}]}}