{"id":801,"date":"2024-01-08T13:58:08","date_gmt":"2024-01-08T13:58:08","guid":{"rendered":"https:\/\/www.experttutor.online\/?post_type=product&#038;p=801"},"modified":"2024-01-08T14:03:11","modified_gmt":"2024-01-08T14:03:11","slug":"psychologia-doucovanie-s-leou","status":"publish","type":"product","link":"https:\/\/www.experttutor.online\/sk\/product\/psychologia-doucovanie-s-leou\/","title":{"rendered":"Psychol\u00f3gia &#8211; dou\u010dovanie s Leou"},"content":{"rendered":"<p><strong>U\u010dite\u013eka psychol\u00f3gie<\/strong>,<\/p>\n<p>nemeck\u00e9ho a \u0161panielskeho jazyka<\/p>\n<p><strong>Vekov\u00e1 kateg\u00f3ria dou\u010dovania:<\/strong> 7-50<\/p>\n<p><strong>\u00darove\u0148 v\u00fdu\u010dby:<\/strong> C1<\/p>\n<p><strong>Lokalita v ktorej dou\u010dujem:<\/strong> online (Poprad)<\/p>\n<p><strong>D\u013a\u017eka vyu\u010dovacej hodiny:<\/strong> 45 min.<\/p>\n<p><strong>Z\u013eavy:<\/strong> 10% pri predplaten\u00ed si minim\u00e1lne 10 hod\u00edn.<\/p>\n<p><strong>Opis dou\u010dovate\u013ea:<\/strong> Dou\u010dujem online cudzie jazyky u\u017e 2 roky. Ako dospel\u00fdch tak aj deti.<\/p>\n<p><strong>T\u00e9my a oblasti dou\u010dovania:<\/strong> Cudzie jazyky &#8211; \u0161paniel\u010dina, nem\u010dina. Dou\u010dovanie prebieha online. Dou\u010dovanie online pozost\u00e1va z konverz\u00e1ci\u00ed, slovnej z\u00e1soby, gramatiky a z\u00e1bavy. Je koncipovan\u00e9 tak, aby sa u\u010diaci nenudil, a aby bola hodina veden\u00e1 atrakt\u00edvne a efekt\u00edvne.<\/p>\n<p>Z\u00e1ujemcovia potrebuj\u00fa \u00faprimn\u00fd z\u00e1ujem a \u010das a energiu nau\u010di\u0165 sa nie\u010do nov\u00e9, pre seba a investova\u0165 tak do seba, ako aj do svojej bud\u00facnosti.<\/p>\n<p><strong>Forma dou\u010dovania:<\/strong> online<\/p>\n<p><strong>Dou\u010dovanie v jazykoch:<\/strong> slovensk\u00fd, nemeck\u00fd, \u0161panielsky<\/p>\n<p><strong>Dostupnos\u0165:<\/strong> Pondelok a\u017e nede\u013ea, 9:00-20:00<\/p>\n","protected":false},"featured_media":803,"comment_status":"open","ping_status":"closed","template":"","meta":[],"product_brand":[],"product_cat":[83,75,122,121,126],"product_tag":[128,71,123,125,127,124],"class_list":{"0":"post-801","1":"product","2":"type-product","3":"status-publish","4":"has-post-thumbnail","6":"product_cat-ine","7":"product_cat-lokalita","8":"product_cat-online","9":"product_cat-poprad","10":"product_cat-psychologia","11":"product_tag-nemecky","12":"product_tag-online","13":"product_tag-porad","14":"product_tag-psychologia","15":"product_tag-spanielsky","16":"product_tag-tatry","18":"first","19":"instock","20":"virtual","21":"taxable","22":"purchasable","23":"product-type-simple"},"_links":{"self":[{"href":"https:\/\/www.experttutor.online\/sk\/wp-json\/wp\/v2\/product\/801","targetHints":{"allow":["GET"]}}],"collection":[{"href":"https:\/\/www.experttutor.online\/sk\/wp-json\/wp\/v2\/product"}],"about":[{"href":"https:\/\/www.experttutor.online\/sk\/wp-json\/wp\/v2\/types\/product"}],"replies":[{"embeddable":true,"href":"https:\/\/www.experttutor.online\/sk\/wp-json\/wp\/v2\/comments?post=801"}],"wp:featuredmedia":[{"embeddable":true,"href":"https:\/\/www.experttutor.online\/sk\/wp-json\/wp\/v2\/media\/803"}],"wp:attachment":[{"href":"https:\/\/www.experttutor.online\/sk\/wp-json\/wp\/v2\/media?parent=801"}],"wp:term":[{"taxonomy":"product_brand","embeddable":true,"href":"https:\/\/www.experttutor.online\/sk\/wp-json\/wp\/v2\/product_brand?post=801"},{"taxonomy":"product_cat","embeddable":true,"href":"https:\/\/www.experttutor.online\/sk\/wp-json\/wp\/v2\/product_cat?post=801"},{"taxonomy":"product_tag","embeddable":true,"href":"https:\/\/www.experttutor.online\/sk\/wp-json\/wp\/v2\/product_tag?post=801"}],"curies":[{"name":"wp","href":"https:\/\/api.w.org\/{rel}","templated":true}]}}