{"id":823,"date":"2024-01-11T23:47:03","date_gmt":"2024-01-11T23:47:03","guid":{"rendered":"https:\/\/www.experttutor.online\/?post_type=product&#038;p=823"},"modified":"2024-01-11T23:51:08","modified_gmt":"2024-01-11T23:51:08","slug":"anglicky-jazyk-doucovanie-so-stelou","status":"publish","type":"product","link":"https:\/\/www.experttutor.online\/sk\/product\/anglicky-jazyk-doucovanie-so-stelou\/","title":{"rendered":"Anglick\u00fd jazyk &#8211; dou\u010dovanie so Stelou"},"content":{"rendered":"<p><strong>U\u010dite\u013eka anglick\u00e9ho jazyka<\/strong>,<\/p>\n<p>a slovensk\u00e9ho jazyka.<\/p>\n<p><strong>Vekov\u00e1 kateg\u00f3ria dou\u010dovania:<\/strong> 6- 60<\/p>\n<p><strong>\u00darove\u0148 v\u00fdu\u010dby:<\/strong> Sloven\u010dina A1 &#8211; C2, angli\u010dtina A1-B2<\/p>\n<p><strong>Lokalita v ktorej dou\u010dujem:<\/strong> online<\/p>\n<p><strong>D\u013a\u017eka vyu\u010dovacej hodiny:<\/strong> 45 min\u00fat &#8211; 16\u20ac 60 min\u00fat &#8211; 21\u20ac 90 min\u00fat &#8211; 32\u20ac<\/p>\n<p><strong>Z\u013eavy:<\/strong> Skupinov\u00e9 dou\u010dovanie (max. 3 osoby) &#8211; z\u013eava 10% za ka\u017ed\u00fa osobu<\/p>\n<p><strong>Opis dou\u010dovate\u013ea:<\/strong> Moje meno je Stela a som \u0161tudentkou Univerzity Komensk\u00e9ho v Bratislave s aprob\u00e1ciou u\u010dite\u013estvo slovensk\u00e9ho a anglick\u00e9ho jazyka a literat\u00fary. M\u00e1m p\u00e4\u0165ro\u010dn\u00e9 sk\u00fasenosti s dou\u010dovan\u00edm oboch jazykov. Taktie\u017e sa venujem dou\u010dovaniu sloven\u010diny pre cudzincov. Moment\u00e1lne sa nach\u00e1dzam v Lisabone, kde obojacujem svoje u\u010dite\u013esk\u00e9ho sk\u00fasenosti. Svoje hodiny sa sna\u017e\u00edm individu\u00e1lne prisp\u00f4sobi\u0165, tvor\u00edm ich hravo a z\u00e1bavne. Na u\u010denie jazyka nikdy nie je neskoro \ud83d\ude42<\/p>\n<p><strong>T\u00e9my a oblasti dou\u010dovania:<\/strong> Moje dou\u010dovania slovensk\u00e9ho jazyka s\u00fa doplnkov\u00e9 dou\u010dovania na klasick\u00e9 hodiny, pr\u00edpravy na prij\u00edmacie sk\u00fa\u0161ky, Testovanie 9, ale venujem sa aj dou\u010dovaniu sloven\u010dinu pre cudzincov. Taktie\u017e sa venujem literat\u00fare, ktor\u00e1 sa preber\u00e1 na z\u00e1kladn\u00fdch a stredn\u00fdch \u0161kol\u00e1ch. Hodiny anglick\u00e9ho jazyka s\u00fa zameran\u00e9 na doplnkov\u00e9 dou\u010dovanie na klasick\u00e9 hodiny v z\u00e1kladn\u00fdch a stredn\u00fdch \u0161kol\u00e1ch, konverz\u00e1ciu, p\u00edsanie \u010di \u010d\u00edtanie.<\/p>\n<p><strong>Forma dou\u010dovania:<\/strong> online<\/p>\n<p><strong>Dou\u010dovanie v jazykoch:<\/strong> Slovensk\u00fd, Anglick\u00fd<\/p>\n<p><strong>Dostupnos\u0165:<\/strong> Utorok 9:00 &#8211; 16:00 Streda 9:00 &#8211; 19:30 Piatok 9:00 &#8211; 18:00<\/p>\n","protected":false},"featured_media":825,"comment_status":"open","ping_status":"closed","template":"","meta":[],"product_brand":[],"product_cat":[55,52,122],"product_tag":[67,71,66,64],"class_list":{"0":"post-823","1":"product","2":"type-product","3":"status-publish","4":"has-post-thumbnail","6":"product_cat-anglicky-jazyk","7":"product_cat-jazyky","8":"product_cat-online","9":"product_tag-anglictina","10":"product_tag-online","11":"product_tag-slovencina","12":"product_tag-slovensky-jazyk","14":"first","15":"instock","16":"virtual","17":"taxable","18":"purchasable","19":"product-type-simple"},"_links":{"self":[{"href":"https:\/\/www.experttutor.online\/sk\/wp-json\/wp\/v2\/product\/823","targetHints":{"allow":["GET"]}}],"collection":[{"href":"https:\/\/www.experttutor.online\/sk\/wp-json\/wp\/v2\/product"}],"about":[{"href":"https:\/\/www.experttutor.online\/sk\/wp-json\/wp\/v2\/types\/product"}],"replies":[{"embeddable":true,"href":"https:\/\/www.experttutor.online\/sk\/wp-json\/wp\/v2\/comments?post=823"}],"wp:featuredmedia":[{"embeddable":true,"href":"https:\/\/www.experttutor.online\/sk\/wp-json\/wp\/v2\/media\/825"}],"wp:attachment":[{"href":"https:\/\/www.experttutor.online\/sk\/wp-json\/wp\/v2\/media?parent=823"}],"wp:term":[{"taxonomy":"product_brand","embeddable":true,"href":"https:\/\/www.experttutor.online\/sk\/wp-json\/wp\/v2\/product_brand?post=823"},{"taxonomy":"product_cat","embeddable":true,"href":"https:\/\/www.experttutor.online\/sk\/wp-json\/wp\/v2\/product_cat?post=823"},{"taxonomy":"product_tag","embeddable":true,"href":"https:\/\/www.experttutor.online\/sk\/wp-json\/wp\/v2\/product_tag?post=823"}],"curies":[{"name":"wp","href":"https:\/\/api.w.org\/{rel}","templated":true}]}}