{"id":846,"date":"2024-01-14T16:13:41","date_gmt":"2024-01-14T16:13:41","guid":{"rendered":"https:\/\/www.experttutor.online\/?post_type=product&#038;p=846"},"modified":"2024-01-14T16:17:45","modified_gmt":"2024-01-14T16:17:45","slug":"francuzsky-jazyk-doucovanie-s-olgou","status":"publish","type":"product","link":"https:\/\/www.experttutor.online\/sk\/product\/francuzsky-jazyk-doucovanie-s-olgou\/","title":{"rendered":"Franc\u00fazsky jazyk &#8211; dou\u010dovanie s O\u013egou"},"content":{"rendered":"<p><strong>U\u010dite\u013eka franc\u00fazskeho jazyka<\/strong>,<\/p>\n<p>a anglick\u00e9ho jazyka.<\/p>\n<p><strong>Vekov\u00e1 kateg\u00f3ria dou\u010dovania:<\/strong> deti, teenagori, dospel\u00ed<\/p>\n<p><strong>\u00darove\u0148 v\u00fdu\u010dby: <\/strong>od \u00farovne A1 do \u00farovne\u00a0 B2<\/p>\n<p><strong>Lokalita v ktorej dou\u010dujem:<\/strong> online<\/p>\n<p><strong>D\u013a\u017eka vyu\u010dovacej hodiny:<\/strong>\u00a0 60 min\u00fat<\/p>\n<p><strong>Z\u013eavy:<\/strong> Skupinov\u00e9 dou\u010dovanie (min. 2 osoby) &#8211; z\u013eava na ka\u017ed\u00fa osobu, alebo pri predplaten\u00ed 10 a viac hod\u00edn.<\/p>\n<p><strong>Opis dou\u010dovate\u013ea:<\/strong> Vol\u00e1m sa Olga, m\u00e1m 22 rokov a v tomto pr\u00edspevku chcem pon\u00faknu\u0165 svoje slu\u017eby lektorky\/u\u010dite\u013eky angli\u010dtiny a franc\u00faz\u0161tiny.<br \/>\nStru\u010dne o mojom pozad\u00ed:<br \/>\n&#8211; vy\u0161tudovala som franc\u00fazsku \u0161kolu s vyznamenan\u00edm vo Viedni<br \/>\n&#8211; vy\u0161tudovala som univerzitu vo Franc\u00fazsku na biologickej fakulte<br \/>\n&#8211; Hovor\u00edm franc\u00fazsky, anglicky, rusky a u\u010d\u00edm sa aj \u0161panielsky<br \/>\n&#8211; online v\u00fdu\u010dba franc\u00faz\u0161tiny od roku 2019 pre deti a dospel\u00fdch<br \/>\n&#8211; od tohto roku \u017eijem vo Franc\u00fazsku (Nice) a rob\u00edm si magistersk\u00fd titul z kognit\u00edvnej vedy<\/p>\n<p><strong>T\u00e9my a oblasti dou\u010dovania:<\/strong> Ku ka\u017ed\u00e9mu \u017eiakovi n\u00e1jdem individu\u00e1lny pr\u00edstup a uprav\u00edm mu u\u010divo. Na u\u010denie pou\u017e\u00edvam r\u00f4zne materi\u00e1ly. Dok\u00e1\u017eem pom\u00f4c\u0165 die\u0165a\u0165u s jeho \u0161kolsk\u00fdmi \u00falohami, anglickou a franc\u00fazskou gramatikou a posun\u00fa\u0165 jazyk na nov\u00fa \u00farove\u0148. Pom\u00f4\u017eem dospel\u00fdm hovori\u0165 t\u00fdmto kr\u00e1snym jazykom. Mojou v\u00fdhodou je, \u017ee pozn\u00e1m techniky, ktor\u00e9 funguj\u00fa pri u\u010den\u00ed sa jazykov, preto\u017ee \u0161tudujem kognit\u00edvnu vedu.<br \/>\nPred sk\u00fa\u0161obnou hodinou posielam dotazn\u00edk, aby som lep\u0161ie poznala va\u0161e ciele a pomohla v\u00e1m ich dosiahnu\u0165.<\/p>\n<p><strong>Forma dou\u010dovania:<\/strong> online<\/p>\n<p><strong>Dou\u010dovanie v jazykoch:<\/strong>\u00a0 Anglick\u00fd, Franc\u00fazsky, Rusk\u00fd<\/p>\n<p><strong>Dostupnos\u0165:<\/strong> Pondelok, Utorok, Streda, \u0160tvrtok, Piatok, Sobota, Nede\u013ea: rann\u00e9 alebo ve\u010dern\u00e9 hodiny pod\u013ea dohody.<\/p>\n","protected":false},"featured_media":847,"comment_status":"open","ping_status":"closed","template":"","meta":[],"product_brand":[],"product_cat":[59,52,122],"product_tag":[67,135,134,71,133,132],"class_list":{"0":"post-846","1":"product","2":"type-product","3":"status-publish","4":"has-post-thumbnail","6":"product_cat-francuzsky-jazyk","7":"product_cat-jazyky","8":"product_cat-online","9":"product_tag-anglictina","10":"product_tag-francuzsky-jazyk","11":"product_tag-francuzstina","12":"product_tag-online","13":"product_tag-rusky-jazyk","14":"product_tag-rustina","16":"first","17":"instock","18":"sale","19":"virtual","20":"taxable","21":"purchasable","22":"product-type-simple"},"_links":{"self":[{"href":"https:\/\/www.experttutor.online\/sk\/wp-json\/wp\/v2\/product\/846","targetHints":{"allow":["GET"]}}],"collection":[{"href":"https:\/\/www.experttutor.online\/sk\/wp-json\/wp\/v2\/product"}],"about":[{"href":"https:\/\/www.experttutor.online\/sk\/wp-json\/wp\/v2\/types\/product"}],"replies":[{"embeddable":true,"href":"https:\/\/www.experttutor.online\/sk\/wp-json\/wp\/v2\/comments?post=846"}],"wp:featuredmedia":[{"embeddable":true,"href":"https:\/\/www.experttutor.online\/sk\/wp-json\/wp\/v2\/media\/847"}],"wp:attachment":[{"href":"https:\/\/www.experttutor.online\/sk\/wp-json\/wp\/v2\/media?parent=846"}],"wp:term":[{"taxonomy":"product_brand","embeddable":true,"href":"https:\/\/www.experttutor.online\/sk\/wp-json\/wp\/v2\/product_brand?post=846"},{"taxonomy":"product_cat","embeddable":true,"href":"https:\/\/www.experttutor.online\/sk\/wp-json\/wp\/v2\/product_cat?post=846"},{"taxonomy":"product_tag","embeddable":true,"href":"https:\/\/www.experttutor.online\/sk\/wp-json\/wp\/v2\/product_tag?post=846"}],"curies":[{"name":"wp","href":"https:\/\/api.w.org\/{rel}","templated":true}]}}