{"id":870,"date":"2024-01-17T09:09:26","date_gmt":"2024-01-17T09:09:26","guid":{"rendered":"https:\/\/www.experttutor.online\/?post_type=product&#038;p=870"},"modified":"2024-01-17T09:28:20","modified_gmt":"2024-01-17T09:28:20","slug":"slovensky-jazyk-literatura-doucovanie-s-alenkou","status":"publish","type":"product","link":"https:\/\/www.experttutor.online\/sk\/product\/slovensky-jazyk-literatura-doucovanie-s-alenkou\/","title":{"rendered":"Slovensk\u00fd jazyk literat\u00fara &#8211; dou\u010dovanie s Alenkou"},"content":{"rendered":"<p><strong>U\u010dite\u013eka slovensk\u00e9ho jazyka<\/strong>,<\/p>\n<p><strong>Vekov\u00e1 kateg\u00f3ria dou\u010dovania:<\/strong> bez obmedzen\u00ed<\/p>\n<p><strong>\u00darove\u0148 v\u00fdu\u010dby:<\/strong> 1. a 2. stupe\u0148 Z\u0160<\/p>\n<p><strong>Lokalita v ktorej dou\u010dujem:<\/strong> Rimavsk\u00e1 Sobota &#8211; okolie<\/p>\n<p><strong>D\u013a\u017eka vyu\u010dovacej hodiny:<\/strong>\u00a0 60 min\u00fat<\/p>\n<p><strong>Z\u013eavy:<\/strong> bez zliav<\/p>\n<p><strong>Opis dou\u010dovate\u013ea:<\/strong> Som vy\u0161tudovan\u00e1 u\u010dite\u013eka slovensk\u00e9ho jazyka a dejepisu. Pr\u00e1ca u\u010dite\u013eky je m\u00f4j splnen\u00fd sen. K \u017eiakom pristupujem individu\u00e1lne, na z\u00e1klade ich potrieb. M\u00e1m prax aj s dou\u010dovan\u00edm, u\u010den\u00edm v online priestore. P\u00f4sobila som aj ako u\u010dite\u013eka na Z\u0160. Moment\u00e1lne som na rodi\u010dovskej dovolenke.<\/p>\n<p>Som empatick\u00e1, db\u00e1m na spo\u013eahlivos\u0165 a dochv\u00ed\u013enos\u0165. Moje dou\u010dovania sa sna\u017e\u00edm vies\u0165 v priate\u013eskom duchu, bez stresu.<\/p>\n<p><strong>T\u00e9my a oblasti dou\u010dovania:<\/strong> Venujem sa prim\u00e1rne dou\u010dovaniu slovensk\u00e9ho jazyka. Nezameriavam sa len na niektor\u00e9 konkr\u00e9tne oblasti, dou\u010dujem slovensk\u00fd jazyk komplexne na z\u00e1klade potrieb \u017eiakov. Pod\u013ea potreby \u017eiakov sa zameriame na konkr\u00e9tne oblasti, v ktor\u00fdch potrebuj\u00fa pom\u00f4c\u0165.<\/p>\n<p><strong>Forma dou\u010dovania:<\/strong> online a osobne v okol\u00ed Rimavskej Soboty<\/p>\n<p><strong>Dou\u010dovanie v jazykoch:<\/strong> slovensk\u00fd<\/p>\n<p><strong>Dostupnos\u0165:<\/strong> Pondelok a\u017e sobota. Uprednost\u0148ujem dou\u010dovanie v podve\u010dern\u00fdch hodin\u00e1ch, cca 16:00\/17:00. Presn\u00fd \u010das je najlep\u0161ie dohodn\u00fa\u0165 individu\u00e1lne.<\/p>\n","protected":false},"featured_media":873,"comment_status":"open","ping_status":"closed","template":"","meta":[],"product_brand":[],"product_cat":[52,75,122,141,53],"product_tag":[71,142,66,64],"class_list":{"0":"post-870","1":"product","2":"type-product","3":"status-publish","4":"has-post-thumbnail","6":"product_cat-jazyky","7":"product_cat-lokalita","8":"product_cat-online","9":"product_cat-rimanska-sobota","10":"product_cat-slovensky-jazyk-a-literatura","11":"product_tag-online","12":"product_tag-rimavska-sobota","13":"product_tag-slovencina","14":"product_tag-slovensky-jazyk","16":"first","17":"instock","18":"virtual","19":"taxable","20":"purchasable","21":"product-type-simple"},"_links":{"self":[{"href":"https:\/\/www.experttutor.online\/sk\/wp-json\/wp\/v2\/product\/870","targetHints":{"allow":["GET"]}}],"collection":[{"href":"https:\/\/www.experttutor.online\/sk\/wp-json\/wp\/v2\/product"}],"about":[{"href":"https:\/\/www.experttutor.online\/sk\/wp-json\/wp\/v2\/types\/product"}],"replies":[{"embeddable":true,"href":"https:\/\/www.experttutor.online\/sk\/wp-json\/wp\/v2\/comments?post=870"}],"wp:featuredmedia":[{"embeddable":true,"href":"https:\/\/www.experttutor.online\/sk\/wp-json\/wp\/v2\/media\/873"}],"wp:attachment":[{"href":"https:\/\/www.experttutor.online\/sk\/wp-json\/wp\/v2\/media?parent=870"}],"wp:term":[{"taxonomy":"product_brand","embeddable":true,"href":"https:\/\/www.experttutor.online\/sk\/wp-json\/wp\/v2\/product_brand?post=870"},{"taxonomy":"product_cat","embeddable":true,"href":"https:\/\/www.experttutor.online\/sk\/wp-json\/wp\/v2\/product_cat?post=870"},{"taxonomy":"product_tag","embeddable":true,"href":"https:\/\/www.experttutor.online\/sk\/wp-json\/wp\/v2\/product_tag?post=870"}],"curies":[{"name":"wp","href":"https:\/\/api.w.org\/{rel}","templated":true}]}}