{"id":939,"date":"2024-01-28T22:16:35","date_gmt":"2024-01-28T22:16:35","guid":{"rendered":"https:\/\/www.experttutor.online\/?post_type=product&#038;p=939"},"modified":"2024-02-26T17:30:09","modified_gmt":"2024-02-26T17:30:09","slug":"francuzsky-jazyk-konverzacna-francuzstina-obchodna-francuzstina-doucovanie-s-yohannou","status":"publish","type":"product","link":"https:\/\/www.experttutor.online\/sk\/product\/francuzsky-jazyk-konverzacna-francuzstina-obchodna-francuzstina-doucovanie-s-yohannou\/","title":{"rendered":"Franc\u00fazsky jazyk, konverza\u010dn\u00e1 franc\u00faz\u0161tina, obchodn\u00e1 franc\u00faz\u0161tina &#8211; dou\u010dovanie s Yohanou"},"content":{"rendered":"<p><strong>U\u010dite\u013eka franc\u00fazskeho jazyka<\/strong>,<\/p>\n<p><strong>Vekov\u00e1 kateg\u00f3ria dou\u010dovania:<\/strong> deti od 7 rokov &#8211; dospel\u00ed do 65 rokov<\/p>\n<p><strong>\u00darove\u0148 v\u00fdu\u010dby: <\/strong>od \u00farovne A1 do \u00farovne\u00a0 B2<\/p>\n<p><strong>Lokalita v ktorej dou\u010dujem:<\/strong> online<\/p>\n<p><strong>D\u013a\u017eka vyu\u010dovacej hodiny:<\/strong>\u00a0 60 min\u00fat<\/p>\n<p><strong>Z\u013eavy:<\/strong> Skupinov\u00e9 dou\u010dovanie (min. 2 osoby) &#8211; z\u013eava na ka\u017ed\u00fa osobu, alebo pri predplaten\u00ed 10 a viac hod\u00edn.<\/p>\n<p><strong>Opis dou\u010dovate\u013ea:<\/strong> Ahoj. Vol\u00e1m sa Yohanna a som certifikovan\u00fdm u\u010dite\u013eom franc\u00faz\u0161tiny a roden\u00fdm hovorcom franc\u00faz\u0161tiny. U\u010d\u00edm hodiny franc\u00faz\u0161tiny online pre v\u0161etky \u00farovne a v\u0161etky vekov\u00e9 kateg\u00f3rie. Moji \u0161tudenti s\u00fa v\u00e4\u010d\u0161inou cudzinci, a preto m\u00e1m ve\u013ek\u00fa trpezlivos\u0165 a pochopenie pre \u0161tudentov, ktor\u00ed sa u\u010dia franc\u00faz\u0161tinu ako cudz\u00ed jazyk. Ja ich nes\u00fadim. V skuto\u010dnosti sa im sna\u017e\u00edm \u010do najviac pom\u00e1ha\u0165 na ich ceste za u\u010den\u00edm. Vyu\u010dujem aj obchodn\u00fa franc\u00faz\u0161tinu, konverza\u010dn\u00fa franc\u00faz\u0161tinu. Moje vyu\u010dovacie met\u00f3dy s\u00fa jednoduch\u00e9, interakt\u00edvne a orientovan\u00e9 na v\u00fdsledky. Te\u0161\u00edm sa, \u017ee budete mojimi \u0161tudentmi a \u017ee objav\u00edte fascinuj\u00faci franc\u00fazsky jazyk!<\/p>\n<p><strong>T\u00e9my a oblasti dou\u010dovania:<\/strong> Franc\u00faz\u0161tina pre za\u010diato\u010dn\u00edkov, ako je fonetika, v\u00fdslovnos\u0165, \u010d\u00edsla, dni, \u010das v t\u00fd\u017edni at\u010f., franc\u00fazske pozdravy at\u010f.<br \/>\nU\u010d\u00edm konverza\u010dn\u00fa franc\u00faz\u0161tinu, kde pou\u017e\u00edvam ka\u017edodenn\u00e9 scen\u00e1re\/aktivity s franc\u00fazskymi dial\u00f3gmi. Be\u017en\u00e9 franc\u00fazske fr\u00e1zy, be\u017en\u00e9 franc\u00fazske konverz\u00e1cie.<br \/>\nV\u0161eobecn\u00e1 akademick\u00e1 franc\u00faz\u0161tina<br \/>\nU\u010d\u00edm franc\u00faz\u0161tinu na pohovory,<br \/>\nDou\u010dujem franc\u00faz\u0161tinu (hobby)<br \/>\nU\u010d\u00edm aj obchodn\u00fa franc\u00faz\u0161tinu (na mieru pod\u013ea \u0161tudenta)<br \/>\nCvi\u010dte hovoren\u00fa franc\u00faz\u0161tinu, aby ste z\u00edskali po\u017eadovan\u00fa v\u00fdslovnos\u0165 a franc\u00fazsky pr\u00edzvuk.<br \/>\nRob\u00edm opravn\u00e9 hodiny franc\u00faz\u0161tiny, aby som dohnal \u0165a\u017ek\u00e9 aspekty gramatiky, slovnej z\u00e1soby, slovies.<\/p>\n<p><strong>Forma dou\u010dovania:<\/strong> online<\/p>\n<p><strong>Dou\u010dovanie v jazykoch:<\/strong>\u00a0 \u00a0Franc\u00fazsky<\/p>\n<p><strong>Dostupnos\u0165:<\/strong> Pondelok, Utorok, Streda, \u0160tvrtok, Piatok, Sobota, Nede\u013ea: rann\u00e9 alebo ve\u010dern\u00e9 hodiny pod\u013ea dohody od 8:30 do 21:00<\/p>\n","protected":false},"featured_media":947,"comment_status":"open","ping_status":"closed","template":"","meta":[],"product_brand":[],"product_cat":[59],"product_tag":[135,134,71],"class_list":{"0":"post-939","1":"product","2":"type-product","3":"status-publish","4":"has-post-thumbnail","6":"product_cat-francuzsky-jazyk","7":"product_tag-francuzsky-jazyk","8":"product_tag-francuzstina","9":"product_tag-online","11":"first","12":"instock","13":"virtual","14":"taxable","15":"purchasable","16":"product-type-simple"},"_links":{"self":[{"href":"https:\/\/www.experttutor.online\/sk\/wp-json\/wp\/v2\/product\/939","targetHints":{"allow":["GET"]}}],"collection":[{"href":"https:\/\/www.experttutor.online\/sk\/wp-json\/wp\/v2\/product"}],"about":[{"href":"https:\/\/www.experttutor.online\/sk\/wp-json\/wp\/v2\/types\/product"}],"replies":[{"embeddable":true,"href":"https:\/\/www.experttutor.online\/sk\/wp-json\/wp\/v2\/comments?post=939"}],"wp:featuredmedia":[{"embeddable":true,"href":"https:\/\/www.experttutor.online\/sk\/wp-json\/wp\/v2\/media\/947"}],"wp:attachment":[{"href":"https:\/\/www.experttutor.online\/sk\/wp-json\/wp\/v2\/media?parent=939"}],"wp:term":[{"taxonomy":"product_brand","embeddable":true,"href":"https:\/\/www.experttutor.online\/sk\/wp-json\/wp\/v2\/product_brand?post=939"},{"taxonomy":"product_cat","embeddable":true,"href":"https:\/\/www.experttutor.online\/sk\/wp-json\/wp\/v2\/product_cat?post=939"},{"taxonomy":"product_tag","embeddable":true,"href":"https:\/\/www.experttutor.online\/sk\/wp-json\/wp\/v2\/product_tag?post=939"}],"curies":[{"name":"wp","href":"https:\/\/api.w.org\/{rel}","templated":true}]}}