{"id":945,"date":"2024-01-28T23:48:41","date_gmt":"2024-01-28T23:48:41","guid":{"rendered":"https:\/\/www.experttutor.online\/?post_type=product&#038;p=945"},"modified":"2024-01-29T00:03:32","modified_gmt":"2024-01-29T00:03:32","slug":"anglicky-jazyk-doucovanie-s-dasou","status":"publish","type":"product","link":"https:\/\/www.experttutor.online\/sk\/product\/anglicky-jazyk-doucovanie-s-dasou\/","title":{"rendered":"Anglick\u00fd jazyk &#8211; dou\u010dovanie s Da\u0161ou"},"content":{"rendered":"<p><strong>U\u010dite\u013eka anglick\u00e9ho jazyka<\/strong>,<\/p>\n<p><strong>Vekov\u00e1 kateg\u00f3ria dou\u010dovania:<\/strong> 5 &#8211; 75<\/p>\n<p><strong>\u00darove\u0148 v\u00fdu\u010dby:<\/strong>beginner &#8211; advanced<\/p>\n<p><strong>Lokalita v ktorej dou\u010dujem:<\/strong> online<\/p>\n<p><strong>D\u013a\u017eka vyu\u010dovacej hodiny:<\/strong>\u00a0 60 min\u00fat<\/p>\n<p><strong>Z\u013eavy:<\/strong> -1\u20ac za hodinu pri objednan\u00ed 12h dopredu<\/p>\n<p><strong>Opis dou\u010dovate\u013ea:<\/strong> Ahojte, pon\u00fakam online hodiny angli\u010dtiny. \u017dila som v Anglicku 14 rokov, kde som ukon\u010dila univerzitne \u0161t\u00fadium. M\u00e1m viac ako ro\u010dn\u00e9 sk\u00fasenosti s vyu\u010dovan\u00edm angli\u010dtiny. Pon\u00fakam kurzy pre v\u0161etky vekov\u00e9 kateg\u00f3rie a \u00farovne &#8211; pr\u00edprava na sk\u00fa\u0161ky, konverza\u010dn\u00e9 hodiny na t\u00e9my, ktor\u00e9 V\u00e1s zauj\u00edmaj\u00fa a taktie\u017e business angli\u010dtinu. Kontaktujte ma v pr\u00edpade z\u00e1ujmu.<\/p>\n<p>\u017diaci m\u00f4\u017eu o\u010dak\u00e1va\u0165 f\u00e9rov\u00fd, empatick\u00fd pr\u00edstup po\u010das mojich hod\u00edn. \u010eakujem and I hope you have a nice day!<\/p>\n<p><strong>T\u00e9my a oblasti dou\u010dovania:<\/strong> Business angli\u010dtinu, koverz\u00e1cie na t\u00e9my ktor\u00e9 v\u00e1s zauj\u00edmaj\u00fa, gramatika, listening skills, writing skills<\/p>\n<p><strong>Forma dou\u010dovania:<\/strong> online<\/p>\n<p><strong>Dou\u010dovanie v jazykoch:<\/strong>\u00a0 Anglick\u00fd, Slovensk\u00fd<\/p>\n<p><strong>Dostupnos\u0165:<\/strong>\u00a0 Pondelok &#8211; Piatok: 8:00 &#8211; 19:00<\/p>\n","protected":false},"featured_media":943,"comment_status":"open","ping_status":"closed","template":"","meta":[],"product_brand":[],"product_cat":[55,52,122,143],"product_tag":[139,67,71],"class_list":{"0":"post-945","1":"product","2":"type-product","3":"status-publish","4":"has-post-thumbnail","6":"product_cat-anglicky-jazyk","7":"product_cat-jazyky","8":"product_cat-online","9":"product_cat-slovensko","10":"product_tag-anglicky-jazyk","11":"product_tag-anglictina","12":"product_tag-online","14":"first","15":"instock","16":"virtual","17":"taxable","18":"purchasable","19":"product-type-simple"},"_links":{"self":[{"href":"https:\/\/www.experttutor.online\/sk\/wp-json\/wp\/v2\/product\/945","targetHints":{"allow":["GET"]}}],"collection":[{"href":"https:\/\/www.experttutor.online\/sk\/wp-json\/wp\/v2\/product"}],"about":[{"href":"https:\/\/www.experttutor.online\/sk\/wp-json\/wp\/v2\/types\/product"}],"replies":[{"embeddable":true,"href":"https:\/\/www.experttutor.online\/sk\/wp-json\/wp\/v2\/comments?post=945"}],"wp:featuredmedia":[{"embeddable":true,"href":"https:\/\/www.experttutor.online\/sk\/wp-json\/wp\/v2\/media\/943"}],"wp:attachment":[{"href":"https:\/\/www.experttutor.online\/sk\/wp-json\/wp\/v2\/media?parent=945"}],"wp:term":[{"taxonomy":"product_brand","embeddable":true,"href":"https:\/\/www.experttutor.online\/sk\/wp-json\/wp\/v2\/product_brand?post=945"},{"taxonomy":"product_cat","embeddable":true,"href":"https:\/\/www.experttutor.online\/sk\/wp-json\/wp\/v2\/product_cat?post=945"},{"taxonomy":"product_tag","embeddable":true,"href":"https:\/\/www.experttutor.online\/sk\/wp-json\/wp\/v2\/product_tag?post=945"}],"curies":[{"name":"wp","href":"https:\/\/api.w.org\/{rel}","templated":true}]}}