{"id":963,"date":"2024-02-06T08:51:16","date_gmt":"2024-02-06T08:51:16","guid":{"rendered":"https:\/\/www.experttutor.online\/?post_type=product&#038;p=963"},"modified":"2024-02-06T09:01:16","modified_gmt":"2024-02-06T09:01:16","slug":"francuzsky-jazyk-a1-c2-doucovanie-s-magali","status":"publish","type":"product","link":"https:\/\/www.experttutor.online\/sk\/product\/francuzsky-jazyk-a1-c2-doucovanie-s-magali\/","title":{"rendered":"Franc\u00fazsky jazyk A1-C2 &#8211; dou\u010dovanie s Magali"},"content":{"rendered":"<p><strong>U\u010dite\u013eka franc\u00fazskeho jazyka<\/strong>,<\/p>\n<p><strong>Vekov\u00e1 kateg\u00f3ria dou\u010dovania:<\/strong> Deti, t\u00edned\u017eeri, dospel\u00ed<\/p>\n<p><strong>\u00darove\u0148 v\u00fdu\u010dby: <\/strong>A1-C2<\/p>\n<p><strong>Lokalita v ktorej dou\u010dujem:<\/strong> online<\/p>\n<p><strong>D\u013a\u017eka vyu\u010dovacej hodiny:<\/strong>\u00a0 45 min\u00fat<\/p>\n<p><strong>Z\u013eavy:<\/strong> dohodou<\/p>\n<p><strong>Opis dou\u010dovate\u013ea:<\/strong> Vol\u00e1m sa Magali, som Franc\u00fazka a sk\u00fasen\u00e1 u\u010dite\u013eka franc\u00faz\u0161tiny s viac ako 25-ro\u010dnou praxou. Moj\u00edm hlavn\u00fdm d\u00f4razom pri v\u00fdu\u010dbe je v\u00fdslovnos\u0165, preto\u017ee ver\u00edm, \u017ee spr\u00e1vna v\u00fdslovnos\u0165 je k\u013e\u00fa\u010dom k efekt\u00edvnemu ovl\u00e1daniu cudzieho jazyka. Moj\u00edm cie\u013eom je, aby ste nielen rozumeli franc\u00fazskemu jazyku, ale aby ste sa c\u00edtili pohodlne a isto komunikovali vo franc\u00faz\u0161tine. Som rada, \u017ee sa s vami m\u00f4\u017eem podeli\u0165 o kr\u00e1su a nuansy franc\u00fazskeho jazyka. On y va ? Ideme na to?<\/p>\n<p><strong>T\u00e9my a oblasti dou\u010dovania:<\/strong> v\u0161eobecn\u00e1 franc\u00faz\u0161tina, pr\u00edprava na sk\u00fa\u0161ku, pr\u00edprava na \u0161tudijn\u00fa cestu, franc\u00faz\u0161tina pre cestovn\u00fd ruch<\/p>\n<p>Ak sa naozaj chcete u\u010di\u0165, nau\u010d\u00edte sa! A neexistuj\u00fa \u017eiadne hl\u00fape ot\u00e1zky \ud83d\ude42<\/p>\n<p><strong>Forma dou\u010dovania:<\/strong> online<\/p>\n<p><strong>Dou\u010dovanie v jazykoch:<\/strong> Slovensk\u00fd, Nemeck\u00fd, Franc\u00fazsky<\/p>\n<p><strong>Dostupnos\u0165:<\/strong> Pondelok, Utorok, Streda, \u0160tvrtok, Piatok, Sobota, Nede\u013ea: 7.30-19.00<\/p>\n","protected":false},"featured_media":962,"comment_status":"open","ping_status":"closed","template":"","meta":[],"product_brand":[],"product_cat":[80,59,52,75,122,143],"product_tag":[78,135,134,71],"class_list":{"0":"post-963","1":"product","2":"type-product","3":"status-publish","4":"has-post-thumbnail","6":"product_cat-bratislava","7":"product_cat-francuzsky-jazyk","8":"product_cat-jazyky","9":"product_cat-lokalita","10":"product_cat-online","11":"product_cat-slovensko","12":"product_tag-bratislava","13":"product_tag-francuzsky-jazyk","14":"product_tag-francuzstina","15":"product_tag-online","17":"first","18":"instock","19":"sale","20":"virtual","21":"taxable","22":"purchasable","23":"product-type-simple"},"_links":{"self":[{"href":"https:\/\/www.experttutor.online\/sk\/wp-json\/wp\/v2\/product\/963","targetHints":{"allow":["GET"]}}],"collection":[{"href":"https:\/\/www.experttutor.online\/sk\/wp-json\/wp\/v2\/product"}],"about":[{"href":"https:\/\/www.experttutor.online\/sk\/wp-json\/wp\/v2\/types\/product"}],"replies":[{"embeddable":true,"href":"https:\/\/www.experttutor.online\/sk\/wp-json\/wp\/v2\/comments?post=963"}],"wp:featuredmedia":[{"embeddable":true,"href":"https:\/\/www.experttutor.online\/sk\/wp-json\/wp\/v2\/media\/962"}],"wp:attachment":[{"href":"https:\/\/www.experttutor.online\/sk\/wp-json\/wp\/v2\/media?parent=963"}],"wp:term":[{"taxonomy":"product_brand","embeddable":true,"href":"https:\/\/www.experttutor.online\/sk\/wp-json\/wp\/v2\/product_brand?post=963"},{"taxonomy":"product_cat","embeddable":true,"href":"https:\/\/www.experttutor.online\/sk\/wp-json\/wp\/v2\/product_cat?post=963"},{"taxonomy":"product_tag","embeddable":true,"href":"https:\/\/www.experttutor.online\/sk\/wp-json\/wp\/v2\/product_tag?post=963"}],"curies":[{"name":"wp","href":"https:\/\/api.w.org\/{rel}","templated":true}]}}