{"id":967,"date":"2024-02-06T09:30:31","date_gmt":"2024-02-06T09:30:31","guid":{"rendered":"https:\/\/www.experttutor.online\/?post_type=product&#038;p=967"},"modified":"2024-02-06T09:44:24","modified_gmt":"2024-02-06T09:44:24","slug":"anglicky-jazyk-individualne-doucovanie-s-lenkou","status":"publish","type":"product","link":"https:\/\/www.experttutor.online\/sk\/product\/anglicky-jazyk-individualne-doucovanie-s-lenkou\/","title":{"rendered":"Anglick\u00fd jazyk &#8211; individu\u00e1lne dou\u010dovanie s Lenkou"},"content":{"rendered":"<p><strong>U\u010dite\u013eka anglick\u00e9ho jazyka<\/strong>,<\/p>\n<p><strong>Vekov\u00e1 kateg\u00f3ria dou\u010dovania:<\/strong> v\u0161etky vekov\u00e9 kateg\u00f3rie<\/p>\n<p><strong>\u00darove\u0148 v\u00fdu\u010dby: <\/strong>A1-C2<\/p>\n<p><strong>Lokalita v ktorej dou\u010dujem:<\/strong> online + Poprad, Ke\u017emarok, Spi\u0161sk\u00e1 Nov\u00e1 Ves, Star\u00e1 \u013dubov\u0148a<\/p>\n<p><strong>D\u013a\u017eka vyu\u010dovacej hodiny:<\/strong>\u00a0 30, 45, 60 min\u00fat<\/p>\n<p><strong>Z\u013eavy:<\/strong> do 30% v z\u00e1vyslosti od objednan\u00fdch hod\u00edn<\/p>\n<p><strong>Opis dou\u010dovate\u013ea:<\/strong> Dou\u010dujem angli\u010dtinu 4.\u0161kolsk\u00fd rok. M\u00e1m jazykov\u00fd certifik\u00e1t a \u0161t\u00e1tnicu z prekladate\u013estva &#8211; ANJ. Angli\u010dtine sa venujem cez 20 rokov, t.j. od \u0161k\u00f4lky. \u0160tudovala som v Brne ro\u010dn\u00fd jazykov\u00fd kurz a ukon\u010dila ho CAE certifik\u00e1tom. Roz\u0161irujem si portf\u00f3lio dou\u010dovan\u00ed a pon\u00fakam dou\u010dovanie aj z r\u00f4znych in\u00fdch predmetov.<\/p>\n<p><strong>T\u00e9my a oblasti dou\u010dovania:<\/strong> Anglick\u00fd jazyk &#8211; v\u0161etky \u00farovne, v\u0161etci Z\u0160, S\u0160, odborn\u00e9 predmety<\/p>\n<p><strong>Forma dou\u010dovania:<\/strong> online + osobne<\/p>\n<p><strong>Dou\u010dovanie v jazykoch:<\/strong>\u00a0 Anglick\u00fd, Slovensk\u00fd, Nemeck\u00fd, \u0160panielsk\u00fd<\/p>\n<p><strong>Dostupnos\u0165:<\/strong>\u00a0 Pondelok &#8211; Nede\u013ea: pod\u013ea dohody<\/p>\n","protected":false},"featured_media":966,"comment_status":"open","ping_status":"closed","template":"","meta":[],"product_brand":[],"product_cat":[55,52,144,75,122,121,143,145,146],"product_tag":[139,67,148,71,147,149,150],"class_list":{"0":"post-967","1":"product","2":"type-product","3":"status-publish","4":"has-post-thumbnail","6":"product_cat-anglicky-jazyk","7":"product_cat-jazyky","8":"product_cat-kezmarok","9":"product_cat-lokalita","10":"product_cat-online","11":"product_cat-poprad","12":"product_cat-slovensko","13":"product_cat-spisska-nova-ves","14":"product_cat-stara-lubovna","15":"product_tag-anglicky-jazyk","16":"product_tag-anglictina","17":"product_tag-kezmarok","18":"product_tag-online","19":"product_tag-poprad","20":"product_tag-spisska-nova-ves","21":"product_tag-stara-lubovna","23":"first","24":"instock","25":"sale","26":"virtual","27":"taxable","28":"purchasable","29":"product-type-simple"},"_links":{"self":[{"href":"https:\/\/www.experttutor.online\/sk\/wp-json\/wp\/v2\/product\/967","targetHints":{"allow":["GET"]}}],"collection":[{"href":"https:\/\/www.experttutor.online\/sk\/wp-json\/wp\/v2\/product"}],"about":[{"href":"https:\/\/www.experttutor.online\/sk\/wp-json\/wp\/v2\/types\/product"}],"replies":[{"embeddable":true,"href":"https:\/\/www.experttutor.online\/sk\/wp-json\/wp\/v2\/comments?post=967"}],"wp:featuredmedia":[{"embeddable":true,"href":"https:\/\/www.experttutor.online\/sk\/wp-json\/wp\/v2\/media\/966"}],"wp:attachment":[{"href":"https:\/\/www.experttutor.online\/sk\/wp-json\/wp\/v2\/media?parent=967"}],"wp:term":[{"taxonomy":"product_brand","embeddable":true,"href":"https:\/\/www.experttutor.online\/sk\/wp-json\/wp\/v2\/product_brand?post=967"},{"taxonomy":"product_cat","embeddable":true,"href":"https:\/\/www.experttutor.online\/sk\/wp-json\/wp\/v2\/product_cat?post=967"},{"taxonomy":"product_tag","embeddable":true,"href":"https:\/\/www.experttutor.online\/sk\/wp-json\/wp\/v2\/product_tag?post=967"}],"curies":[{"name":"wp","href":"https:\/\/api.w.org\/{rel}","templated":true}]}}