{"id":975,"date":"2024-02-07T08:44:36","date_gmt":"2024-02-07T08:44:36","guid":{"rendered":"https:\/\/www.experttutor.online\/sk\/?post_type=product&#038;p=975"},"modified":"2024-02-07T09:46:28","modified_gmt":"2024-02-07T09:46:28","slug":"anglicka-rychlohodina-30-min","status":"publish","type":"product","link":"https:\/\/www.experttutor.online\/sk\/product\/anglicka-rychlohodina-30-min\/","title":{"rendered":"Anglick\u00e1 r\u00fdchlohodina 30 min"},"content":{"rendered":"<p>Odkr\u00fdvajte nov\u00e9 horizonty svojich jazykov\u00fdch schopnost\u00ed s na\u0161imi 30-min\u00fatov\u00fdmi online r\u00fdchlohodinami! Na\u0161e kurzy s\u00fa navrhnut\u00e9 tak, aby v\u00e1m poskytli nov\u00fa slovn\u00fa z\u00e1sobu v rozmedz\u00ed 10 a\u017e 30 slov za jedin\u00fa lekciu, v z\u00e1vislosti od va\u0161ej \u00farovne a schopnosti u\u010denia. Pon\u00fakame hodiny v angli\u010dtine aj v ru\u0161tine, \u010d\u00edm umo\u017e\u0148ujeme \u0161tudentom roz\u0161\u00edri\u0165 svoje jazykov\u00e9 obzory a zlep\u0161i\u0165 komunika\u010dn\u00e9 schopnosti v t\u00fdchto dvoch jazykoch. Za cenu len 6,25\u20ac za 30 min\u00fatov\u00fa lekciu m\u00f4\u017eete zlep\u0161i\u0165 svoju slovn\u00fa z\u00e1sobu a posun\u00fa\u0165 svoje jazykov\u00e9 zru\u010dnosti na nov\u00fa \u00farove\u0148. Nechajte sa in\u0161pirova\u0165 a objavte nov\u00e9 slov\u00e1, ktor\u00e9 obohatia va\u0161u schopnos\u0165 vyjadrovania v angli\u010dtine alebo v ru\u0161tine. Pridajte sa k n\u00e1m a za\u010dnite svoju cestu k lep\u0161ej komunik\u00e1cii u\u017e dnes!<\/p>\n","protected":false},"featured_media":977,"comment_status":"open","ping_status":"closed","template":"","meta":[],"product_brand":[],"product_cat":[55,52,122,143],"product_tag":[139,67,71,133,132,151],"class_list":{"0":"post-975","1":"product","2":"type-product","3":"status-publish","4":"has-post-thumbnail","6":"product_cat-anglicky-jazyk","7":"product_cat-jazyky","8":"product_cat-online","9":"product_cat-slovensko","10":"product_tag-anglicky-jazyk","11":"product_tag-anglictina","12":"product_tag-online","13":"product_tag-rusky-jazyk","14":"product_tag-rustina","15":"product_tag-rychlokurz-anglictiny","17":"first","18":"instock","19":"sale","20":"virtual","21":"taxable","22":"purchasable","23":"product-type-simple"},"_links":{"self":[{"href":"https:\/\/www.experttutor.online\/sk\/wp-json\/wp\/v2\/product\/975","targetHints":{"allow":["GET"]}}],"collection":[{"href":"https:\/\/www.experttutor.online\/sk\/wp-json\/wp\/v2\/product"}],"about":[{"href":"https:\/\/www.experttutor.online\/sk\/wp-json\/wp\/v2\/types\/product"}],"replies":[{"embeddable":true,"href":"https:\/\/www.experttutor.online\/sk\/wp-json\/wp\/v2\/comments?post=975"}],"wp:featuredmedia":[{"embeddable":true,"href":"https:\/\/www.experttutor.online\/sk\/wp-json\/wp\/v2\/media\/977"}],"wp:attachment":[{"href":"https:\/\/www.experttutor.online\/sk\/wp-json\/wp\/v2\/media?parent=975"}],"wp:term":[{"taxonomy":"product_brand","embeddable":true,"href":"https:\/\/www.experttutor.online\/sk\/wp-json\/wp\/v2\/product_brand?post=975"},{"taxonomy":"product_cat","embeddable":true,"href":"https:\/\/www.experttutor.online\/sk\/wp-json\/wp\/v2\/product_cat?post=975"},{"taxonomy":"product_tag","embeddable":true,"href":"https:\/\/www.experttutor.online\/sk\/wp-json\/wp\/v2\/product_tag?post=975"}],"curies":[{"name":"wp","href":"https:\/\/api.w.org\/{rel}","templated":true}]}}