{"id":981,"date":"2024-02-07T13:36:06","date_gmt":"2024-02-07T13:36:06","guid":{"rendered":"https:\/\/www.experttutor.online\/?post_type=product&#038;p=981"},"modified":"2024-02-07T13:53:42","modified_gmt":"2024-02-07T13:53:42","slug":"rusky-jazyk-doucovanie-s-lenkou","status":"publish","type":"product","link":"https:\/\/www.experttutor.online\/sk\/product\/rusky-jazyk-doucovanie-s-lenkou\/","title":{"rendered":"Rusk\u00fd jazyk &#8211; dou\u010dovanie s Lenkou"},"content":{"rendered":"<p><strong>U\u010dite\u013eka rusk\u00e9ho jazyka<\/strong>,<\/p>\n<p>a biol\u00f3gie.<\/p>\n<p><strong>Vekov\u00e1 kateg\u00f3ria dou\u010dovania:<\/strong> v\u0161etky vekov\u00e9 kateg\u00f3rie<\/p>\n<p><strong>\u00darove\u0148 v\u00fdu\u010dby: <\/strong>A0-C1<\/p>\n<p><strong>Lokalita v ktorej dou\u010dujem:<\/strong> Hviezdoslavov &#8211; online<\/p>\n<p><strong>D\u013a\u017eka vyu\u010dovacej hodiny:<\/strong>\u00a0 60 min\u00fat<\/p>\n<p><strong>Z\u013eavy:<\/strong>\u00a0 bez zliav<\/p>\n<p><strong>Opis dou\u010dovate\u013ea:<\/strong> Dou\u010dujem s\u00edce iba rok ale za ten \u010das m\u00e1m u\u017e vlastn\u00e9 materi\u00e1ly a ve\u013ea spokojn\u00fdch oh\u013easov M\u00e1m sk\u00fasenos\u0165 aj zo skupinov\u00fdm u\u010den\u00edm dospel\u00fdch aj deti Zvy\u010dajne dou\u010dujem online jednotlivo prisp\u00f4soben\u00e9 potreb\u00e1m klienta , pozit\u00edvnej n\u00e1lade a \u00fasmevom na per\u00e1ch gr\u00e1tis : )<\/p>\n<p>V\u0161etko zvl\u00e1dneme s \u00fasmevom na per\u00e1ch a bez stresu<\/p>\n<p><strong>T\u00e9my a oblasti dou\u010dovania:<\/strong> Pr\u00edpade rusk\u00e9ho jazyka aj biol\u00f3gie m\u00e1m vlastn\u00e9 materi\u00e1ly r\u00f4znych \u00farovniach obtia\u017ee a pod\u013ea veku klientov.<\/p>\n<p><strong>Forma dou\u010dovania:<\/strong> online<\/p>\n<p><strong>Dou\u010dovanie v jazykoch:<\/strong>\u00a0 Slovensk\u00fd, Rusk\u00fd<\/p>\n<p><strong>Dostupnos\u0165:<\/strong>\u00a0 Pondelok a\u017e nede\u013ea: cez t\u00fd\u017ede\u0148 17-20,\u00a0 v\u00edkend 10-21<\/p>\n","protected":false},"featured_media":980,"comment_status":"open","ping_status":"closed","template":"","meta":[],"product_brand":[],"product_cat":[152,52,75,122,140,143],"product_tag":[153,71,133,132],"class_list":{"0":"post-981","1":"product","2":"type-product","3":"status-publish","4":"has-post-thumbnail","6":"product_cat-hviezdoslavov","7":"product_cat-jazyky","8":"product_cat-lokalita","9":"product_cat-online","10":"product_cat-rusky-jazyk","11":"product_cat-slovensko","12":"product_tag-hviezdoslavov","13":"product_tag-online","14":"product_tag-rusky-jazyk","15":"product_tag-rustina","17":"first","18":"instock","19":"virtual","20":"taxable","21":"purchasable","22":"product-type-simple"},"_links":{"self":[{"href":"https:\/\/www.experttutor.online\/sk\/wp-json\/wp\/v2\/product\/981","targetHints":{"allow":["GET"]}}],"collection":[{"href":"https:\/\/www.experttutor.online\/sk\/wp-json\/wp\/v2\/product"}],"about":[{"href":"https:\/\/www.experttutor.online\/sk\/wp-json\/wp\/v2\/types\/product"}],"replies":[{"embeddable":true,"href":"https:\/\/www.experttutor.online\/sk\/wp-json\/wp\/v2\/comments?post=981"}],"wp:featuredmedia":[{"embeddable":true,"href":"https:\/\/www.experttutor.online\/sk\/wp-json\/wp\/v2\/media\/980"}],"wp:attachment":[{"href":"https:\/\/www.experttutor.online\/sk\/wp-json\/wp\/v2\/media?parent=981"}],"wp:term":[{"taxonomy":"product_brand","embeddable":true,"href":"https:\/\/www.experttutor.online\/sk\/wp-json\/wp\/v2\/product_brand?post=981"},{"taxonomy":"product_cat","embeddable":true,"href":"https:\/\/www.experttutor.online\/sk\/wp-json\/wp\/v2\/product_cat?post=981"},{"taxonomy":"product_tag","embeddable":true,"href":"https:\/\/www.experttutor.online\/sk\/wp-json\/wp\/v2\/product_tag?post=981"}],"curies":[{"name":"wp","href":"https:\/\/api.w.org\/{rel}","templated":true}]}}